{"id":19207,"date":"2021-11-29T16:10:17","date_gmt":"2021-11-29T09:10:17","guid":{"rendered":"https:\/\/legiavanphongpham.com\/?post_type=product&#038;p=19207"},"modified":"2021-11-29T16:10:17","modified_gmt":"2021-11-29T09:10:17","slug":"pc-410cd","status":"publish","type":"product","link":"https:\/\/legiavanphongpham.com\/index.php\/product\/pc-410cd\/","title":{"rendered":"PC-410CD"},"content":{"rendered":"<p><strong>V\u1ee5n th\u00e0nh m\u1ea3nh 2.5x15mm<\/strong><\/p>\n<p><strong>C\u00f4ng su\u1ea5t h\u1ee7y (70g A4): 9-11<\/strong><\/p>\n<p>T\u1ed1c \u0111\u1ed9 h\u1ee7y 3.5m\/ph\u00fat<\/p>\n<p>Mi\u1ec7ng c\u1eaft r\u1ed9ng: 220mm<\/p>\n<p><strong>Th\u00f9ng gi\u1ea5y 28L<\/strong><\/p>\n<p>T\u1ef1 kh\u1edfi \u0111\u1ed9ng<\/p>\n<p>Ng\u01b0ng khi k\u1eb9t gi\u1ea5y<\/p>\n<p>Ch\u1ee9c n\u0103ng tr\u1ea3 gi\u1ea5y ng\u01b0\u1ee3c<\/p>\n<p><strong>H\u1ee7y CD\/th\u1ebb t\u1eeb\/kim b\u1ea5m<\/strong><\/p>\n<p>C\u00f3 b\u00e1nh xe di chuy\u1ec3n d\u1ec5 d\u00e0ng<\/p>\n<p>K\u00edch th\u01b0\u1edbc 334x308x635mm<\/p>\n<p><strong><em>B\u1ea3o h\u00e0nh m\u00e1y 02 n\u0103m<\/em><\/strong><\/p>\n","protected":false},"excerpt":{"rendered":"<p>V\u1ee5n th\u00e0nh m\u1ea3nh 2.5x15mm C\u00f4ng su\u1ea5t h\u1ee7y (70g A4): 9-11 T\u1ed1c \u0111\u1ed9 h\u1ee7y 3.5m\/ph\u00fat Mi\u1ec7ng c\u1eaft r\u1ed9ng: 220mm Th\u00f9ng gi\u1ea5y 28L T\u1ef1 kh\u1edfi \u0111\u1ed9ng Ng\u01b0ng khi k\u1eb9t gi\u1ea5y Ch\u1ee9c n\u0103ng tr\u1ea3 gi\u1ea5y ng\u01b0\u1ee3c H\u1ee7y CD\/th\u1ebb t\u1eeb\/kim b\u1ea5m C\u00f3 b\u00e1nh xe di chuy\u1ec3n d\u1ec5 d\u00e0ng K\u00edch th\u01b0\u1edbc 334x308x635mm B\u1ea3o h\u00e0nh m\u00e1y 02 n\u0103m<\/p>\n","protected":false},"featured_media":19208,"comment_status":"open","ping_status":"closed","template":"","meta":[],"product_brand":[],"product_cat":[260],"product_tag":[],"class_list":{"0":"post-19207","1":"product","2":"type-product","3":"status-publish","4":"has-post-thumbnail","6":"product_cat-may-huy-ziba","8":"first","9":"instock","10":"shipping-taxable","11":"purchasable","12":"product-type-simple"},"_links":{"self":[{"href":"https:\/\/legiavanphongpham.com\/index.php\/wp-json\/wp\/v2\/product\/19207","targetHints":{"allow":["GET"]}}],"collection":[{"href":"https:\/\/legiavanphongpham.com\/index.php\/wp-json\/wp\/v2\/product"}],"about":[{"href":"https:\/\/legiavanphongpham.com\/index.php\/wp-json\/wp\/v2\/types\/product"}],"replies":[{"embeddable":true,"href":"https:\/\/legiavanphongpham.com\/index.php\/wp-json\/wp\/v2\/comments?post=19207"}],"wp:featuredmedia":[{"embeddable":true,"href":"https:\/\/legiavanphongpham.com\/index.php\/wp-json\/wp\/v2\/media\/19208"}],"wp:attachment":[{"href":"https:\/\/legiavanphongpham.com\/index.php\/wp-json\/wp\/v2\/media?parent=19207"}],"wp:term":[{"taxonomy":"product_brand","embeddable":true,"href":"https:\/\/legiavanphongpham.com\/index.php\/wp-json\/wp\/v2\/product_brand?post=19207"},{"taxonomy":"product_cat","embeddable":true,"href":"https:\/\/legiavanphongpham.com\/index.php\/wp-json\/wp\/v2\/product_cat?post=19207"},{"taxonomy":"product_tag","embeddable":true,"href":"https:\/\/legiavanphongpham.com\/index.php\/wp-json\/wp\/v2\/product_tag?post=19207"}],"curies":[{"name":"wp","href":"https:\/\/api.w.org\/{rel}","templated":true}]}}