{"id":19472,"date":"2022-10-24T13:46:33","date_gmt":"2022-10-24T06:46:33","guid":{"rendered":"https:\/\/legiavanphongpham.com\/?post_type=product&#038;p=19472"},"modified":"2022-10-24T13:46:33","modified_gmt":"2022-10-24T06:46:33","slug":"bang-keo-dan-nen-soc-vang-den-50mm-x-15-met","status":"publish","type":"product","link":"https:\/\/legiavanphongpham.com\/index.php\/product\/bang-keo-dan-nen-soc-vang-den-50mm-x-15-met\/","title":{"rendered":"B\u0102NG KEO D\u00c1N N\u1ec0N S\u1eccC V\u00c0NG \u0110EN 50MM X 15 M\u00c9T"},"content":{"rendered":"","protected":false},"excerpt":{"rendered":"","protected":false},"featured_media":19473,"comment_status":"open","ping_status":"closed","template":"","meta":[],"product_brand":[],"product_cat":[132],"product_tag":[],"class_list":{"0":"post-19472","1":"product","2":"type-product","3":"status-publish","4":"has-post-thumbnail","6":"product_cat-bang-keo-van-phong","8":"first","9":"instock","10":"shipping-taxable","11":"product-type-simple"},"_links":{"self":[{"href":"https:\/\/legiavanphongpham.com\/index.php\/wp-json\/wp\/v2\/product\/19472","targetHints":{"allow":["GET"]}}],"collection":[{"href":"https:\/\/legiavanphongpham.com\/index.php\/wp-json\/wp\/v2\/product"}],"about":[{"href":"https:\/\/legiavanphongpham.com\/index.php\/wp-json\/wp\/v2\/types\/product"}],"replies":[{"embeddable":true,"href":"https:\/\/legiavanphongpham.com\/index.php\/wp-json\/wp\/v2\/comments?post=19472"}],"wp:featuredmedia":[{"embeddable":true,"href":"https:\/\/legiavanphongpham.com\/index.php\/wp-json\/wp\/v2\/media\/19473"}],"wp:attachment":[{"href":"https:\/\/legiavanphongpham.com\/index.php\/wp-json\/wp\/v2\/media?parent=19472"}],"wp:term":[{"taxonomy":"product_brand","embeddable":true,"href":"https:\/\/legiavanphongpham.com\/index.php\/wp-json\/wp\/v2\/product_brand?post=19472"},{"taxonomy":"product_cat","embeddable":true,"href":"https:\/\/legiavanphongpham.com\/index.php\/wp-json\/wp\/v2\/product_cat?post=19472"},{"taxonomy":"product_tag","embeddable":true,"href":"https:\/\/legiavanphongpham.com\/index.php\/wp-json\/wp\/v2\/product_tag?post=19472"}],"curies":[{"name":"wp","href":"https:\/\/api.w.org\/{rel}","templated":true}]}}