{"id":19475,"date":"2022-10-24T14:11:15","date_gmt":"2022-10-24T07:11:15","guid":{"rendered":"https:\/\/legiavanphongpham.com\/?post_type=product&#038;p=19475"},"modified":"2022-10-24T14:11:15","modified_gmt":"2022-10-24T07:11:15","slug":"ban-lam-viec-chan-sat-hu160","status":"publish","type":"product","link":"https:\/\/legiavanphongpham.com\/index.php\/product\/ban-lam-viec-chan-sat-hu160\/","title":{"rendered":"B\u00c0N L\u00c0M VI\u1ec6C CH\u00c2N S\u1eaeT HU160"},"content":{"rendered":"","protected":false},"excerpt":{"rendered":"<p>B\u00e0n ch\u00e2n s\u1eaft HU160 \u0111\u00e3 \u0111\u01b0\u1ee3c thay th\u1ebf b\u1eb1ng m\u00e3 s\u1ea3n ph\u1ea9m\u00a0B\u00e0n ch\u00e2n s\u1eaft HU160<\/p>\n<h3>T\u00ednh n\u0103ng<\/h3>\n<p>B\u00e0n ch\u00e2n s\u1eaft HU160\u00a0c\u00f3 ch\u00e2n, y\u1ebfm b\u1eb1ng s\u1eaft. M\u1eb7t b\u00e0n g\u1ed7 ph\u1ee7 Laminate, s\u01a1n m\u1ea7u ghi.<br \/>\nS\u1ea3n ph\u1ea9m c\u00f3 th\u1ec3 k\u1ebft h\u1ee3p s\u1eed d\u1ee5ng v\u1edbi c\u00e1c lo\u1ea1i gh\u1ebf v\u0103n ph\u00f2ng, gh\u1ebf xoay, gh\u1ebf l\u01b0\u1edbi\u2026<br \/>\n<strong><em>L\u01b0u \u00fd:<\/em><\/strong>\u00a0Gi\u00e1 ch\u01b0a bao g\u1ed3m h\u1ed9c v\u00e0 khay \u0111\u1ec3 b\u00e0n ph\u00edm.<\/p>\n<h3>Thu\u1ed9c t\u00ednh<\/h3>\n<ul>\n<li>K\u00edch th\u01b0\u1edbc: R\u1ed9ng 1600 \u2013 s\u00e2u 700 \u2013 cao 750<\/li>\n<li>B\u00e0n ch\u00e2n s\u1eaft HU160 ch\u1ea5t li\u1ec7u m\u1eb7t g\u1ed7 ph\u1ee7 laminate, ch\u00e2n y\u1ebfm b\u1eb1ng s\u1eaft<\/li>\n<li>H\u00e3ng s\u1ea3n xu\u1ea5t: N\u1ed9i th\u1ea5t H\u00f2a Ph\u00e1t<\/li>\n<\/ul>\n","protected":false},"featured_media":19476,"comment_status":"open","ping_status":"closed","template":"","meta":[],"product_brand":[],"product_cat":[213],"product_tag":[],"class_list":{"0":"post-19475","1":"product","2":"type-product","3":"status-publish","4":"has-post-thumbnail","6":"product_cat-ban-lam-viec","8":"first","9":"instock","10":"shipping-taxable","11":"product-type-simple"},"_links":{"self":[{"href":"https:\/\/legiavanphongpham.com\/index.php\/wp-json\/wp\/v2\/product\/19475","targetHints":{"allow":["GET"]}}],"collection":[{"href":"https:\/\/legiavanphongpham.com\/index.php\/wp-json\/wp\/v2\/product"}],"about":[{"href":"https:\/\/legiavanphongpham.com\/index.php\/wp-json\/wp\/v2\/types\/product"}],"replies":[{"embeddable":true,"href":"https:\/\/legiavanphongpham.com\/index.php\/wp-json\/wp\/v2\/comments?post=19475"}],"wp:featuredmedia":[{"embeddable":true,"href":"https:\/\/legiavanphongpham.com\/index.php\/wp-json\/wp\/v2\/media\/19476"}],"wp:attachment":[{"href":"https:\/\/legiavanphongpham.com\/index.php\/wp-json\/wp\/v2\/media?parent=19475"}],"wp:term":[{"taxonomy":"product_brand","embeddable":true,"href":"https:\/\/legiavanphongpham.com\/index.php\/wp-json\/wp\/v2\/product_brand?post=19475"},{"taxonomy":"product_cat","embeddable":true,"href":"https:\/\/legiavanphongpham.com\/index.php\/wp-json\/wp\/v2\/product_cat?post=19475"},{"taxonomy":"product_tag","embeddable":true,"href":"https:\/\/legiavanphongpham.com\/index.php\/wp-json\/wp\/v2\/product_tag?post=19475"}],"curies":[{"name":"wp","href":"https:\/\/api.w.org\/{rel}","templated":true}]}}