{"id":19482,"date":"2022-10-24T14:33:50","date_gmt":"2022-10-24T07:33:50","guid":{"rendered":"https:\/\/legiavanphongpham.com\/?post_type=product&#038;p=19482"},"modified":"2022-10-24T14:33:51","modified_gmt":"2022-10-24T07:33:51","slug":"ban-lam-viec-chan-sat-1m2-lc12","status":"publish","type":"product","link":"https:\/\/legiavanphongpham.com\/index.php\/product\/ban-lam-viec-chan-sat-1m2-lc12\/","title":{"rendered":"B\u00c0N L\u00c0M VI\u1ec6C CH\u00c2N S\u1eaeT 1m2 LC12"},"content":{"rendered":"","protected":false},"excerpt":{"rendered":"<h3>M\u00f4 t\u1ea3 s\u1ea3n ph\u1ea9m<\/h3>\n<div class=\"ProductDescriptionContainer\">\n<h2>B\u00e0n l\u00e0m vi\u1ec7c ch\u00e2n s\u1eaft 1m2 LC12<\/h2>\n<p><strong>Ki\u1ec3u D\u00e1ng<\/strong><br \/>\n&#8211; B\u00e0n l\u00e0m vi\u1ec7c ch\u00e2n s\u1eaft m\u1eb7t ch\u1eef nh\u1eadt H\u00f2a Ph\u00e1t<br \/>\n&#8211; Ch\u00e2n th\u00e9p s\u01a1n t\u0129nh \u0111i\u1ec7n<br \/>\n&#8211; Ng\u0103n k\u00e9o nh\u1ecf d\u01b0\u1edbi m\u1eb7t b\u00e0n<br \/>\n&#8211; H\u1ed9c li\u1ec1n b\u00e0n 3 ng\u0103n k\u00e9o<br \/>\n&#8211; B\u00e0n th\u01b0\u1eddng s\u1eed d\u1ee5ng v\u1edbi c\u00e1c lo\u1ea1i\u00a0<strong>gh\u1ebf v\u0103n ph<\/strong><strong>\u00f2ng<\/strong>, gh\u1ebf l\u01b0\u1edbi, gh\u1ebf xoay v\u0103n ph\u00f2ng&#8230;<br \/>\n&#8211; S\u1ea3n ph\u1ea9m\u00a0<strong>b\u00e0n nh\u00e2n vi\u00ean LC12<\/strong>\u00a0s\u1eed d\u1ee5ng cho ph\u00f2ng l\u00e0m vi\u1ec7c nh\u00e2n vi\u00ean t\u1ea1o n\u00ean s\u1ef1 hi\u1ec7n \u0111\u1ea1i cho kh\u00f4ng gian v\u0103n ph\u00f2ng.<strong>\u00a0<\/strong><strong>\u00a0<\/strong><\/p>\n<p><strong>K\u00edch Th\u01b0\u1edbc:<\/strong>\u00a0W1200 x D700 x H750 mm<\/p>\n<p><strong>Ch\u1ea5t li\u1ec7u:<\/strong><br \/>\n&#8211; G\u1ed7 c\u00f4ng nghi\u1ec7p ph\u1ee7 Laminate cao c\u1ea5p<br \/>\n&#8211; Ch\u00e2n b\u1eb1ng Th\u00e9p s\u01a1n t\u0129nh \u0111i\u1ec7n<\/p>\n<p><strong>B\u1ea3o h\u00e0nh:<\/strong>\u00a01 n\u0103m theo ti\u00eau chu\u1ea9n nh\u00e0 m\u00e1y<\/p>\n<p><strong>B\u1ed9 s\u1ea3n ph\u1ea9m ch\u00ednh h\u00e3ng g\u1ed3m:<\/strong><br \/>\n&#8211; S\u1ea3n ph\u1ea9m \u0111i k\u00e8m v\u1edbi h\u01b0\u1edbng d\u1eabn l\u1eafp \u0111\u1eb7t, s\u1eed d\u1ee5ng.<br \/>\n&#8211; Phi\u1ebfu b\u1ea3o h\u00e0nh<\/p>\n<\/div>\n","protected":false},"featured_media":19483,"comment_status":"open","ping_status":"closed","template":"","meta":[],"product_brand":[],"product_cat":[213],"product_tag":[],"class_list":{"0":"post-19482","1":"product","2":"type-product","3":"status-publish","4":"has-post-thumbnail","6":"product_cat-ban-lam-viec","8":"first","9":"instock","10":"shipping-taxable","11":"product-type-simple"},"_links":{"self":[{"href":"https:\/\/legiavanphongpham.com\/index.php\/wp-json\/wp\/v2\/product\/19482","targetHints":{"allow":["GET"]}}],"collection":[{"href":"https:\/\/legiavanphongpham.com\/index.php\/wp-json\/wp\/v2\/product"}],"about":[{"href":"https:\/\/legiavanphongpham.com\/index.php\/wp-json\/wp\/v2\/types\/product"}],"replies":[{"embeddable":true,"href":"https:\/\/legiavanphongpham.com\/index.php\/wp-json\/wp\/v2\/comments?post=19482"}],"wp:featuredmedia":[{"embeddable":true,"href":"https:\/\/legiavanphongpham.com\/index.php\/wp-json\/wp\/v2\/media\/19483"}],"wp:attachment":[{"href":"https:\/\/legiavanphongpham.com\/index.php\/wp-json\/wp\/v2\/media?parent=19482"}],"wp:term":[{"taxonomy":"product_brand","embeddable":true,"href":"https:\/\/legiavanphongpham.com\/index.php\/wp-json\/wp\/v2\/product_brand?post=19482"},{"taxonomy":"product_cat","embeddable":true,"href":"https:\/\/legiavanphongpham.com\/index.php\/wp-json\/wp\/v2\/product_cat?post=19482"},{"taxonomy":"product_tag","embeddable":true,"href":"https:\/\/legiavanphongpham.com\/index.php\/wp-json\/wp\/v2\/product_tag?post=19482"}],"curies":[{"name":"wp","href":"https:\/\/api.w.org\/{rel}","templated":true}]}}