{"id":19496,"date":"2022-10-24T14:49:25","date_gmt":"2022-10-24T07:49:25","guid":{"rendered":"https:\/\/legiavanphongpham.com\/?post_type=product&#038;p=19496"},"modified":"2022-10-24T14:49:26","modified_gmt":"2022-10-24T07:49:26","slug":"hop-muc-85a","status":"publish","type":"product","link":"https:\/\/legiavanphongpham.com\/index.php\/product\/hop-muc-85a\/","title":{"rendered":"H\u1ed8P M\u1ef0C 85A"},"content":{"rendered":"","protected":false},"excerpt":{"rendered":"<div class=\"nks-column-group\">\n<div class=\"nks-block-item nks-type-creative-description nks-custom-full-width nks-custom-text-left-image-right\">\n<div class=\"nks-title\">\n<h2>\u1ef0C IN LASER HP 85A CE285A &#8211; M\u1ef0C IN CH\u1ea4T L\u01af\u1ee2NG<\/h2>\n<\/div>\n<div class=\"nks-block-description-wrapper\">\n<div class=\"nks-images\"><\/div>\n<div class=\"nks-block-description\">\n<p>\u0110\u1ec3 \u0111\u00e1p \u1ee9ng nhu c\u1ea7u s\u1eed d\u1ee5ng nh\u1eefng b\u1ea3n in ch\u1ea5t l\u01b0\u1ee3ng, c\u00f3 \u0111\u1ed9 n\u00e9t cao, th\u01b0\u01a1ng hi\u1ec7u HP \u0111\u00e3 cho s\u1ea3n xu\u1ea5t m\u1ef1c in Laser HP\u00a085A CE285A. M\u1ef1c in Laser HP\u00a085A CE285A \u0111\u01b0\u1ee3c l\u00e0m t\u1eeb ch\u1ea5t li\u1ec7u cao c\u1ea5p n\u00ean m\u1ef1c in c\u00f3 ch\u1ea5t l\u01b0\u1ee3ng r\u1ea5t t\u1ed1t, b\u1ec1n m\u00e0u v\u00e0 kh\u00f4ng b\u1ecb lem hay nh\u00f2e sau khi in.<\/p>\n<\/div>\n<\/div>\n<\/div>\n<\/div>\n<div class=\"nks-column-group\">\n<div class=\"nks-block-item nks-type-key-feature nks-custom-full-width\">\n<div class=\"nks-block-title\">\n<h3>\u0110\u1eb6C \u0110I\u1ec2M N\u1ed4I B\u1eacT<\/h3>\n<\/div>\n<div class=\"nks-block-description-wrapper\">\n<div class=\"nks-block-description\">\n<ul class=\"nks-general-un-order-list\">\n<li>\n<p class=\"nks-list-description\">M\u1ef1c in\u00a0CE285A \u0111\u01b0\u1ee3c l\u00e0m t\u1eeb ch\u1ea5t li\u1ec7u t\u1ed1t n\u00ean r\u1ea5t th\u00e2n thi\u1ec7n v\u1edbi\u00a0m\u00e1y in\u00a0v\u00e0 ng\u01b0\u1eddi s\u1eed d\u1ee5ng<\/p>\n<\/li>\n<li>\n<p class=\"nks-list-description\">L\u00e0 lo\u1ea1i m\u1ef1c ph\u00f9 h\u1ee3p v\u1edbi d\u00f2ng m\u00e1y in HP P1102\/1102W\/1212NF\/M1132<\/p>\n<\/li>\n<li>\n<p class=\"nks-list-description\">C\u00f3 th\u1ec3 in t\u1ed1i \u0111a 1.600 trang v\u1edbi m\u1eadt \u0111\u1ed9 ph\u1ee7 5%<\/p>\n<\/li>\n<li>\n<p class=\"nks-list-description\">T\u1ea1o ra v\u1ed1 s\u1ed1 b\u1ea3n in ch\u1ea5t l\u01b0\u1ee3ng, c\u00f3 \u0111\u1ed9 n\u00e9t cao v\u00e0 kh\u00f4ng phai m\u1edd theo th\u1eddi gian<\/p>\n<\/li>\n<li>\n<p class=\"nks-list-description\">M\u1ef1c in ph\u00f9 h\u1ee3p v\u1edbi t\u1ea5t c\u1ea3 c\u00e1c lo\u1ea1i gi\u1ea5y in kh\u00e1c nhau<\/p>\n<\/li>\n<\/ul>\n<\/div>\n<\/div>\n<\/div>\n<\/div>\n","protected":false},"featured_media":19497,"comment_status":"open","ping_status":"closed","template":"","meta":[],"product_brand":[],"product_cat":[182],"product_tag":[],"class_list":{"0":"post-19496","1":"product","2":"type-product","3":"status-publish","4":"has-post-thumbnail","6":"product_cat-muc-in-laser","8":"first","9":"instock","10":"shipping-taxable","11":"product-type-simple"},"_links":{"self":[{"href":"https:\/\/legiavanphongpham.com\/index.php\/wp-json\/wp\/v2\/product\/19496","targetHints":{"allow":["GET"]}}],"collection":[{"href":"https:\/\/legiavanphongpham.com\/index.php\/wp-json\/wp\/v2\/product"}],"about":[{"href":"https:\/\/legiavanphongpham.com\/index.php\/wp-json\/wp\/v2\/types\/product"}],"replies":[{"embeddable":true,"href":"https:\/\/legiavanphongpham.com\/index.php\/wp-json\/wp\/v2\/comments?post=19496"}],"wp:featuredmedia":[{"embeddable":true,"href":"https:\/\/legiavanphongpham.com\/index.php\/wp-json\/wp\/v2\/media\/19497"}],"wp:attachment":[{"href":"https:\/\/legiavanphongpham.com\/index.php\/wp-json\/wp\/v2\/media?parent=19496"}],"wp:term":[{"taxonomy":"product_brand","embeddable":true,"href":"https:\/\/legiavanphongpham.com\/index.php\/wp-json\/wp\/v2\/product_brand?post=19496"},{"taxonomy":"product_cat","embeddable":true,"href":"https:\/\/legiavanphongpham.com\/index.php\/wp-json\/wp\/v2\/product_cat?post=19496"},{"taxonomy":"product_tag","embeddable":true,"href":"https:\/\/legiavanphongpham.com\/index.php\/wp-json\/wp\/v2\/product_tag?post=19496"}],"curies":[{"name":"wp","href":"https:\/\/api.w.org\/{rel}","templated":true}]}}