{"id":19502,"date":"2022-10-24T14:59:41","date_gmt":"2022-10-24T07:59:41","guid":{"rendered":"https:\/\/legiavanphongpham.com\/?post_type=product&#038;p=19502"},"modified":"2022-10-24T14:59:42","modified_gmt":"2022-10-24T07:59:42","slug":"muc-in-hp-126a-ce310-ce311-ce312-ce313-hop-muc-cho-may-in-mau-hp-cp1025","status":"publish","type":"product","link":"https:\/\/legiavanphongpham.com\/index.php\/product\/muc-in-hp-126a-ce310-ce311-ce312-ce313-hop-muc-cho-may-in-mau-hp-cp1025\/","title":{"rendered":"M\u1ef1c in Hp 126A CE310, CE311, CE312, CE313, H\u1ed9p M\u1ef1c cho m\u00e1y in m\u00e0u Hp CP1025"},"content":{"rendered":"","protected":false},"excerpt":{"rendered":"<div class=\"breadcrumb\"><strong>H\u1ed9p M\u1ef1c m\u00e1y in m\u00e0u Hp CP1025, M\u1ef1c in Hp 126A CE310, CE311, CE312, CE313\u00a0<\/strong><\/div>\n<div class=\"breadcrumb\">\n<p><strong>H\u1ed9p M\u1ef1c m\u00e1y in m\u00e0u Hp CP1025, M\u1ef1c in Hp 126A CE310, CE311, CE312, CE313<\/strong><\/p>\n<ul>\n<li>Lo\u1ea1i m\u1ef1c in: M\u1ef1c in HP Laser m\u00e0u<\/li>\n<li>M\u00e0u s\u1eafc: H\u1ed9p m\u1ef1c m\u00e0u \u0110en, Xanh, \u0110\u1ecf,\u00a0V\u00e0ng<\/li>\n<li>M\u00e3 m\u1ef1c : HP 126A CE310\/ CE311\/ CE312\/ CE313<\/li>\n<li>Lo\u1ea1i m\u00e1y in s\u1eed d\u1ee5ng : HP Cp1025\/ CP1025W<\/li>\n<li>S\u1ed1 lu\u1ee3ng trang in: 1200 trang\/ m\u00e0u \u0111en, 1000 Trang\/ m\u1ef1c m\u00e0u<\/li>\n<\/ul>\n<\/div>\n","protected":false},"featured_media":19503,"comment_status":"open","ping_status":"closed","template":"","meta":[],"product_brand":[],"product_cat":[182],"product_tag":[],"class_list":{"0":"post-19502","1":"product","2":"type-product","3":"status-publish","4":"has-post-thumbnail","6":"product_cat-muc-in-laser","8":"first","9":"instock","10":"shipping-taxable","11":"product-type-simple"},"_links":{"self":[{"href":"https:\/\/legiavanphongpham.com\/index.php\/wp-json\/wp\/v2\/product\/19502","targetHints":{"allow":["GET"]}}],"collection":[{"href":"https:\/\/legiavanphongpham.com\/index.php\/wp-json\/wp\/v2\/product"}],"about":[{"href":"https:\/\/legiavanphongpham.com\/index.php\/wp-json\/wp\/v2\/types\/product"}],"replies":[{"embeddable":true,"href":"https:\/\/legiavanphongpham.com\/index.php\/wp-json\/wp\/v2\/comments?post=19502"}],"wp:featuredmedia":[{"embeddable":true,"href":"https:\/\/legiavanphongpham.com\/index.php\/wp-json\/wp\/v2\/media\/19503"}],"wp:attachment":[{"href":"https:\/\/legiavanphongpham.com\/index.php\/wp-json\/wp\/v2\/media?parent=19502"}],"wp:term":[{"taxonomy":"product_brand","embeddable":true,"href":"https:\/\/legiavanphongpham.com\/index.php\/wp-json\/wp\/v2\/product_brand?post=19502"},{"taxonomy":"product_cat","embeddable":true,"href":"https:\/\/legiavanphongpham.com\/index.php\/wp-json\/wp\/v2\/product_cat?post=19502"},{"taxonomy":"product_tag","embeddable":true,"href":"https:\/\/legiavanphongpham.com\/index.php\/wp-json\/wp\/v2\/product_tag?post=19502"}],"curies":[{"name":"wp","href":"https:\/\/api.w.org\/{rel}","templated":true}]}}