{"id":19506,"date":"2022-10-24T15:05:20","date_gmt":"2022-10-24T08:05:20","guid":{"rendered":"https:\/\/legiavanphongpham.com\/?post_type=product&#038;p=19506"},"modified":"2022-10-24T15:05:20","modified_gmt":"2022-10-24T08:05:20","slug":"muc-in-hp-305a-ce411a-412a-413a","status":"publish","type":"product","link":"https:\/\/legiavanphongpham.com\/index.php\/product\/muc-in-hp-305a-ce411a-412a-413a\/","title":{"rendered":"M\u1ef1c in HP 305A &#8211; CE411A\/412A\/413A"},"content":{"rendered":"","protected":false},"excerpt":{"rendered":"<div class=\"lbl\"><b>M\u00f4 t\u1ea3 s\u1ea3n ph\u1ea9m<\/b><\/div>\n<div class=\"entry\">&#8211; M\u1ef1c ch\u00ednh h\u00e3ng<br \/>\n&#8211; M\u00e3 m\u1ef1c : Colour Cartridge\u00a0CE411A\/CE412A\/CE413A<br \/>\n&#8211; Lo\u1ea1i m\u1ef1c : In laser m\u00e0u Xanh, V\u00e0ng, \u0110\u1ecf<br \/>\n&#8211; Dung l\u01b0\u1ee3ng in : trang \u0111\u1ed9 ph\u1ee7 ti\u00eau chu\u1ea9n 5%<br \/>\n&#8211; C\u00e1c d\u00f2ng m\u00e1y in s\u1eed d\u1ee5ng : +\u00a0HP LaserJet Pro 300 color MFP M375nw\/Pro 400 color MFP M475dn\/ Color Lj M451\/451d\/451dn\/451dw\/451nw<\/div>\n","protected":false},"featured_media":19508,"comment_status":"open","ping_status":"closed","template":"","meta":[],"product_brand":[],"product_cat":[182],"product_tag":[],"class_list":{"0":"post-19506","1":"product","2":"type-product","3":"status-publish","4":"has-post-thumbnail","6":"product_cat-muc-in-laser","8":"first","9":"instock","10":"shipping-taxable","11":"product-type-simple"},"_links":{"self":[{"href":"https:\/\/legiavanphongpham.com\/index.php\/wp-json\/wp\/v2\/product\/19506","targetHints":{"allow":["GET"]}}],"collection":[{"href":"https:\/\/legiavanphongpham.com\/index.php\/wp-json\/wp\/v2\/product"}],"about":[{"href":"https:\/\/legiavanphongpham.com\/index.php\/wp-json\/wp\/v2\/types\/product"}],"replies":[{"embeddable":true,"href":"https:\/\/legiavanphongpham.com\/index.php\/wp-json\/wp\/v2\/comments?post=19506"}],"wp:featuredmedia":[{"embeddable":true,"href":"https:\/\/legiavanphongpham.com\/index.php\/wp-json\/wp\/v2\/media\/19508"}],"wp:attachment":[{"href":"https:\/\/legiavanphongpham.com\/index.php\/wp-json\/wp\/v2\/media?parent=19506"}],"wp:term":[{"taxonomy":"product_brand","embeddable":true,"href":"https:\/\/legiavanphongpham.com\/index.php\/wp-json\/wp\/v2\/product_brand?post=19506"},{"taxonomy":"product_cat","embeddable":true,"href":"https:\/\/legiavanphongpham.com\/index.php\/wp-json\/wp\/v2\/product_cat?post=19506"},{"taxonomy":"product_tag","embeddable":true,"href":"https:\/\/legiavanphongpham.com\/index.php\/wp-json\/wp\/v2\/product_tag?post=19506"}],"curies":[{"name":"wp","href":"https:\/\/api.w.org\/{rel}","templated":true}]}}