{"id":19509,"date":"2022-10-24T15:07:52","date_gmt":"2022-10-24T08:07:52","guid":{"rendered":"https:\/\/legiavanphongpham.com\/?post_type=product&#038;p=19509"},"modified":"2022-10-24T15:07:53","modified_gmt":"2022-10-24T08:07:53","slug":"muc-in-hp-933xl-cn054a-055a-056a","status":"publish","type":"product","link":"https:\/\/legiavanphongpham.com\/index.php\/product\/muc-in-hp-933xl-cn054a-055a-056a\/","title":{"rendered":"M\u1ef1c in HP 933XL &#8211; CN054A\/055A\/056A"},"content":{"rendered":"","protected":false},"excerpt":{"rendered":"<p>&#8211; M\u1ef1c ch\u00ednh h\u00e3ng<br \/>\n&#8211; M\u00e3 m\u1ef1c : \u00a0Cyan InkJet Cartridge CN054A\/055A\/056A<br \/>\n&#8211; Lo\u1ea1i m\u1ef1c : In phun m\u00e0u xanh<br \/>\n&#8211; Dung l\u01b0\u1ee3ng in : 825 trang \u0111\u1ed9 ph\u1ee7 ti\u00eau chu\u1ea9n 5%<br \/>\n&#8211; C\u00e1c d\u00f2ng m\u00e1y in s\u1eed d\u1ee5ng : HP 7110, 761<\/p>\n","protected":false},"featured_media":19510,"comment_status":"open","ping_status":"closed","template":"","meta":[],"product_brand":[],"product_cat":[183],"product_tag":[],"class_list":{"0":"post-19509","1":"product","2":"type-product","3":"status-publish","4":"has-post-thumbnail","6":"product_cat-muc-in-phun","8":"first","9":"instock","10":"shipping-taxable","11":"product-type-simple"},"_links":{"self":[{"href":"https:\/\/legiavanphongpham.com\/index.php\/wp-json\/wp\/v2\/product\/19509","targetHints":{"allow":["GET"]}}],"collection":[{"href":"https:\/\/legiavanphongpham.com\/index.php\/wp-json\/wp\/v2\/product"}],"about":[{"href":"https:\/\/legiavanphongpham.com\/index.php\/wp-json\/wp\/v2\/types\/product"}],"replies":[{"embeddable":true,"href":"https:\/\/legiavanphongpham.com\/index.php\/wp-json\/wp\/v2\/comments?post=19509"}],"wp:featuredmedia":[{"embeddable":true,"href":"https:\/\/legiavanphongpham.com\/index.php\/wp-json\/wp\/v2\/media\/19510"}],"wp:attachment":[{"href":"https:\/\/legiavanphongpham.com\/index.php\/wp-json\/wp\/v2\/media?parent=19509"}],"wp:term":[{"taxonomy":"product_brand","embeddable":true,"href":"https:\/\/legiavanphongpham.com\/index.php\/wp-json\/wp\/v2\/product_brand?post=19509"},{"taxonomy":"product_cat","embeddable":true,"href":"https:\/\/legiavanphongpham.com\/index.php\/wp-json\/wp\/v2\/product_cat?post=19509"},{"taxonomy":"product_tag","embeddable":true,"href":"https:\/\/legiavanphongpham.com\/index.php\/wp-json\/wp\/v2\/product_tag?post=19509"}],"curies":[{"name":"wp","href":"https:\/\/api.w.org\/{rel}","templated":true}]}}