{"id":19521,"date":"2022-10-24T15:23:38","date_gmt":"2022-10-24T08:23:38","guid":{"rendered":"https:\/\/legiavanphongpham.com\/?post_type=product&#038;p=19521"},"modified":"2022-10-24T15:23:39","modified_gmt":"2022-10-24T08:23:39","slug":"bo-lau-nha-360-do-hoan-my","status":"publish","type":"product","link":"https:\/\/legiavanphongpham.com\/index.php\/product\/bo-lau-nha-360-do-hoan-my\/","title":{"rendered":"B\u1ed8 LAU NH\u00c0 360 \u0110\u1ed8 HO\u00c0N M\u1ef8"},"content":{"rendered":"","protected":false},"excerpt":{"rendered":"<h3>B\u1ed8 LAU S\u00c0N HO\u00c0N M\u1ef8 \u2013 TH\u00d4NG TIN TH\u00caM<\/h3>\n<p><strong>Quy c\u00e1ch:<\/strong>\u00a0\u0111\u00f3ng g\u00f3i ri\u00eang bi\u1ec7t.<\/p>\n<p><strong>Xu\u1ea5t x\u1ee9:\u00a0<\/strong>Vi\u1ec7t Nam<\/p>\n<p><strong>\u0110\u01a1n v\u1ecb t\u00ednh<\/strong>: B\u1ed9<\/p>\n<p><strong>M\u00e0u s\u1eafc:<\/strong>\u00a0Nhi\u1ec1u t\u00f4ng m\u00e0u kh\u00e1c nhau, giao kh\u00e1ch m\u00e0u ng\u1eabu nhi\u00ean<\/p>\n<p><strong>C\u00f4ng d\u1ee5ng:<\/strong>\u00a0D\u00f9ng \u0111\u1ec3 lau s\u00e0n nh\u00e0, n\u1ec1n nh\u00e0 l\u00e1t g\u1ea1ch, \u0111\u00e1 hoa m\u1ed9t c\u00e1ch ti\u1ec7n l\u1ee3i.<\/p>\n<p><strong>\u0110\u1ed1i t\u01b0\u1ee3ng s\u1eed d\u1ee5ng:<\/strong>\u00a0Lao c\u00f4ng, nh\u00e2n vi\u00ean v\u1ec7 sinh, n\u1ed9i tr\u1ee3, ng\u01b0\u1eddi gi\u00fap vi\u1ec7c\u2026<\/p>\n<p><strong>Ph\u00e2n lo\u1ea1i s\u1ea3n ph\u1ea9m<\/strong>: Trung c\u1ea5p<\/p>\n<p><strong>Nh\u00f3m s\u1ea3n ph\u1ea9m<\/strong>: \u0110\u1ed3 d\u00f9ng v\u0103n ph\u00f2ng<\/p>\n<p><strong>B\u1ea3o h\u00e0nh:<\/strong>\u00a07 ng\u00e0y \u0111\u1ed5i tr\u1ea3<\/p>\n<p><strong>M\u1ee9c \u0111\u1ed9 an to\u00e0n:<\/strong>\u00a0B\u1ed9 lau nh\u00e0 kh\u00f4ng ch\u1ee9a ch\u1ea5t \u0111\u1ed9c h\u1ea1i, an to\u00e0n v\u1edbi ng\u01b0\u1eddi s\u1eed d\u1ee5ng.<\/p>\n<p><strong>Thu\u1eadt ng\u1eef chuy\u00ean m\u00f4n:<\/strong>\u00a0Th\u01b0\u1eddng g\u1ecdi l\u00e0 b\u1ed9 lau nh\u00e0, b\u1ed9 d\u1ee5ng c\u1ee5 lau s\u00e0n\u2026ti\u1ebfng Anh l\u00e0 Floor Cleaning Mop Set.<\/p>\n<h4>B\u1ea3o qu\u1ea3n:<\/h4>\n<p>B\u1ea3o qu\u1ea3n b\u1ed9 lau nh\u00e0 n\u01a1i tho\u00e1ng m\u00e1t. tr\u00e1nh ti\u1ebfp x\u00fac v\u1edbi ngu\u1ed3n nhi\u1ec7t cao, n\u01a1i nhi\u1ec1u d\u1ea7u m\u1ee1<\/p>\n<p>C\u00f4ng ty TNHH V\u0103n ph\u00f2ng ph\u1ea9m L\u00ca GIA cung c\u1ea5p c\u00e1c lo\u1ea1i b\u1ed9 lau nh\u00e0, dung d\u1ecbch lau s\u00e0n\u2026 v\u1edbi c\u00e1c k\u00edch c\u1ee1, m\u1eabu m\u00e3 kh\u00e1c nhau, ch\u00fang t\u00f4i \u0111\u00e3 ch\u1ecdn l\u1ecdc nh\u1eefng s\u1ea3n ph\u1ea9m ch\u1ea5t l\u01b0\u1ee3ng v\u00e0 \u0111\u01b0\u1ee3c th\u1ecb tr\u01b0\u1eddng \u01b0a chu\u1ed9ng theo ph\u01b0\u01a1ng ch\u00e2m \u201cGi\u00e1 c\u1ea3 c\u1ea1nh tranh \u2013 D\u1ecbch v\u1ee5 xu\u1ea5t s\u1eafc\u201d. T\u00f9y theo nhu c\u1ea7u s\u1eed d\u1ee5ng, ch\u00fang t\u00f4i s\u1ebd t\u01b0 v\u1ea5n cho Qu\u00fd kh\u00e1ch c\u00e1c lo\u1ea1i\u00a0 lau nh\u00e0 ph\u00f9 h\u1ee3p,. V\u1eeba tr\u00e1nh l\u00e3ng ph\u00ed v\u1eeba \u0111\u1ea3m b\u1ea3o c\u00e1c y\u00eau c\u1ea7u v\u1ec1 k\u00edch th\u01b0\u1edbc, \u0111\u1ed9 b\u1ec1n, m\u1ee5c \u0111\u00edch s\u1eed d\u1ee5ng v\u00e0 c\u00e1c y\u00eau c\u1ea7u kh\u00e1c nh\u01b0 t\u00ednh an to\u00e0n, th\u1ea9m m\u0129\u2026<\/p>\n","protected":false},"featured_media":19522,"comment_status":"open","ping_status":"closed","template":"","meta":[],"product_brand":[],"product_cat":[138],"product_tag":[],"class_list":{"0":"post-19521","1":"product","2":"type-product","3":"status-publish","4":"has-post-thumbnail","6":"product_cat-dung-cu-ve-sinh","8":"first","9":"instock","10":"shipping-taxable","11":"product-type-simple"},"_links":{"self":[{"href":"https:\/\/legiavanphongpham.com\/index.php\/wp-json\/wp\/v2\/product\/19521","targetHints":{"allow":["GET"]}}],"collection":[{"href":"https:\/\/legiavanphongpham.com\/index.php\/wp-json\/wp\/v2\/product"}],"about":[{"href":"https:\/\/legiavanphongpham.com\/index.php\/wp-json\/wp\/v2\/types\/product"}],"replies":[{"embeddable":true,"href":"https:\/\/legiavanphongpham.com\/index.php\/wp-json\/wp\/v2\/comments?post=19521"}],"wp:featuredmedia":[{"embeddable":true,"href":"https:\/\/legiavanphongpham.com\/index.php\/wp-json\/wp\/v2\/media\/19522"}],"wp:attachment":[{"href":"https:\/\/legiavanphongpham.com\/index.php\/wp-json\/wp\/v2\/media?parent=19521"}],"wp:term":[{"taxonomy":"product_brand","embeddable":true,"href":"https:\/\/legiavanphongpham.com\/index.php\/wp-json\/wp\/v2\/product_brand?post=19521"},{"taxonomy":"product_cat","embeddable":true,"href":"https:\/\/legiavanphongpham.com\/index.php\/wp-json\/wp\/v2\/product_cat?post=19521"},{"taxonomy":"product_tag","embeddable":true,"href":"https:\/\/legiavanphongpham.com\/index.php\/wp-json\/wp\/v2\/product_tag?post=19521"}],"curies":[{"name":"wp","href":"https:\/\/api.w.org\/{rel}","templated":true}]}}