{"id":19523,"date":"2022-10-24T15:25:43","date_gmt":"2022-10-24T08:25:43","guid":{"rendered":"https:\/\/legiavanphongpham.com\/?post_type=product&#038;p=19523"},"modified":"2022-10-24T15:25:43","modified_gmt":"2022-10-24T08:25:43","slug":"bo-lau-nha-360-do-tran-thuc","status":"publish","type":"product","link":"https:\/\/legiavanphongpham.com\/index.php\/product\/bo-lau-nha-360-do-tran-thuc\/","title":{"rendered":"B\u1ed8 LAU NH\u00c0 360 \u0110\u1ed8 TR\u1ea6N TH\u1ee8C"},"content":{"rendered":"","protected":false},"excerpt":{"rendered":"<p><strong>B\u1ed8 LAU NH\u00c0 360 TR\u1ea6N TH\u1ee8C<\/strong><\/p>\n<p><strong>\u0110\u00f3ng g\u00f3i g\u1ed3m: Th\u00f9ng lau nh\u00e0, c\u00e2y lau nh\u00e0 xoay 360 \u0111\u1ed9, 2 b\u00f4ng lau nh\u00e0.<\/strong><\/p>\n<p><strong>\u0110\u01a1n v\u1ecb t\u00ednh: b\u1ed9\u00a0<\/strong><\/p>\n<p><strong>Xu\u1ea5t x\u1ee9: Vi\u1ec7t Nam<\/strong><\/p>\n<p><strong>Th\u01b0\u01a1ng hi\u1ec7u: Tr\u1ea7n Th\u1ee9c<\/strong><\/p>\n","protected":false},"featured_media":19524,"comment_status":"open","ping_status":"closed","template":"","meta":[],"product_brand":[],"product_cat":[138],"product_tag":[],"class_list":{"0":"post-19523","1":"product","2":"type-product","3":"status-publish","4":"has-post-thumbnail","6":"product_cat-dung-cu-ve-sinh","8":"first","9":"instock","10":"shipping-taxable","11":"product-type-simple"},"_links":{"self":[{"href":"https:\/\/legiavanphongpham.com\/index.php\/wp-json\/wp\/v2\/product\/19523","targetHints":{"allow":["GET"]}}],"collection":[{"href":"https:\/\/legiavanphongpham.com\/index.php\/wp-json\/wp\/v2\/product"}],"about":[{"href":"https:\/\/legiavanphongpham.com\/index.php\/wp-json\/wp\/v2\/types\/product"}],"replies":[{"embeddable":true,"href":"https:\/\/legiavanphongpham.com\/index.php\/wp-json\/wp\/v2\/comments?post=19523"}],"wp:featuredmedia":[{"embeddable":true,"href":"https:\/\/legiavanphongpham.com\/index.php\/wp-json\/wp\/v2\/media\/19524"}],"wp:attachment":[{"href":"https:\/\/legiavanphongpham.com\/index.php\/wp-json\/wp\/v2\/media?parent=19523"}],"wp:term":[{"taxonomy":"product_brand","embeddable":true,"href":"https:\/\/legiavanphongpham.com\/index.php\/wp-json\/wp\/v2\/product_brand?post=19523"},{"taxonomy":"product_cat","embeddable":true,"href":"https:\/\/legiavanphongpham.com\/index.php\/wp-json\/wp\/v2\/product_cat?post=19523"},{"taxonomy":"product_tag","embeddable":true,"href":"https:\/\/legiavanphongpham.com\/index.php\/wp-json\/wp\/v2\/product_tag?post=19523"}],"curies":[{"name":"wp","href":"https:\/\/api.w.org\/{rel}","templated":true}]}}