{"id":19525,"date":"2022-10-24T15:27:43","date_gmt":"2022-10-24T08:27:43","guid":{"rendered":"https:\/\/legiavanphongpham.com\/?post_type=product&#038;p=19525"},"modified":"2022-10-24T15:27:43","modified_gmt":"2022-10-24T08:27:43","slug":"cay-lau-sieu-sach-microfiber","status":"publish","type":"product","link":"https:\/\/legiavanphongpham.com\/index.php\/product\/cay-lau-sieu-sach-microfiber\/","title":{"rendered":"C\u00e2y lau Si\u00eau s\u1ea1ch Microfiber"},"content":{"rendered":"","protected":false},"excerpt":{"rendered":"<h3>CHI TI\u1ebeT S\u1ea2N PH\u1ea8M<\/h3>\n<hr \/>\n<p><em><b>1\u00a0<\/b>T\u1ea5m lau:\u00a0Si\u00eau s\u1ea1ch lo\u1ea1i si\u00eau m\u1ecbn<\/em><\/p>\n<p><em>2 K\u00edch th\u01b0\u1edbc b\u1ea3n lau: 45cm x 13cm<\/em><\/p>\n<p><em>3 Ki\u1ec3u \u0110\u1ebf: \u0110\u1ebf C\u00e0i hai b\u00ean T\u1ea5m<\/em><\/p>\n<p><em>4 C\u00e1n T\u0103ng \u0111\u01a1 22\/19:\u00a0<\/em><\/p>\n<p><em>\u00a0 K\u00e9o d\u00e0i 145 cm; thu ng\u1eafn 70cm<\/em><\/p>\n<p>V\u1edbi h\u00e0ng ng\u00e0n c\u00f4ng vi\u1ec7c ph\u1ea3i gi\u1ea3i quy\u1ebft m\u1ed7i \u00a0ng\u00e0y, qu\u1ef9 th\u1eddi gian c\u1ee7a ch\u00fang ta d\u1ea7n tr\u1edf n\u00ean eo h\u1eb9p. Tuy nhi\u00ean, ng\u01b0\u1eddi ph\u1ee5 n\u1eef khi v\u1ec1 nh\u00e0 v\u1eabn ph\u1ea3i<\/p>\n<p>d\u00e0nh nhi\u1ec1u th\u1eddi gian cho vi\u1ec7c d\u1ecdn d\u1eb9p nh\u00e0 c\u1eeda. C\u00e2y Lau nh\u00e0 Homeinno ra \u0111\u1eddi nh\u1eb1m tr\u1ee3 gi\u00fap trong vi\u1ec7c lau d\u1ecdn v\u1ec7 sinh, gi\u00fap ch\u00fang ta c\u00f3 th\u1ec3 d\u00e0nh<\/p>\n<p>nhi\u1ec1u th\u1eddi gian cho nh\u1eefng vi\u1ec7c kh\u00e1c quan tr\u1ecdng h\u01a1n.<\/p>\n<p><strong>\u00a0C\u00e2y lau nh\u00e0 si\u00eau s\u1ea1ch Homeinno ki\u1ec3u \u00c1o 45cm, s\u1ee3i Xo\u1eafn.<\/strong><\/p>\n<p><span class=\"grid sDes\">&#8211; K\u00edch th\u01b0\u1edbc t\u1ea5m lau: 45cm x 13cm.<\/span><\/p>\n","protected":false},"featured_media":19526,"comment_status":"open","ping_status":"closed","template":"","meta":[],"product_brand":[],"product_cat":[138],"product_tag":[],"class_list":{"0":"post-19525","1":"product","2":"type-product","3":"status-publish","4":"has-post-thumbnail","6":"product_cat-dung-cu-ve-sinh","8":"first","9":"instock","10":"shipping-taxable","11":"product-type-simple"},"_links":{"self":[{"href":"https:\/\/legiavanphongpham.com\/index.php\/wp-json\/wp\/v2\/product\/19525","targetHints":{"allow":["GET"]}}],"collection":[{"href":"https:\/\/legiavanphongpham.com\/index.php\/wp-json\/wp\/v2\/product"}],"about":[{"href":"https:\/\/legiavanphongpham.com\/index.php\/wp-json\/wp\/v2\/types\/product"}],"replies":[{"embeddable":true,"href":"https:\/\/legiavanphongpham.com\/index.php\/wp-json\/wp\/v2\/comments?post=19525"}],"wp:featuredmedia":[{"embeddable":true,"href":"https:\/\/legiavanphongpham.com\/index.php\/wp-json\/wp\/v2\/media\/19526"}],"wp:attachment":[{"href":"https:\/\/legiavanphongpham.com\/index.php\/wp-json\/wp\/v2\/media?parent=19525"}],"wp:term":[{"taxonomy":"product_brand","embeddable":true,"href":"https:\/\/legiavanphongpham.com\/index.php\/wp-json\/wp\/v2\/product_brand?post=19525"},{"taxonomy":"product_cat","embeddable":true,"href":"https:\/\/legiavanphongpham.com\/index.php\/wp-json\/wp\/v2\/product_cat?post=19525"},{"taxonomy":"product_tag","embeddable":true,"href":"https:\/\/legiavanphongpham.com\/index.php\/wp-json\/wp\/v2\/product_tag?post=19525"}],"curies":[{"name":"wp","href":"https:\/\/api.w.org\/{rel}","templated":true}]}}