{"id":19527,"date":"2022-10-24T15:30:05","date_gmt":"2022-10-24T08:30:05","guid":{"rendered":"https:\/\/legiavanphongpham.com\/?post_type=product&#038;p=19527"},"modified":"2022-10-24T15:30:06","modified_gmt":"2022-10-24T08:30:06","slug":"cay-lau-nha-cong-nghiep-sieu-sach","status":"publish","type":"product","link":"https:\/\/legiavanphongpham.com\/index.php\/product\/cay-lau-nha-cong-nghiep-sieu-sach\/","title":{"rendered":"C\u00c2Y LAU NH\u00c0 C\u00d4NG NGHI\u1ec6P SI\u00caU S\u1ea0CH"},"content":{"rendered":"","protected":false},"excerpt":{"rendered":"<p>Xu\u1ea5t x\u1ee9: h\u00e0ng Vi\u1ec7t Nam<\/p>\n<p>Bao g\u1ed3m: c\u00e1n, khung v\u00e0 gi\u1ebb<\/p>\n<p>\u2013 Ch\u1ea5t li\u1ec7u:<\/p>\n<p>+ C\u00e1n\u00a0b\u1eb1ng inox, \u0111\u1ea7u k\u1eb9p\u00a0nh\u1ef1a<\/p>\n<p>+ Khung gi\u1ebb\u00a0nh\u1ef1a t\u1ed1i<\/p>\n<p>+ Gi\u1ebb b\u1eb1ng s\u1ee3i\u00a0S\u1ee3i Microfiber m\u1ec1m, s\u1ee3i cattong<\/p>\n<p>\u2013 K\u00edch th\u01b0\u1edbc:<\/p>\n<p>+C\u00e1n: d\u00e0i 1,5m<\/p>\n<p>+ Gi\u1ebb : (L)450mm x (H) 150 mm<\/p>\n<p>+ Gi\u1ebb : (L)600mm x (H) 150 mm<\/p>\n<p>+ Gi\u1ebb : (L)900mm x (H) 150 mm<\/p>\n<p>C\u00f3 hai ki\u1ec3u gi\u1ebb lau nh\u00e0,\u00a0<strong>gi\u1ebb san h\u00f4<\/strong>\u00a0v\u00e0 gi\u1ebb c\u00f4ng nghi\u1ec7p b\u1eb1ng s\u1ee3i cottong<\/p>\n","protected":false},"featured_media":19528,"comment_status":"open","ping_status":"closed","template":"","meta":[],"product_brand":[],"product_cat":[138],"product_tag":[],"class_list":{"0":"post-19527","1":"product","2":"type-product","3":"status-publish","4":"has-post-thumbnail","6":"product_cat-dung-cu-ve-sinh","8":"first","9":"instock","10":"shipping-taxable","11":"product-type-simple"},"_links":{"self":[{"href":"https:\/\/legiavanphongpham.com\/index.php\/wp-json\/wp\/v2\/product\/19527","targetHints":{"allow":["GET"]}}],"collection":[{"href":"https:\/\/legiavanphongpham.com\/index.php\/wp-json\/wp\/v2\/product"}],"about":[{"href":"https:\/\/legiavanphongpham.com\/index.php\/wp-json\/wp\/v2\/types\/product"}],"replies":[{"embeddable":true,"href":"https:\/\/legiavanphongpham.com\/index.php\/wp-json\/wp\/v2\/comments?post=19527"}],"wp:featuredmedia":[{"embeddable":true,"href":"https:\/\/legiavanphongpham.com\/index.php\/wp-json\/wp\/v2\/media\/19528"}],"wp:attachment":[{"href":"https:\/\/legiavanphongpham.com\/index.php\/wp-json\/wp\/v2\/media?parent=19527"}],"wp:term":[{"taxonomy":"product_brand","embeddable":true,"href":"https:\/\/legiavanphongpham.com\/index.php\/wp-json\/wp\/v2\/product_brand?post=19527"},{"taxonomy":"product_cat","embeddable":true,"href":"https:\/\/legiavanphongpham.com\/index.php\/wp-json\/wp\/v2\/product_cat?post=19527"},{"taxonomy":"product_tag","embeddable":true,"href":"https:\/\/legiavanphongpham.com\/index.php\/wp-json\/wp\/v2\/product_tag?post=19527"}],"curies":[{"name":"wp","href":"https:\/\/api.w.org\/{rel}","templated":true}]}}