{"id":19535,"date":"2022-10-24T16:02:44","date_gmt":"2022-10-24T09:02:44","guid":{"rendered":"https:\/\/legiavanphongpham.com\/?post_type=product&#038;p=19535"},"modified":"2022-10-24T16:02:44","modified_gmt":"2022-10-24T09:02:44","slug":"choi-co-can-nhua","status":"publish","type":"product","link":"https:\/\/legiavanphongpham.com\/index.php\/product\/choi-co-can-nhua\/","title":{"rendered":"CH\u1ed4I C\u1ece C\u00c1N NH\u1ef0A"},"content":{"rendered":"","protected":false},"excerpt":{"rendered":"<div class=\"page-section-tittle\" data-v-1bfaeaf1=\"\">M\u00f4 t\u1ea3 s\u1ea3n ph\u1ea9m<\/div>\n<blockquote data-v-1bfaeaf1=\"\">\n<div class=\"paragraph-view max-width-text page-section-content\" data-v-b620a744=\"\" data-v-1bfaeaf1=\"\">\n<div class=\"paragraph-content-wrap\" data-v-b620a744=\"\">\n<div class=\"paragraph-content full-content\" data-v-b620a744=\"\">????????????ch\u1ed5i qu\u00e9t nh\u00e0 si\u00eau r\u1ebb mua l\u1ebb gi\u00e1 t\u1ed1t ????????????l\u00e0m b\u1eb1ng tay th\u1ee7 c\u00f4ng ch\u1ed5i ch\u1ea5t l\u01b0\u1ee3ng b\u1ec1n ????????????nh\u00e0 t\u1ef1 s\u1ea3n xu\u1ea5t kh\u00e1ch l\u1ea5y s\u1ec9 \u0111\u01b0\u1ee3c gi\u00e1 t\u1ed1t???????????? ????????????tay c\u1ea7m l\u00e0m b\u1eb1ng ch\u1ea5t li\u1ec7u nh\u1ef1a n\u00ean khi qu\u00e9t kh\u00f4ng s\u1ee3 \u0111au tay<\/div>\n<\/div>\n<\/div>\n<\/blockquote>\n","protected":false},"featured_media":19536,"comment_status":"open","ping_status":"closed","template":"","meta":[],"product_brand":[],"product_cat":[143],"product_tag":[],"class_list":{"0":"post-19535","1":"product","2":"type-product","3":"status-publish","4":"has-post-thumbnail","6":"product_cat-choi","8":"first","9":"instock","10":"shipping-taxable","11":"product-type-simple"},"_links":{"self":[{"href":"https:\/\/legiavanphongpham.com\/index.php\/wp-json\/wp\/v2\/product\/19535","targetHints":{"allow":["GET"]}}],"collection":[{"href":"https:\/\/legiavanphongpham.com\/index.php\/wp-json\/wp\/v2\/product"}],"about":[{"href":"https:\/\/legiavanphongpham.com\/index.php\/wp-json\/wp\/v2\/types\/product"}],"replies":[{"embeddable":true,"href":"https:\/\/legiavanphongpham.com\/index.php\/wp-json\/wp\/v2\/comments?post=19535"}],"wp:featuredmedia":[{"embeddable":true,"href":"https:\/\/legiavanphongpham.com\/index.php\/wp-json\/wp\/v2\/media\/19536"}],"wp:attachment":[{"href":"https:\/\/legiavanphongpham.com\/index.php\/wp-json\/wp\/v2\/media?parent=19535"}],"wp:term":[{"taxonomy":"product_brand","embeddable":true,"href":"https:\/\/legiavanphongpham.com\/index.php\/wp-json\/wp\/v2\/product_brand?post=19535"},{"taxonomy":"product_cat","embeddable":true,"href":"https:\/\/legiavanphongpham.com\/index.php\/wp-json\/wp\/v2\/product_cat?post=19535"},{"taxonomy":"product_tag","embeddable":true,"href":"https:\/\/legiavanphongpham.com\/index.php\/wp-json\/wp\/v2\/product_tag?post=19535"}],"curies":[{"name":"wp","href":"https:\/\/api.w.org\/{rel}","templated":true}]}}