{"id":19537,"date":"2022-10-24T16:04:53","date_gmt":"2022-10-24T09:04:53","guid":{"rendered":"https:\/\/legiavanphongpham.com\/?post_type=product&#038;p=19537"},"modified":"2022-10-24T16:04:53","modified_gmt":"2022-10-24T09:04:53","slug":"choi-co-tot-md","status":"publish","type":"product","link":"https:\/\/legiavanphongpham.com\/index.php\/product\/choi-co-tot-md\/","title":{"rendered":"Ch\u1ed5i c\u1ecf t\u1ed1t MD"},"content":{"rendered":"","protected":false},"excerpt":{"rendered":"<p><span style=\"font-weight: 400\">TH\u00d4NG TIN S\u1ea2N PH\u1ea8M<\/span><\/p>\n<h1><strong>Ch\u1ed5i c\u1ecf c\u00e1n c\u1ecf <\/strong><\/h1>\n<p>&#8211; Ch\u1ed5i c\u1ecf c\u00e1n c\u1ecf l\u00e0 lo\u1ea1i v\u1eadt d\u1ee5ng c\u1ea7n thi\u1ebft trong vi\u1ec7c v\u1ec7 sinh nh\u00e0 c\u1eeda, v\u0103n ph\u00f2ng, c\u1eeda h\u00e0ng h\u1eb1ng ng\u00e0y.<\/p>\n<p>&#8211; Ch\u1ea5t li\u1ec7u b\u00f4ng c\u1ecf m\u1ec1m dai, l\u00e2u m\u00f2n v\u00e0 kh\u00f4ng g\u00e2y ch\u00e0 x\u00e1t n\u1ec1n nh\u00e0, d\u1ec5 d\u00e0ng qu\u00e9t s\u1ea1ch b\u1ee5i b\u1ea9n.<\/p>\n<p>&#8211; C\u00e1n ch\u1ed5i c\u0169ng l\u00e0m t\u1eeb c\u1ecf nh\u01b0ng ch\u1eafc ch\u1eafn tay khi c\u1ea7m.<\/p>\n","protected":false},"featured_media":19538,"comment_status":"open","ping_status":"closed","template":"","meta":[],"product_brand":[],"product_cat":[143],"product_tag":[],"class_list":{"0":"post-19537","1":"product","2":"type-product","3":"status-publish","4":"has-post-thumbnail","6":"product_cat-choi","8":"first","9":"instock","10":"shipping-taxable","11":"product-type-simple"},"_links":{"self":[{"href":"https:\/\/legiavanphongpham.com\/index.php\/wp-json\/wp\/v2\/product\/19537","targetHints":{"allow":["GET"]}}],"collection":[{"href":"https:\/\/legiavanphongpham.com\/index.php\/wp-json\/wp\/v2\/product"}],"about":[{"href":"https:\/\/legiavanphongpham.com\/index.php\/wp-json\/wp\/v2\/types\/product"}],"replies":[{"embeddable":true,"href":"https:\/\/legiavanphongpham.com\/index.php\/wp-json\/wp\/v2\/comments?post=19537"}],"wp:featuredmedia":[{"embeddable":true,"href":"https:\/\/legiavanphongpham.com\/index.php\/wp-json\/wp\/v2\/media\/19538"}],"wp:attachment":[{"href":"https:\/\/legiavanphongpham.com\/index.php\/wp-json\/wp\/v2\/media?parent=19537"}],"wp:term":[{"taxonomy":"product_brand","embeddable":true,"href":"https:\/\/legiavanphongpham.com\/index.php\/wp-json\/wp\/v2\/product_brand?post=19537"},{"taxonomy":"product_cat","embeddable":true,"href":"https:\/\/legiavanphongpham.com\/index.php\/wp-json\/wp\/v2\/product_cat?post=19537"},{"taxonomy":"product_tag","embeddable":true,"href":"https:\/\/legiavanphongpham.com\/index.php\/wp-json\/wp\/v2\/product_tag?post=19537"}],"curies":[{"name":"wp","href":"https:\/\/api.w.org\/{rel}","templated":true}]}}