{"id":19539,"date":"2022-10-24T16:06:50","date_gmt":"2022-10-24T09:06:50","guid":{"rendered":"https:\/\/legiavanphongpham.com\/?post_type=product&#038;p=19539"},"modified":"2022-10-24T16:06:50","modified_gmt":"2022-10-24T09:06:50","slug":"choi-co-dac-biet-dl","status":"publish","type":"product","link":"https:\/\/legiavanphongpham.com\/index.php\/product\/choi-co-dac-biet-dl\/","title":{"rendered":"Ch\u1ed5i c\u1ecf \u0111\u1eb7c bi\u1ec7t DL"},"content":{"rendered":"","protected":false},"excerpt":{"rendered":"<p>C\u01a1 s\u1edf ch\u1ed5i v\u00e0 d\u1ee5ng c\u1ee5 v\u1ec7 sinh B\u00f4ng May\u00a0chuy\u00ean s\u1ea3n xu\u1ea5t v\u00e0 cung c\u1ea5p m\u1eb7t h\u00e0ng\u00a0ch\u1ed5i b\u00f4ng c\u1ecf qu\u00e9t nh\u00e0\u00a0cho \u0111a d\u1ea1ng kh\u00e1ch h\u00e0ng, \u0111\u1eb7c bi\u1ec7t l\u00e0 c\u00e1c c\u00f4ng ty v\u0103n ph\u00f2ng ph\u1ea9m, c\u00e1c c\u00f4ng ty d\u1ecbch v\u1ee5 v\u1ec7 sinh m\u00f4i tr\u01b0\u1eddng, v\u00e0 nh\u1eefng c\u00f4ng ty c\u00f3 nhu c\u1ea7u s\u1eed d\u1ee5ng ch\u1ed5i v\u1edbi s\u1ed1 l\u01b0\u1ee3ng l\u1edbn. Ch\u1ed5i \u0111\u00f3t (ch\u1ed5i b\u00f4ng c\u1ecf qu\u00e9t nh\u00e0) c\u1ee7a ch\u00fang t\u00f4i \u0111\u1ea3m b\u1ea3o ch\u1ea5t l\u01b0\u1ee3ng t\u1ed1t nh\u1ea5t qua th\u1eddi gian s\u1eed d\u1ee5ng, t\u1ea5t c\u1ea3 m\u1ecdi l\u1ed7i v\u1ec1 m\u1eb7t ch\u1ea5t l\u01b0\u1ee3ng nh\u01b0 bung, s\u1ed5, r\u1ee5ng b\u00f4ng v.v. \u0111\u1ec1u \u0111\u01b0\u1ee3c \u0111\u1ed5i h\u00e0ng m\u1edbi mi\u1ec5n ph\u00ed. \u0110\u00f3 l\u00e0 ch\u00ednh s\u00e1ch \u0111\u1ea3m b\u1ea3o c\u1ee7a ch\u00fang t\u00f4i.<\/p>\n","protected":false},"featured_media":19540,"comment_status":"open","ping_status":"closed","template":"","meta":[],"product_brand":[],"product_cat":[143],"product_tag":[],"class_list":{"0":"post-19539","1":"product","2":"type-product","3":"status-publish","4":"has-post-thumbnail","6":"product_cat-choi","8":"first","9":"instock","10":"shipping-taxable","11":"product-type-simple"},"_links":{"self":[{"href":"https:\/\/legiavanphongpham.com\/index.php\/wp-json\/wp\/v2\/product\/19539","targetHints":{"allow":["GET"]}}],"collection":[{"href":"https:\/\/legiavanphongpham.com\/index.php\/wp-json\/wp\/v2\/product"}],"about":[{"href":"https:\/\/legiavanphongpham.com\/index.php\/wp-json\/wp\/v2\/types\/product"}],"replies":[{"embeddable":true,"href":"https:\/\/legiavanphongpham.com\/index.php\/wp-json\/wp\/v2\/comments?post=19539"}],"wp:featuredmedia":[{"embeddable":true,"href":"https:\/\/legiavanphongpham.com\/index.php\/wp-json\/wp\/v2\/media\/19540"}],"wp:attachment":[{"href":"https:\/\/legiavanphongpham.com\/index.php\/wp-json\/wp\/v2\/media?parent=19539"}],"wp:term":[{"taxonomy":"product_brand","embeddable":true,"href":"https:\/\/legiavanphongpham.com\/index.php\/wp-json\/wp\/v2\/product_brand?post=19539"},{"taxonomy":"product_cat","embeddable":true,"href":"https:\/\/legiavanphongpham.com\/index.php\/wp-json\/wp\/v2\/product_cat?post=19539"},{"taxonomy":"product_tag","embeddable":true,"href":"https:\/\/legiavanphongpham.com\/index.php\/wp-json\/wp\/v2\/product_tag?post=19539"}],"curies":[{"name":"wp","href":"https:\/\/api.w.org\/{rel}","templated":true}]}}