{"id":19560,"date":"2022-10-25T15:48:49","date_gmt":"2022-10-25T08:48:49","guid":{"rendered":"https:\/\/legiavanphongpham.com\/?post_type=product&#038;p=19560"},"modified":"2022-10-25T15:48:49","modified_gmt":"2022-10-25T08:48:49","slug":"keo-ban-sung","status":"publish","type":"product","link":"https:\/\/legiavanphongpham.com\/index.php\/product\/keo-ban-sung\/","title":{"rendered":"Keo B\u1eafn S\u00fang"},"content":{"rendered":"","protected":false},"excerpt":{"rendered":"<div class=\"_2N2_VN\">M\u00d4 T\u1ea2 S\u1ea2N PH\u1ea8M<\/div>\n<div class=\"_2jz573\">\n<div class=\"_1MqcWX\">\n<p class=\"_2jrvqA\">Keo n\u1ebfn silicon c\u00f3 \u0111\u1ed9 k\u1ebft d\u00ednh cao,c\u00f3 \u0111\u1ed9 \u0111\u00e0n h\u1ed3i v\u00e0 t\u00ednh d\u1ebbo dai cao.Ngo\u00e0i ra keo n\u1ebfn d\u1ec3 b\u1ea3o qu\u1ea3n, c\u00f3 t\u00ednh \u0111\u00e0n h\u1ed3i,th\u00e2n thi\u1ec7n v\u1edbi m\u00f4i tr\u01b0\u1eddng,kh\u00f4ng b\u1ecb \u00f4 xi h\u00f3a.<\/p>\n<\/div>\n<\/div>\n","protected":false},"featured_media":19561,"comment_status":"open","ping_status":"closed","template":"","meta":[],"product_brand":[],"product_cat":[277],"product_tag":[],"class_list":{"0":"post-19560","1":"product","2":"type-product","3":"status-publish","4":"has-post-thumbnail","6":"product_cat-keo-ban-sung","8":"first","9":"instock","10":"shipping-taxable","11":"product-type-simple"},"_links":{"self":[{"href":"https:\/\/legiavanphongpham.com\/index.php\/wp-json\/wp\/v2\/product\/19560","targetHints":{"allow":["GET"]}}],"collection":[{"href":"https:\/\/legiavanphongpham.com\/index.php\/wp-json\/wp\/v2\/product"}],"about":[{"href":"https:\/\/legiavanphongpham.com\/index.php\/wp-json\/wp\/v2\/types\/product"}],"replies":[{"embeddable":true,"href":"https:\/\/legiavanphongpham.com\/index.php\/wp-json\/wp\/v2\/comments?post=19560"}],"wp:featuredmedia":[{"embeddable":true,"href":"https:\/\/legiavanphongpham.com\/index.php\/wp-json\/wp\/v2\/media\/19561"}],"wp:attachment":[{"href":"https:\/\/legiavanphongpham.com\/index.php\/wp-json\/wp\/v2\/media?parent=19560"}],"wp:term":[{"taxonomy":"product_brand","embeddable":true,"href":"https:\/\/legiavanphongpham.com\/index.php\/wp-json\/wp\/v2\/product_brand?post=19560"},{"taxonomy":"product_cat","embeddable":true,"href":"https:\/\/legiavanphongpham.com\/index.php\/wp-json\/wp\/v2\/product_cat?post=19560"},{"taxonomy":"product_tag","embeddable":true,"href":"https:\/\/legiavanphongpham.com\/index.php\/wp-json\/wp\/v2\/product_tag?post=19560"}],"curies":[{"name":"wp","href":"https:\/\/api.w.org\/{rel}","templated":true}]}}