{"id":19565,"date":"2022-10-25T15:54:17","date_gmt":"2022-10-25T08:54:17","guid":{"rendered":"https:\/\/legiavanphongpham.com\/?post_type=product&#038;p=19565"},"modified":"2022-10-25T15:54:17","modified_gmt":"2022-10-25T08:54:17","slug":"so-ck6","status":"publish","type":"product","link":"https:\/\/legiavanphongpham.com\/index.php\/product\/so-ck6\/","title":{"rendered":"S\u1ed5 CK6"},"content":{"rendered":"","protected":false},"excerpt":{"rendered":"<p><span style=\"font-weight: 400\">TH\u00d4NG TIN S\u1ea2N PH\u1ea8M<\/span><\/p>\n<h2>S\u1ed5 da CK6-200 trang<\/h2>\n<p>&nbsp;<\/p>\n<p><b>\u0110\u1eb7c \u0111i\u1ec3m :<\/b><\/p>\n<p>&nbsp;<\/p>\n<p>-L\u00e0 s\u1ea3n ph\u1ea9m s\u1ed5 t\u1eadp d\u1ea1ng s\u1ed5 b\u00eca da c\u1ee9ng m\u00e0u \u0111en v\u1edbi c\u00e1c g\u00f3c bo tr\u00f2n vi\u1ec1n v\u00e0ng trau chu\u1ed1t, gi\u1ea5y k\u1ebb ngang d\u00e0y 200 trang. S\u1ea3n ph\u1ea9m th\u00edch h\u1ee3p cho vi\u1ec7c ghi ch\u00fa n\u1ed9i dung quan tr\u1ecdng t\u1ea1i c\u00e1c cu\u1ed9c h\u1ecdp t\u1ea1i v\u0103n ph\u00f2ng c\u00f4ng ty.<\/p>\n<p>&nbsp;<\/p>\n<p>-\u0110\u01b0\u1ee3c s\u1ea3n xu\u1ea5t tr\u00ean c\u00f4ng ngh\u1ec7 ti\u00ean ti\u1ebfn, d\u00e2y chuy\u1ec1n hi\u1ec7n \u0111\u1ea1i mang l\u1ea1i ch\u1ea5t l\u01b0\u1ee3ng s\u1ea3n ph\u1ea9m t\u1ed1t nh\u1ea5t \u0111\u1ebfn v\u1edbi t\u1eebng kh\u00e1ch h\u00e0ng.<\/p>\n<p>&nbsp;<\/p>\n<p>-C\u00f3 th\u1ec3 l\u00e0m qu\u00e0 t\u1eb7ng, vi\u1ebft nh\u1eadt k\u00fd, l\u00e0m v\u1eadt m\u1eabu ch\u1ee5p \u1ea3nh<\/p>\n<p>&nbsp;<\/p>\n<p><b>Ch\u1ea5t l\u01b0\u1ee3ng:<\/b><\/p>\n<p>&nbsp;<\/p>\n<p>-M\u1eabu m\u00e3 \u0111\u1eb9p, gi\u1ea5y tr\u1eafng, c\u00f3 ch\u1ea5t keo b\u00e1m m\u1ef1c r\u1ea5t t\u1ed1t.<\/p>\n<p>&nbsp;<\/p>\n<p>-\u0110\u01b0\u1ee3c nhi\u1ec1u kh\u00e1ch h\u00e0ng \u01b0a chu\u1ed9ng tin d\u00f9ng<\/p>\n<p>&nbsp;<\/p>\n<p>-\u0110\u1ea7y \u0111\u1ee7 nh\u00e3n m\u00e1c. \u0111\u00f3ng g\u00f3i k\u1ef9 l\u01b0\u1ee3ng, \u0111\u01b0\u1ee3c ki\u1ec3m duy\u1ec7t ch\u1ea5t l\u01b0\u1ee3ng k\u1ef9 c\u00e0ng tr\u01b0\u1edbc khi \u0111\u01b0\u1ee3c b\u00e1n ra ngo\u00e0i th\u1ecb tr\u01b0\u1eddng<\/p>\n<p>&nbsp;<\/p>\n<p><b>Quy c\u00e1ch:<\/b> kh\u1ed5 13x20cm, 5 cu\u1ed1n\/1 block<\/p>\n<p>&nbsp;<\/p>\n<p><b>Xu\u1ea5t x\u1ee9 : <\/b>Vi\u1ec7t Nam<\/p>\n<p>&nbsp;<\/p>\n<p><b>B\u1ea3o qu\u1ea3n: <\/b>Nhi\u1ec7t \u0111\u1ed9: 10 ~ 55\u00ba C, \u0110\u1ed9 \u1ea9m: 55 ~ 95% RH, Tr\u00e1nh xa ngu\u1ed3n nhi\u1ec7t, d\u1ea7u m\u1ee1.<\/p>\n","protected":false},"featured_media":19566,"comment_status":"open","ping_status":"closed","template":"","meta":[],"product_brand":[],"product_cat":[131],"product_tag":[],"class_list":{"0":"post-19565","1":"product","2":"type-product","3":"status-publish","4":"has-post-thumbnail","6":"product_cat-so-tay-vp","8":"first","9":"instock","10":"shipping-taxable","11":"product-type-simple"},"_links":{"self":[{"href":"https:\/\/legiavanphongpham.com\/index.php\/wp-json\/wp\/v2\/product\/19565","targetHints":{"allow":["GET"]}}],"collection":[{"href":"https:\/\/legiavanphongpham.com\/index.php\/wp-json\/wp\/v2\/product"}],"about":[{"href":"https:\/\/legiavanphongpham.com\/index.php\/wp-json\/wp\/v2\/types\/product"}],"replies":[{"embeddable":true,"href":"https:\/\/legiavanphongpham.com\/index.php\/wp-json\/wp\/v2\/comments?post=19565"}],"wp:featuredmedia":[{"embeddable":true,"href":"https:\/\/legiavanphongpham.com\/index.php\/wp-json\/wp\/v2\/media\/19566"}],"wp:attachment":[{"href":"https:\/\/legiavanphongpham.com\/index.php\/wp-json\/wp\/v2\/media?parent=19565"}],"wp:term":[{"taxonomy":"product_brand","embeddable":true,"href":"https:\/\/legiavanphongpham.com\/index.php\/wp-json\/wp\/v2\/product_brand?post=19565"},{"taxonomy":"product_cat","embeddable":true,"href":"https:\/\/legiavanphongpham.com\/index.php\/wp-json\/wp\/v2\/product_cat?post=19565"},{"taxonomy":"product_tag","embeddable":true,"href":"https:\/\/legiavanphongpham.com\/index.php\/wp-json\/wp\/v2\/product_tag?post=19565"}],"curies":[{"name":"wp","href":"https:\/\/api.w.org\/{rel}","templated":true}]}}