{"id":19572,"date":"2022-10-25T16:01:09","date_gmt":"2022-10-25T09:01:09","guid":{"rendered":"https:\/\/legiavanphongpham.com\/?post_type=product&#038;p=19572"},"modified":"2022-10-25T16:01:09","modified_gmt":"2022-10-25T09:01:09","slug":"so-card-bia-da-500","status":"publish","type":"product","link":"https:\/\/legiavanphongpham.com\/index.php\/product\/so-card-bia-da-500\/","title":{"rendered":"S\u1ed5 card b\u00eca da 500"},"content":{"rendered":"","protected":false},"excerpt":{"rendered":"<p><strong>S\u1ed5 namecard 500 A4 (l\u01b0u danh thi\u1ebfp)\u00a0<\/strong>l\u00e0 lo\u1ea1i s\u1ed5 \u0111\u1ef1ng card visit c\u00f3 th\u1ec3 ch\u1ee9a \u0111\u01b0\u1ee3c t\u1edbi 500 chi\u1ebfc, gi\u00e1 r\u1ebb, ch\u1ea5t l\u01b0\u1ee3ng t\u1ed1t.<\/p>\n<p><strong>\u0110\u1eb7c \u0111i\u1ec3m s\u1ea3n ph\u1ea9m:<\/strong><\/p>\n<p>-L\u00e0 s\u1ea3n ph\u1ea9m\u00a0s\u1ed5 t\u1eadp\u00a0d\u1ea1ng s\u1ed5 b\u00eca da b\u00ean trong c\u00f3 c\u00e1c ng\u0103n ch\u1ee9a nh\u1ef1a trong su\u1ed1t, ch\u1ee9a \u0111\u01b0\u1ee3c kho\u1ea3ng 500 namecard c\u1ee7a kh\u00e1ch h\u00e0ng ho\u1eb7c \u0111\u1ed1i t\u00e1c, ki\u1ec3u d\u00e1ng \u0111\u1eb9p, sang tr\u1ecdng, l\u00e0 d\u1ea1ng s\u1ed5 c\u00f2ng \u0111\u1ef1ng 25 trang. Khi mu\u1ed1n thay \u0111\u1ed5i v\u1ecb tr\u00ed c\u1ee7a c\u00e1c namecard c\u00f3 th\u1ec3 m\u1edf c\u00f2ng ra thay \u0111\u1ed5i m\u1ed9t c\u00e1ch d\u1ec5 d\u00e0ng.<\/p>\n<p>\u2013 S\u1ed5 namecard l\u00e0 m\u1ed9t s\u1ea3n ph\u1ea9m kh\u00f4ng th\u1ec3 thi\u1ebfu khi b\u1ea1n l\u00e0 ng\u01b0\u1eddi th\u01b0\u1eddng hay giao ti\u1ebfp, g\u1eb7p kh\u00e1ch h\u00e0ng hay \u0111\u1ed1i t\u00e1c th\u01b0\u1eddng xuy\u00ean, ch\u00ednh v\u00ec th\u1ebf b\u1ea1n h\u00e3y s\u1eafm ngay cho m\u00ecnh m\u1ed9t quy\u1ec3n namecard ph\u00f9 h\u1ee3p v\u1edbi m\u00ecnh nh\u00e9.<\/p>\n<p><strong>Ch\u1ea5t l\u01b0\u1ee3ng:<\/strong><\/p>\n<p>-M\u1eabu m\u00e3 \u0111\u1eb9p, ch\u1ea5t li\u1ec7u nh\u1ef1a c\u00f3 \u0111\u1ed9 b\u1ec1n cao.<\/p>\n<p>-Bao b\u00ec \u0111\u00f3ng g\u00f3i k\u0129 l\u01b0\u1ee1ng, h\u00e0ng ch\u00ednh h\u00e3ng \u0111\u01b0\u1ee3c ki\u1ec3m tra r\u00f5 r\u00e0ng<\/p>\n<p>-\u0110\u01b0\u1ee3c nhi\u1ec1u kh\u00e1ch h\u00e0ng \u01b0a chu\u1ed9ng, tin d\u00f9ng hi\u1ec7n nay<\/p>\n","protected":false},"featured_media":19574,"comment_status":"open","ping_status":"closed","template":"","meta":[],"product_brand":[],"product_cat":[131],"product_tag":[],"class_list":{"0":"post-19572","1":"product","2":"type-product","3":"status-publish","4":"has-post-thumbnail","6":"product_cat-so-tay-vp","8":"first","9":"instock","10":"shipping-taxable","11":"product-type-simple"},"_links":{"self":[{"href":"https:\/\/legiavanphongpham.com\/index.php\/wp-json\/wp\/v2\/product\/19572","targetHints":{"allow":["GET"]}}],"collection":[{"href":"https:\/\/legiavanphongpham.com\/index.php\/wp-json\/wp\/v2\/product"}],"about":[{"href":"https:\/\/legiavanphongpham.com\/index.php\/wp-json\/wp\/v2\/types\/product"}],"replies":[{"embeddable":true,"href":"https:\/\/legiavanphongpham.com\/index.php\/wp-json\/wp\/v2\/comments?post=19572"}],"wp:featuredmedia":[{"embeddable":true,"href":"https:\/\/legiavanphongpham.com\/index.php\/wp-json\/wp\/v2\/media\/19574"}],"wp:attachment":[{"href":"https:\/\/legiavanphongpham.com\/index.php\/wp-json\/wp\/v2\/media?parent=19572"}],"wp:term":[{"taxonomy":"product_brand","embeddable":true,"href":"https:\/\/legiavanphongpham.com\/index.php\/wp-json\/wp\/v2\/product_brand?post=19572"},{"taxonomy":"product_cat","embeddable":true,"href":"https:\/\/legiavanphongpham.com\/index.php\/wp-json\/wp\/v2\/product_cat?post=19572"},{"taxonomy":"product_tag","embeddable":true,"href":"https:\/\/legiavanphongpham.com\/index.php\/wp-json\/wp\/v2\/product_tag?post=19572"}],"curies":[{"name":"wp","href":"https:\/\/api.w.org\/{rel}","templated":true}]}}