{"id":19589,"date":"2022-10-25T16:23:21","date_gmt":"2022-10-25T09:23:21","guid":{"rendered":"https:\/\/legiavanphongpham.com\/?post_type=product&#038;p=19589"},"modified":"2022-10-25T16:23:21","modified_gmt":"2022-10-25T09:23:21","slug":"bia-my-a4","status":"publish","type":"product","link":"https:\/\/legiavanphongpham.com\/index.php\/product\/bia-my-a4\/","title":{"rendered":"B\u00eca M\u1ef9 A4"},"content":{"rendered":"","protected":false},"excerpt":{"rendered":"<h3><strong>B\u00eca m\u00e0u M\u1ef9 A4<\/strong><\/h3>\n<p><strong>\u0110\u1eb7c \u0111i\u1ec3m:\u00a0<\/strong><\/p>\n<p><strong>\u2013 B\u00eca m\u00e0u M\u1ef9 A4<\/strong>\u00a0l\u00e0 lo\u1ea1i\u00a0gi\u1ea5y b\u00eca\u00a0\u0111\u01b0\u1ee3c s\u1ea3n xu\u1ea5t theo c\u00f4ng ngh\u1ec7 c\u1ee7a M\u1ef9, d\u00e0y \u0111\u1ecbnh l\u01b0\u1ee3ng kho\u1ea3ng 160gsm, s\u1eed d\u1ee5ng \u0111\u1ec3 \u0111\u00f3ng b\u00eca s\u00e1ch, lu\u1eadn \u00e1n, t\u00e0i li\u1ec7u theo c\u00e1c kh\u1ed5 A3 ho\u1eb7c A4.<\/p>\n<p>\u2013\u00a0Gi\u1ea5y b\u00eca m\u00e0u c\u1ee7a M\u1ef9 \u0111\u00e1p \u1ee9ng c\u00e1c ti\u00eau chu\u1ea9n ch\u1ea5t l\u01b0\u1ee3ng v\u1edbi quy tr\u00ecnh s\u1ea3n xu\u1ea5t v\u00e0 c\u00f4ng ngh\u1ec7 hi\u1ec7n \u0111\u1ea1i c\u1ee7a M\u1ef9 t\u1ea1o n\u00ean s\u1ea3n ph\u1ea9m gi\u1ea5y t\u1ed1t nh\u1ea5t cho ng\u01b0\u1eddi d\u00f9ng. V\u1edbi t\u00ednh ch\u1ea5t d\u00e0y v\u00e0 c\u1ee9ng, b\u1ec1 m\u1eb7t b\u00f3ng m\u1ecbn, \u00edt lem m\u1ef1c, kh\u00f4ng c\u1eb7n b\u1ea9n, lo\u1ea1i gi\u1ea5y n\u00e0y \u0111em l\u1ea1i hi\u1ec7u qu\u1ea3 s\u1eed d\u1ee5ng t\u1ed1i \u0111a.<\/p>\n<p><strong>C\u00f4ng d\u1ee5ng:<\/strong><\/p>\n<p>\u2013 Gi\u1ea5y b\u00eca m\u00e0u M\u1ef9 A4 r\u1ea5t c\u1ea7n thi\u1ebft \u0111\u1ec3 b\u1ea3o v\u1ec7 t\u1eadp t\u00e0i li\u1ec7u v\u00e0 t\u0103ng t\u00ednh chuy\u00ean nghi\u1ec7p, nghi\u00eam t\u00fac trong c\u00e1c b\u00e1o c\u00e1o, h\u1ed3 s\u01a1 l\u01b0u tr\u1eef.<\/p>\n<p>\u2013 Ngo\u00e0i ra, c\u00f3 th\u1ec3 d\u00f9ng gi\u1ea5y \u0111\u1ec3 l\u00e0m thi\u1ec7p, c\u1eaft d\u00e1n h\u1ed9p qu\u00e0, trang tr\u00ed\u2026 S\u1ea3n ph\u1ea9m kh\u00f4ng b\u1ecb cong v\u00eanh v\u00e0 kh\u00f3 b\u00e1m b\u1ee5i, l\u00e0m h\u00e0i l\u00f2ng nhi\u1ec1u \u0111\u1ed1i t\u01b0\u1ee3ng s\u1eed d\u1ee5ng.<\/p>\n","protected":false},"featured_media":19590,"comment_status":"open","ping_status":"closed","template":"","meta":[],"product_brand":[],"product_cat":[278],"product_tag":[],"class_list":{"0":"post-19589","1":"product","2":"type-product","3":"status-publish","4":"has-post-thumbnail","6":"product_cat-bia-giay-cac-loai","8":"first","9":"instock","10":"shipping-taxable","11":"product-type-simple"},"_links":{"self":[{"href":"https:\/\/legiavanphongpham.com\/index.php\/wp-json\/wp\/v2\/product\/19589","targetHints":{"allow":["GET"]}}],"collection":[{"href":"https:\/\/legiavanphongpham.com\/index.php\/wp-json\/wp\/v2\/product"}],"about":[{"href":"https:\/\/legiavanphongpham.com\/index.php\/wp-json\/wp\/v2\/types\/product"}],"replies":[{"embeddable":true,"href":"https:\/\/legiavanphongpham.com\/index.php\/wp-json\/wp\/v2\/comments?post=19589"}],"wp:featuredmedia":[{"embeddable":true,"href":"https:\/\/legiavanphongpham.com\/index.php\/wp-json\/wp\/v2\/media\/19590"}],"wp:attachment":[{"href":"https:\/\/legiavanphongpham.com\/index.php\/wp-json\/wp\/v2\/media?parent=19589"}],"wp:term":[{"taxonomy":"product_brand","embeddable":true,"href":"https:\/\/legiavanphongpham.com\/index.php\/wp-json\/wp\/v2\/product_brand?post=19589"},{"taxonomy":"product_cat","embeddable":true,"href":"https:\/\/legiavanphongpham.com\/index.php\/wp-json\/wp\/v2\/product_cat?post=19589"},{"taxonomy":"product_tag","embeddable":true,"href":"https:\/\/legiavanphongpham.com\/index.php\/wp-json\/wp\/v2\/product_tag?post=19589"}],"curies":[{"name":"wp","href":"https:\/\/api.w.org\/{rel}","templated":true}]}}