{"id":19591,"date":"2022-10-25T16:25:19","date_gmt":"2022-10-25T09:25:19","guid":{"rendered":"https:\/\/legiavanphongpham.com\/?post_type=product&#038;p=19591"},"modified":"2022-10-25T16:25:19","modified_gmt":"2022-10-25T09:25:19","slug":"bia-my-a4-pgrand","status":"publish","type":"product","link":"https:\/\/legiavanphongpham.com\/index.php\/product\/bia-my-a4-pgrand\/","title":{"rendered":"B\u00eca M\u1ef9 A4 Pgrand"},"content":{"rendered":"","protected":false},"excerpt":{"rendered":"<div class=\"_2N2_VN\">M\u00d4 T\u1ea2 S\u1ea2N PH\u1ea8M<\/div>\n<div class=\"_2jz573\">\n<div class=\"_1MqcWX\">\n<p class=\"_2jrvqA\">B\u00eca m\u00e0u \u0111\u1eb7c bi\u1ec7t A4 Pgrand (tr\u1ed9n 5 m\u00e0u c\u00f9ng 1 x\u1ea5p 100 t\u1edd) ho\u1eb7c ( 1 m\u00e0u x\u1ea5p 100 t\u1edd ) M\u00e0u s\u1eafc: xanh d\u01b0\u01a1ng &#8211; xanh l\u00e1 &#8211; cam &#8211; \u0111\u1ecf &#8211; v\u00e0ng *** N\u1ebfu qu\u00fd kh\u00e1ch c\u1ea7n m\u00e0u kh\u00e1c th\u00ec inbox Shop nh\u00e9 \u1ea1 \u0110\u1ecbnh l\u01b0\u1ee3ng: 180gsm Quy c\u00e1ch : 100 t\u1edd \/x\u1ea5p Xu\u1ea5t x\u1ee9 : Vi\u1ec7t Nam L\u00e0 lo\u1ea1i gi\u1ea5y in ph\u1ed5 bi\u1ebfn v\u00e0 th\u00f4ng d\u1ee5ng v\u1edbi nhi\u1ec1u m\u00e0u s\u1eafc, th\u01b0\u1eddng \u0111\u01b0\u1ee3c d\u00f9ng l\u00e0m trang tr\u00ed c\u00e1c tr\u01b0\u1eddng m\u1ea7m non, l\u00e0m s\u1ed5 tay, \u0111\u00f3ng b\u00eca, &#8230;..<\/p>\n<\/div>\n<\/div>\n","protected":false},"featured_media":19592,"comment_status":"open","ping_status":"closed","template":"","meta":[],"product_brand":[],"product_cat":[278],"product_tag":[],"class_list":{"0":"post-19591","1":"product","2":"type-product","3":"status-publish","4":"has-post-thumbnail","6":"product_cat-bia-giay-cac-loai","8":"first","9":"instock","10":"shipping-taxable","11":"product-type-simple"},"_links":{"self":[{"href":"https:\/\/legiavanphongpham.com\/index.php\/wp-json\/wp\/v2\/product\/19591","targetHints":{"allow":["GET"]}}],"collection":[{"href":"https:\/\/legiavanphongpham.com\/index.php\/wp-json\/wp\/v2\/product"}],"about":[{"href":"https:\/\/legiavanphongpham.com\/index.php\/wp-json\/wp\/v2\/types\/product"}],"replies":[{"embeddable":true,"href":"https:\/\/legiavanphongpham.com\/index.php\/wp-json\/wp\/v2\/comments?post=19591"}],"wp:featuredmedia":[{"embeddable":true,"href":"https:\/\/legiavanphongpham.com\/index.php\/wp-json\/wp\/v2\/media\/19592"}],"wp:attachment":[{"href":"https:\/\/legiavanphongpham.com\/index.php\/wp-json\/wp\/v2\/media?parent=19591"}],"wp:term":[{"taxonomy":"product_brand","embeddable":true,"href":"https:\/\/legiavanphongpham.com\/index.php\/wp-json\/wp\/v2\/product_brand?post=19591"},{"taxonomy":"product_cat","embeddable":true,"href":"https:\/\/legiavanphongpham.com\/index.php\/wp-json\/wp\/v2\/product_cat?post=19591"},{"taxonomy":"product_tag","embeddable":true,"href":"https:\/\/legiavanphongpham.com\/index.php\/wp-json\/wp\/v2\/product_tag?post=19591"}],"curies":[{"name":"wp","href":"https:\/\/api.w.org\/{rel}","templated":true}]}}