{"id":19593,"date":"2022-10-25T16:28:09","date_gmt":"2022-10-25T09:28:09","guid":{"rendered":"https:\/\/legiavanphongpham.com\/?post_type=product&#038;p=19593"},"modified":"2022-10-25T16:28:09","modified_gmt":"2022-10-25T09:28:09","slug":"bia-my-a4-danabook","status":"publish","type":"product","link":"https:\/\/legiavanphongpham.com\/index.php\/product\/bia-my-a4-danabook\/","title":{"rendered":"B\u00eca M\u1ef9 A4 Danabook"},"content":{"rendered":"","protected":false},"excerpt":{"rendered":"<h2 class=\"BlockTitle__Wrapper-sc-qpz3fo-0 eHltcn\">M\u00f4 T\u1ea3 S\u1ea3n Ph\u1ea9m<\/h2>\n<div class=\"content\">\n<div class=\"ToggleContent__Wrapper-sc-1dbmfaw-1 cqXrJr\">\n<div class=\"ToggleContent__View-sc-1dbmfaw-0 wyACs\">\n<p><strong>B\u00eca Gi\u1ea5y A4 Vi\u1ec7t Nam<\/strong>\u00a0c\u00f3 th\u1ec3 s\u1eed d\u1ee5ng v\u1edbi nhi\u1ec1u m\u1ee5c \u0111\u00edch nh\u01b0 l\u00e0m b\u00eca c\u00e1c lo\u1ea1i h\u1ed3 s\u01a1, gi\u1ea5y t\u1edd, b\u00e0i lu\u1eadn,\u2026 ho\u1eb7c c\u1eaft d\u00e1n \u0111\u1ec3 trang tr\u00ed. S\u1ea3n ph\u1ea9m c\u00f3 m\u00e0u s\u1eafc trang nh\u00e3, ph\u00f9 h\u1ee3p v\u1edbi m\u1ecdi kh\u00f4ng gian h\u1ecdc t\u1eadp v\u00e0 l\u00e0m vi\u1ec7c kh\u00e1c nhau. B\u00eca gi\u1ea5y \u0111\u01b0\u1ee3c s\u1ea3n xu\u1ea5t t\u1eeb ch\u1ea5t li\u1ec7u cao c\u1ea5p, kh\u00f4ng \u0111\u1ed9c h\u1ea1i, an to\u00e0n cho ng\u01b0\u1eddi s\u1eed d\u1ee5ng.<\/p>\n<\/div>\n<\/div>\n<\/div>\n","protected":false},"featured_media":19594,"comment_status":"open","ping_status":"closed","template":"","meta":[],"product_brand":[],"product_cat":[278],"product_tag":[],"class_list":{"0":"post-19593","1":"product","2":"type-product","3":"status-publish","4":"has-post-thumbnail","6":"product_cat-bia-giay-cac-loai","8":"first","9":"instock","10":"shipping-taxable","11":"product-type-simple"},"_links":{"self":[{"href":"https:\/\/legiavanphongpham.com\/index.php\/wp-json\/wp\/v2\/product\/19593","targetHints":{"allow":["GET"]}}],"collection":[{"href":"https:\/\/legiavanphongpham.com\/index.php\/wp-json\/wp\/v2\/product"}],"about":[{"href":"https:\/\/legiavanphongpham.com\/index.php\/wp-json\/wp\/v2\/types\/product"}],"replies":[{"embeddable":true,"href":"https:\/\/legiavanphongpham.com\/index.php\/wp-json\/wp\/v2\/comments?post=19593"}],"wp:featuredmedia":[{"embeddable":true,"href":"https:\/\/legiavanphongpham.com\/index.php\/wp-json\/wp\/v2\/media\/19594"}],"wp:attachment":[{"href":"https:\/\/legiavanphongpham.com\/index.php\/wp-json\/wp\/v2\/media?parent=19593"}],"wp:term":[{"taxonomy":"product_brand","embeddable":true,"href":"https:\/\/legiavanphongpham.com\/index.php\/wp-json\/wp\/v2\/product_brand?post=19593"},{"taxonomy":"product_cat","embeddable":true,"href":"https:\/\/legiavanphongpham.com\/index.php\/wp-json\/wp\/v2\/product_cat?post=19593"},{"taxonomy":"product_tag","embeddable":true,"href":"https:\/\/legiavanphongpham.com\/index.php\/wp-json\/wp\/v2\/product_tag?post=19593"}],"curies":[{"name":"wp","href":"https:\/\/api.w.org\/{rel}","templated":true}]}}