{"id":19597,"date":"2022-10-25T16:34:29","date_gmt":"2022-10-25T09:34:29","guid":{"rendered":"https:\/\/legiavanphongpham.com\/?post_type=product&#038;p=19597"},"modified":"2022-10-25T16:34:29","modified_gmt":"2022-10-25T09:34:29","slug":"bia-20-la-a4-thien-long","status":"publish","type":"product","link":"https:\/\/legiavanphongpham.com\/index.php\/product\/bia-20-la-a4-thien-long\/","title":{"rendered":"B\u00eca 20 l\u00e1 A4 Thi\u00ean Long"},"content":{"rendered":"","protected":false},"excerpt":{"rendered":"<div class=\"_2N2_VN\">M\u00d4 T\u1ea2 S\u1ea2N PH\u1ea8M<\/div>\n<div class=\"_2jz573\">\n<div class=\"_1MqcWX\">\n<p class=\"_2jrvqA\">\u2705 M\u00d4 T\u1ea2 S\u1ea2N PH\u1ea8M: *L\u00e0 s\u1ea3n ph\u1ea9m file h\u1ed3 s\u01a1 s\u1ea3n xu\u1ea5t t\u1ea1i Vi\u1ec7t Nam *B\u00eca b\u00ean ngo\u00e0i l\u00e0m b\u1eb1ng ch\u1ea5t li\u1ec7u nh\u1ef1a c\u1ee9ng, gi\u1eef cho c\u00e1c gi\u1ea5y t\u1edd \u0111\u1ec3 b\u00ean trong b\u00eca l\u00e1 th\u1eb3ng n\u1ebfp, kh\u00f4ng b\u1ecb qu\u0103n g\u00f3c. *B\u00ean trong g\u1eafn 20 l\u00e1 l\u00e0m b\u1eb1ng ch\u1ea5t li\u1ec7u nh\u1ef1a trong su\u1ed1t d\u00f9ng \u0111\u1ec3 l\u01b0u tr\u1eef ch\u1ee9ng t\u1eeb * M\u1ed7i l\u00e1 nh\u1ef1a ch\u1ee9a \u0111\u01b0\u1ee3c kho\u1ea3ng 10 t\u1edd gi\u1ea5y kh\u1ed5 A4.<\/p>\n<\/div>\n<\/div>\n","protected":false},"featured_media":19598,"comment_status":"open","ping_status":"closed","template":"","meta":[],"product_brand":[],"product_cat":[279],"product_tag":[],"class_list":{"0":"post-19597","1":"product","2":"type-product","3":"status-publish","4":"has-post-thumbnail","6":"product_cat-bia-la-cac-loai","8":"first","9":"instock","10":"shipping-taxable","11":"product-type-simple"},"_links":{"self":[{"href":"https:\/\/legiavanphongpham.com\/index.php\/wp-json\/wp\/v2\/product\/19597","targetHints":{"allow":["GET"]}}],"collection":[{"href":"https:\/\/legiavanphongpham.com\/index.php\/wp-json\/wp\/v2\/product"}],"about":[{"href":"https:\/\/legiavanphongpham.com\/index.php\/wp-json\/wp\/v2\/types\/product"}],"replies":[{"embeddable":true,"href":"https:\/\/legiavanphongpham.com\/index.php\/wp-json\/wp\/v2\/comments?post=19597"}],"wp:featuredmedia":[{"embeddable":true,"href":"https:\/\/legiavanphongpham.com\/index.php\/wp-json\/wp\/v2\/media\/19598"}],"wp:attachment":[{"href":"https:\/\/legiavanphongpham.com\/index.php\/wp-json\/wp\/v2\/media?parent=19597"}],"wp:term":[{"taxonomy":"product_brand","embeddable":true,"href":"https:\/\/legiavanphongpham.com\/index.php\/wp-json\/wp\/v2\/product_brand?post=19597"},{"taxonomy":"product_cat","embeddable":true,"href":"https:\/\/legiavanphongpham.com\/index.php\/wp-json\/wp\/v2\/product_cat?post=19597"},{"taxonomy":"product_tag","embeddable":true,"href":"https:\/\/legiavanphongpham.com\/index.php\/wp-json\/wp\/v2\/product_tag?post=19597"}],"curies":[{"name":"wp","href":"https:\/\/api.w.org\/{rel}","templated":true}]}}