{"id":19600,"date":"2022-10-25T16:36:14","date_gmt":"2022-10-25T09:36:14","guid":{"rendered":"https:\/\/legiavanphongpham.com\/?post_type=product&#038;p=19600"},"modified":"2022-10-25T16:36:14","modified_gmt":"2022-10-25T09:36:14","slug":"bia-60-la-a4-thien-long","status":"publish","type":"product","link":"https:\/\/legiavanphongpham.com\/index.php\/product\/bia-60-la-a4-thien-long\/","title":{"rendered":"B\u00eca 60 l\u00e1 A4 Thi\u00ean Long"},"content":{"rendered":"","protected":false},"excerpt":{"rendered":"<p><strong>\u0110\u1eb7c \u0110i\u1ec3m:<\/strong><\/p>\n<p style=\"text-align: justify\">B\u00eca nhi\u1ec1u l\u00e1 FO-DB c\u00f3 thi\u1ebft k\u1ebf \u0111\u1eb9p m\u1eaft , \u0111\u01a1n gi\u1ea3n v\u1edbi nhi\u1ec1u m\u00e0u s\u1eafc trang nh\u00e3, l\u1ecbch s\u1ef1, nhi\u1ec1u k\u00edch c\u1ee1 l\u1ef1a ch\u1ecdn t\u00f9y m\u1ee5c \u0111\u00edch s\u1eed d\u1ee5ng.<\/p>\n<p style=\"text-align: justify\">S\u1ea3n ph\u1ea9m \u0111\u01b0\u1ee3c s\u1ea3n xu\u1ea5t theo c\u00f4ng ngh\u1ec7 hi\u1ec7n \u0111\u1ea1i, \u0111\u1ea1t ti\u00eau chu\u1ea9n qu\u1ed1c t\u1ebf , th\u00e2n thi\u1ec7n v\u1edbi m\u00f4i tr\u01b0\u1eddng, thu\u1eadn ti\u1ec7n khi s\u1eed d\u1ee5ng , ch\u1ecbu nhi\u1ec7t, \u00edt tr\u1ea7y x\u01b0\u1edbc, \u0111\u1ed9 b\u1ec1n cao qua nhi\u1ec1u l\u1ea7n s\u1eed d\u1ee5ng.<\/p>\n<p style=\"text-align: justify\">C\u00e1c l\u00e1 \u0111\u01b0\u1ee3c h\u00e0n tr\u00ean c\u00f4ng ngh\u1ec7 si\u00eau \u00e2m v\u00e0 c\u00f3 kh\u1ea3 n\u0103ng ch\u1ecbu \u1ee9ng su\u1ea5t k\u00e9o cao.<\/p>\n","protected":false},"featured_media":19601,"comment_status":"open","ping_status":"closed","template":"","meta":[],"product_brand":[],"product_cat":[279],"product_tag":[],"class_list":{"0":"post-19600","1":"product","2":"type-product","3":"status-publish","4":"has-post-thumbnail","6":"product_cat-bia-la-cac-loai","8":"first","9":"instock","10":"shipping-taxable","11":"product-type-simple"},"_links":{"self":[{"href":"https:\/\/legiavanphongpham.com\/index.php\/wp-json\/wp\/v2\/product\/19600","targetHints":{"allow":["GET"]}}],"collection":[{"href":"https:\/\/legiavanphongpham.com\/index.php\/wp-json\/wp\/v2\/product"}],"about":[{"href":"https:\/\/legiavanphongpham.com\/index.php\/wp-json\/wp\/v2\/types\/product"}],"replies":[{"embeddable":true,"href":"https:\/\/legiavanphongpham.com\/index.php\/wp-json\/wp\/v2\/comments?post=19600"}],"wp:featuredmedia":[{"embeddable":true,"href":"https:\/\/legiavanphongpham.com\/index.php\/wp-json\/wp\/v2\/media\/19601"}],"wp:attachment":[{"href":"https:\/\/legiavanphongpham.com\/index.php\/wp-json\/wp\/v2\/media?parent=19600"}],"wp:term":[{"taxonomy":"product_brand","embeddable":true,"href":"https:\/\/legiavanphongpham.com\/index.php\/wp-json\/wp\/v2\/product_brand?post=19600"},{"taxonomy":"product_cat","embeddable":true,"href":"https:\/\/legiavanphongpham.com\/index.php\/wp-json\/wp\/v2\/product_cat?post=19600"},{"taxonomy":"product_tag","embeddable":true,"href":"https:\/\/legiavanphongpham.com\/index.php\/wp-json\/wp\/v2\/product_tag?post=19600"}],"curies":[{"name":"wp","href":"https:\/\/api.w.org\/{rel}","templated":true}]}}