{"id":19602,"date":"2022-10-25T16:38:29","date_gmt":"2022-10-25T09:38:29","guid":{"rendered":"https:\/\/legiavanphongpham.com\/?post_type=product&#038;p=19602"},"modified":"2022-10-25T16:38:29","modified_gmt":"2022-10-25T09:38:29","slug":"bia-80-la-a4-thien-long","status":"publish","type":"product","link":"https:\/\/legiavanphongpham.com\/index.php\/product\/bia-80-la-a4-thien-long\/","title":{"rendered":"B\u00eca 80 l\u00e1 A4 Thi\u00ean Long"},"content":{"rendered":"","protected":false},"excerpt":{"rendered":"<div class=\"title_module_main heading-bar d-flex justify-content-between align-items-center\">\n<h2 class=\"heading-bar__title \">M\u00f4 t\u1ea3 s\u1ea3n ph\u1ea9m<\/h2>\n<\/div>\n<div class=\"rte product_getcontent py-3 pos-relative\">\n<div id=\"content\">\n<p><strong>Th\u00f4ng S\u1ed1 K\u1ef9 Thu\u1eadt<\/strong><\/p>\n<table id=\"tblGeneralAttribute\" class=\" table table-bordered\" cellspacing=\"0\">\n<tbody>\n<tr class=\"row-info\">\n<td>Th\u01b0\u01a1ng hi\u1ec7u<\/td>\n<td>Flexoffice<\/td>\n<\/tr>\n<tr class=\"row-info\">\n<td>K\u00edch th\u01b0\u1edbc<\/td>\n<td>307x240x50mm, g\u00e1y 50mm, \u0111\u1ed9 d\u00e0y 1mm<\/td>\n<\/tr>\n<tr class=\"row-info\">\n<td>Tr\u1ecdng l\u01b0\u1ee3ng<\/td>\n<td>600 gram<\/td>\n<\/tr>\n<tr class=\"row-info\">\n<td>Quy c\u00e1ch<\/td>\n<td>1 B\u00eca\/t\u00fai PP<\/td>\n<\/tr>\n<tr class=\"row-info\">\n<td>\u0110\u01a1n v\u1ecb t\u00ednh<\/td>\n<td>B\u00eca<\/td>\n<\/tr>\n<tr class=\"row-info\">\n<td>M\u00e0u s\u1eafc<\/td>\n<td>Xanh, xanh \u0111\u1eadm<\/td>\n<\/tr>\n<tr class=\"row-info\">\n<td>\u0110\u1ed9 d\u00e0y<\/td>\n<td>Cover 1mm, Pocket 0.04mm<\/td>\n<\/tr>\n<tr class=\"row-info\">\n<td>Kh\u1ea3 n\u0103ng l\u01b0u tr\u1eef<\/td>\n<td>m\u1ed7i l\u00e1 c\u00f3 th\u1ec3 l\u01b0u tr\u1eef \u0111\u01b0\u1ee3c 10 t\u1edd A4<\/td>\n<\/tr>\n<tr class=\"row-info\">\n<td>B\u1ea3o qu\u1ea3n<\/td>\n<td>Nhi\u1ec7t \u0111\u1ed9: 10 ~ 55\u00ba C, \u0110\u1ed9 \u1ea9m: 55 ~ 95% RH, Tr\u00e1nh xa ngu\u1ed3n nhi\u1ec7t, d\u1ea7u m\u1ee1.<\/td>\n<\/tr>\n<\/tbody>\n<\/table>\n<\/div>\n<\/div>\n","protected":false},"featured_media":19603,"comment_status":"open","ping_status":"closed","template":"","meta":[],"product_brand":[],"product_cat":[279],"product_tag":[],"class_list":{"0":"post-19602","1":"product","2":"type-product","3":"status-publish","4":"has-post-thumbnail","6":"product_cat-bia-la-cac-loai","8":"first","9":"instock","10":"shipping-taxable","11":"product-type-simple"},"_links":{"self":[{"href":"https:\/\/legiavanphongpham.com\/index.php\/wp-json\/wp\/v2\/product\/19602","targetHints":{"allow":["GET"]}}],"collection":[{"href":"https:\/\/legiavanphongpham.com\/index.php\/wp-json\/wp\/v2\/product"}],"about":[{"href":"https:\/\/legiavanphongpham.com\/index.php\/wp-json\/wp\/v2\/types\/product"}],"replies":[{"embeddable":true,"href":"https:\/\/legiavanphongpham.com\/index.php\/wp-json\/wp\/v2\/comments?post=19602"}],"wp:featuredmedia":[{"embeddable":true,"href":"https:\/\/legiavanphongpham.com\/index.php\/wp-json\/wp\/v2\/media\/19603"}],"wp:attachment":[{"href":"https:\/\/legiavanphongpham.com\/index.php\/wp-json\/wp\/v2\/media?parent=19602"}],"wp:term":[{"taxonomy":"product_brand","embeddable":true,"href":"https:\/\/legiavanphongpham.com\/index.php\/wp-json\/wp\/v2\/product_brand?post=19602"},{"taxonomy":"product_cat","embeddable":true,"href":"https:\/\/legiavanphongpham.com\/index.php\/wp-json\/wp\/v2\/product_cat?post=19602"},{"taxonomy":"product_tag","embeddable":true,"href":"https:\/\/legiavanphongpham.com\/index.php\/wp-json\/wp\/v2\/product_tag?post=19602"}],"curies":[{"name":"wp","href":"https:\/\/api.w.org\/{rel}","templated":true}]}}