{"id":19605,"date":"2022-10-25T16:43:16","date_gmt":"2022-10-25T09:43:16","guid":{"rendered":"https:\/\/legiavanphongpham.com\/?post_type=product&#038;p=19605"},"modified":"2022-10-25T16:43:17","modified_gmt":"2022-10-25T09:43:17","slug":"bia-la-a4-plus","status":"publish","type":"product","link":"https:\/\/legiavanphongpham.com\/index.php\/product\/bia-la-a4-plus\/","title":{"rendered":"B\u00eca l\u00e1 A4 Plus"},"content":{"rendered":"","protected":false},"excerpt":{"rendered":"<h2><strong>C\u00d4NG D\u1ee4NG C\u1ee6A B\u00ccA L\u00c1 PLUS A4<\/strong><\/h2>\n<p><strong>B\u00eca l\u00e1 Plus A4<\/strong>\u00a00.15mm chuy\u00ean s\u1eed d\u1ee5ng \u0111\u1ec3 \u0111\u1ef1ng c\u00e1c ch\u1ee9ng t\u1eeb, t\u00e0i li\u1ec7u kh\u1ed5 A4, A5&#8230; r\u1ea5t h\u1eefu \u00edch cho c\u00f4ng vi\u1ec7c h\u00e0nh ch\u00ednh v\u0103n ph\u00f2ng.<\/p>\n<p>S\u1ea3n ph\u1ea9m gi\u00fap b\u1ea1n c\u1ea5t gi\u1eef gi\u1ea5y t\u1edd, t\u00e0i li\u1ec7u quan tr\u1ecdng tr\u00e1nh b\u1ee5i b\u1ea9n, r\u00e1ch hay \u1ea9m \u01b0\u1edbt, \u0111\u1ed3ng th\u1eddi b\u1ea1n c\u00f2n d\u1ec5 d\u00e0ng ph\u00e2n lo\u1ea1i t\u00e0i li\u1ec7u, h\u1ed3 s\u01a1 \u0111\u1ec3 ti\u1ec7n t\u00ecm ki\u1ebfm khi c\u1ea7n. \u0110\u1ed9 d\u00e0y b\u00eca 0.15mm cho kh\u1ea3 n\u0103ng s\u1eed d\u1ee5ng linh ho\u1ea1t v\u00e0 kh\u00f4ng t\u1ed1n nhi\u1ec1u di\u1ec7n t\u00edch \u0111\u1eb7t \u0111\u1ec3.<\/p>\n","protected":false},"featured_media":19606,"comment_status":"open","ping_status":"closed","template":"","meta":[],"product_brand":[],"product_cat":[279],"product_tag":[],"class_list":{"0":"post-19605","1":"product","2":"type-product","3":"status-publish","4":"has-post-thumbnail","6":"product_cat-bia-la-cac-loai","8":"first","9":"instock","10":"shipping-taxable","11":"product-type-simple"},"_links":{"self":[{"href":"https:\/\/legiavanphongpham.com\/index.php\/wp-json\/wp\/v2\/product\/19605","targetHints":{"allow":["GET"]}}],"collection":[{"href":"https:\/\/legiavanphongpham.com\/index.php\/wp-json\/wp\/v2\/product"}],"about":[{"href":"https:\/\/legiavanphongpham.com\/index.php\/wp-json\/wp\/v2\/types\/product"}],"replies":[{"embeddable":true,"href":"https:\/\/legiavanphongpham.com\/index.php\/wp-json\/wp\/v2\/comments?post=19605"}],"wp:featuredmedia":[{"embeddable":true,"href":"https:\/\/legiavanphongpham.com\/index.php\/wp-json\/wp\/v2\/media\/19606"}],"wp:attachment":[{"href":"https:\/\/legiavanphongpham.com\/index.php\/wp-json\/wp\/v2\/media?parent=19605"}],"wp:term":[{"taxonomy":"product_brand","embeddable":true,"href":"https:\/\/legiavanphongpham.com\/index.php\/wp-json\/wp\/v2\/product_brand?post=19605"},{"taxonomy":"product_cat","embeddable":true,"href":"https:\/\/legiavanphongpham.com\/index.php\/wp-json\/wp\/v2\/product_cat?post=19605"},{"taxonomy":"product_tag","embeddable":true,"href":"https:\/\/legiavanphongpham.com\/index.php\/wp-json\/wp\/v2\/product_tag?post=19605"}],"curies":[{"name":"wp","href":"https:\/\/api.w.org\/{rel}","templated":true}]}}