{"id":19607,"date":"2022-10-25T16:45:12","date_gmt":"2022-10-25T09:45:12","guid":{"rendered":"https:\/\/legiavanphongpham.com\/?post_type=product&#038;p=19607"},"modified":"2022-10-25T16:45:12","modified_gmt":"2022-10-25T09:45:12","slug":"bia-la-a4-double","status":"publish","type":"product","link":"https:\/\/legiavanphongpham.com\/index.php\/product\/bia-la-a4-double\/","title":{"rendered":"B\u00eca l\u00e1 A4 Double"},"content":{"rendered":"","protected":false},"excerpt":{"rendered":"<div class=\"_2N2_VN\">M\u00d4 T\u1ea2 S\u1ea2N PH\u1ea8M<\/div>\n<div class=\"_2jz573\">\n<div class=\"_1MqcWX\">\n<p class=\"_2jrvqA\">B\u00eca l\u00e1 Double A A4 0.18mm \u0111\u01b0\u1ee3c h\u00e3ng gi\u1ea5y in n\u1ed5i ti\u1ebfng t\u1eeb Th\u00e1i Lan l\u00e0 Double A cho ra m\u1eaft v\u1edbi ch\u1ea5t l\u01b0\u1ee3ng b\u1ec1n \u0111\u1eb9p. \u0110\u1eb7c \u0111i\u1ec3m s\u1ea3n ph\u1ea9m: &#8211; K\u00edch th\u01b0\u1edbc A4 ph\u1ed5 bi\u1ebfn, ch\u1ea5t li\u1ec7u nh\u1eb9 b\u1ec1n &#8211; M\u00e0u tr\u1eafng trong v\u00e0 kh\u00f4ng c\u00f3 m\u00f9i \u0111\u1ed9c h\u1ea1i. &#8211; B\u00eca \u0111\u01b0\u1ee3c l\u00e0m t\u1eeb v\u1eadt li\u1ec7u PP lo\u1ea1i t\u1ed1t, d\u1ec5 d\u00e0ng ch\u1ed1ng l\u1ea1i c\u00e1c l\u1ef1c va \u0111\u1eadp cao, gi\u00fap h\u1ea1n ch\u1ebf nh\u0103n hay r\u00e1ch b\u1ec1 m\u1eb7t. &#8211; C\u00f4ng ngh\u1ec7 h\u00e0n si\u00eau \u00e2m cho \u0111\u01b0\u1eddng h\u00e0n ch\u1eafc \u0111\u1eb9p, \u0111\u1ea3m b\u1ea3o t\u00ednh th\u1ea9m m\u1ef9 cho b\u00eca l\u00e1. C\u00f4ng d\u1ee5ng: C\u1ea5t gi\u1eef gi\u1ea5y t\u1edd, t\u00e0i li\u1ec7u quan tr\u1ecdng tr\u00e1nh b\u1ee5i b\u1ea9n, r\u00e1ch hay \u1ea9m \u01b0\u1edbt D\u1ec5 d\u00e0ng ph\u00e2n lo\u1ea1i t\u00e0i li\u1ec7u, h\u1ed3 s\u01a1 \u0111\u1ec3 ti\u1ec7n t\u00ecm ki\u1ebfm khi c\u1ea7n<\/p>\n<\/div>\n<\/div>\n","protected":false},"featured_media":19608,"comment_status":"open","ping_status":"closed","template":"","meta":[],"product_brand":[],"product_cat":[279],"product_tag":[],"class_list":{"0":"post-19607","1":"product","2":"type-product","3":"status-publish","4":"has-post-thumbnail","6":"product_cat-bia-la-cac-loai","8":"first","9":"instock","10":"shipping-taxable","11":"product-type-simple"},"_links":{"self":[{"href":"https:\/\/legiavanphongpham.com\/index.php\/wp-json\/wp\/v2\/product\/19607","targetHints":{"allow":["GET"]}}],"collection":[{"href":"https:\/\/legiavanphongpham.com\/index.php\/wp-json\/wp\/v2\/product"}],"about":[{"href":"https:\/\/legiavanphongpham.com\/index.php\/wp-json\/wp\/v2\/types\/product"}],"replies":[{"embeddable":true,"href":"https:\/\/legiavanphongpham.com\/index.php\/wp-json\/wp\/v2\/comments?post=19607"}],"wp:featuredmedia":[{"embeddable":true,"href":"https:\/\/legiavanphongpham.com\/index.php\/wp-json\/wp\/v2\/media\/19608"}],"wp:attachment":[{"href":"https:\/\/legiavanphongpham.com\/index.php\/wp-json\/wp\/v2\/media?parent=19607"}],"wp:term":[{"taxonomy":"product_brand","embeddable":true,"href":"https:\/\/legiavanphongpham.com\/index.php\/wp-json\/wp\/v2\/product_brand?post=19607"},{"taxonomy":"product_cat","embeddable":true,"href":"https:\/\/legiavanphongpham.com\/index.php\/wp-json\/wp\/v2\/product_cat?post=19607"},{"taxonomy":"product_tag","embeddable":true,"href":"https:\/\/legiavanphongpham.com\/index.php\/wp-json\/wp\/v2\/product_tag?post=19607"}],"curies":[{"name":"wp","href":"https:\/\/api.w.org\/{rel}","templated":true}]}}