{"id":19609,"date":"2022-10-25T16:47:47","date_gmt":"2022-10-25T09:47:47","guid":{"rendered":"https:\/\/legiavanphongpham.com\/?post_type=product&#038;p=19609"},"modified":"2024-08-26T13:59:00","modified_gmt":"2024-08-26T06:59:00","slug":"bia-la-a4-thien-long","status":"publish","type":"product","link":"https:\/\/legiavanphongpham.com\/index.php\/product\/bia-la-a4-thien-long\/","title":{"rendered":"B\u00eca l\u00e1 A4 Thi\u00ean Long"},"content":{"rendered":"<p>Xu\u1ea5t X\u1ee9: Vi\u1ec7t Nam<\/p>\n","protected":false},"excerpt":{"rendered":"<h1><strong>B\u00eca L\u00e1 A4 Thi\u00ean Long Flexoffice\u00a0<\/strong><\/h1>\n<p><b>\u0110\u1eb7c \u0111i\u1ec3m:<\/b><\/p>\n<ul>\n<li><strong>B\u00eca L\u00e1 A4 Thi\u00ean Long Flexoffice FO-CH03<\/strong>\u00a0l\u00e0 s\u1ea3n ph\u1ea9m th\u01b0\u01a1ng hi\u1ec7u Flexoffice c\u1ee7a\u00a0T\u1eadp \u0111o\u00e0n v\u0103n ph\u00f2ng ph\u1ea9m Thi\u00ean Long. S\u1ea3n ph\u1ea9m l\u00e0m b\u1eb1ng nh\u1ef1a cao c\u1ea5p. \u0110\u1ed9 b\u1ec1n \u0111\u01b0\u1eddng h\u00e0n cao, ch\u1eafc ch\u1eafn. SKU 8936040450302.<\/li>\n<\/ul>\n<p><b>Th\u00f4ng s\u1ed1 k\u0129 thu\u1eadt:<\/b><\/p>\n<table border=\"1\" cellspacing=\"0.5\" cellpadding=\"0.5\">\n<tbody>\n<tr>\n<td>Th\u01b0\u01a1ng hi\u1ec7u<\/td>\n<td>Flexoffice &#8211; Thi\u00ean Long<\/td>\n<\/tr>\n<tr>\n<td>K\u00edch th\u01b0\u1edbc<\/td>\n<td>307x240x0.15mm<\/td>\n<\/tr>\n<tr>\n<td>M\u00e0u<\/td>\n<td>Tr\u1eafng Trong<\/td>\n<\/tr>\n<tr>\n<td>\u0110\u01a1n v\u1ecb t\u00ednh<\/td>\n<td>C\u00e1i<\/td>\n<\/tr>\n<tr>\n<td>\u0110\u00f3ng g\u00f3i<\/td>\n<td>10 C\u00e1i \/ X\u1ea5p<\/td>\n<\/tr>\n<tr>\n<td>Xu\u1ea5t x\u1ee9<\/td>\n<td>Vi\u1ec7t Nam<\/td>\n<\/tr>\n<\/tbody>\n<\/table>\n","protected":false},"featured_media":19610,"comment_status":"open","ping_status":"closed","template":"","meta":[],"product_brand":[],"product_cat":[279],"product_tag":[],"class_list":{"0":"post-19609","1":"product","2":"type-product","3":"status-publish","4":"has-post-thumbnail","6":"product_cat-bia-la-cac-loai","8":"first","9":"instock","10":"shipping-taxable","11":"product-type-simple"},"_links":{"self":[{"href":"https:\/\/legiavanphongpham.com\/index.php\/wp-json\/wp\/v2\/product\/19609","targetHints":{"allow":["GET"]}}],"collection":[{"href":"https:\/\/legiavanphongpham.com\/index.php\/wp-json\/wp\/v2\/product"}],"about":[{"href":"https:\/\/legiavanphongpham.com\/index.php\/wp-json\/wp\/v2\/types\/product"}],"replies":[{"embeddable":true,"href":"https:\/\/legiavanphongpham.com\/index.php\/wp-json\/wp\/v2\/comments?post=19609"}],"wp:featuredmedia":[{"embeddable":true,"href":"https:\/\/legiavanphongpham.com\/index.php\/wp-json\/wp\/v2\/media\/19610"}],"wp:attachment":[{"href":"https:\/\/legiavanphongpham.com\/index.php\/wp-json\/wp\/v2\/media?parent=19609"}],"wp:term":[{"taxonomy":"product_brand","embeddable":true,"href":"https:\/\/legiavanphongpham.com\/index.php\/wp-json\/wp\/v2\/product_brand?post=19609"},{"taxonomy":"product_cat","embeddable":true,"href":"https:\/\/legiavanphongpham.com\/index.php\/wp-json\/wp\/v2\/product_cat?post=19609"},{"taxonomy":"product_tag","embeddable":true,"href":"https:\/\/legiavanphongpham.com\/index.php\/wp-json\/wp\/v2\/product_tag?post=19609"}],"curies":[{"name":"wp","href":"https:\/\/api.w.org\/{rel}","templated":true}]}}