{"id":19611,"date":"2022-10-25T16:50:01","date_gmt":"2022-10-25T09:50:01","guid":{"rendered":"https:\/\/legiavanphongpham.com\/?post_type=product&#038;p=19611"},"modified":"2022-10-25T16:50:01","modified_gmt":"2022-10-25T09:50:01","slug":"bia-la-f4-thien-long","status":"publish","type":"product","link":"https:\/\/legiavanphongpham.com\/index.php\/product\/bia-la-f4-thien-long\/","title":{"rendered":"B\u00eca l\u00e1 F4 Thi\u00ean long"},"content":{"rendered":"","protected":false},"excerpt":{"rendered":"<p><strong>Th\u00f4ng S\u1ed1 K\u1ef9 Thu\u1eadt<\/strong><\/p>\n<table id=\"tblGeneralAttribute\" class=\" table table-bordered\" cellspacing=\"0\">\n<tbody>\n<tr class=\"row-info\">\n<td>Th\u01b0\u01a1ng hi\u1ec7u<\/td>\n<td>Flexoffice<\/td>\n<\/tr>\n<tr class=\"row-info\">\n<td>K\u00edch th\u01b0\u1edbc<\/td>\n<td>355 x 240 x 0.18 mm (F4)<\/td>\n<\/tr>\n<tr class=\"row-info\">\n<td>Tr\u1ecdng l\u01b0\u1ee3ng<\/td>\n<td>25 gram<\/td>\n<\/tr>\n<tr class=\"row-info\">\n<td>Quy c\u00e1ch<\/td>\n<td>10 c\u00e1i\/t\u00fai nilong PP; 1000 c\u00e1i \/th\u00f9ng.<\/td>\n<\/tr>\n<tr class=\"row-info\">\n<td>M\u00e0u s\u1eafc<\/td>\n<td>Trong su\u1ed1t<\/td>\n<\/tr>\n<tr class=\"row-info\">\n<td>\u0110\u1ed9 d\u00e0y<\/td>\n<td>0.18 mm<\/td>\n<\/tr>\n<tr class=\"row-info\">\n<td>\u0110\u1ed9 trong su\u1ed1t<\/td>\n<td>Cao<\/td>\n<\/tr>\n<\/tbody>\n<\/table>\n","protected":false},"featured_media":19612,"comment_status":"open","ping_status":"closed","template":"","meta":[],"product_brand":[],"product_cat":[279],"product_tag":[],"class_list":{"0":"post-19611","1":"product","2":"type-product","3":"status-publish","4":"has-post-thumbnail","6":"product_cat-bia-la-cac-loai","8":"first","9":"instock","10":"shipping-taxable","11":"product-type-simple"},"_links":{"self":[{"href":"https:\/\/legiavanphongpham.com\/index.php\/wp-json\/wp\/v2\/product\/19611","targetHints":{"allow":["GET"]}}],"collection":[{"href":"https:\/\/legiavanphongpham.com\/index.php\/wp-json\/wp\/v2\/product"}],"about":[{"href":"https:\/\/legiavanphongpham.com\/index.php\/wp-json\/wp\/v2\/types\/product"}],"replies":[{"embeddable":true,"href":"https:\/\/legiavanphongpham.com\/index.php\/wp-json\/wp\/v2\/comments?post=19611"}],"wp:featuredmedia":[{"embeddable":true,"href":"https:\/\/legiavanphongpham.com\/index.php\/wp-json\/wp\/v2\/media\/19612"}],"wp:attachment":[{"href":"https:\/\/legiavanphongpham.com\/index.php\/wp-json\/wp\/v2\/media?parent=19611"}],"wp:term":[{"taxonomy":"product_brand","embeddable":true,"href":"https:\/\/legiavanphongpham.com\/index.php\/wp-json\/wp\/v2\/product_brand?post=19611"},{"taxonomy":"product_cat","embeddable":true,"href":"https:\/\/legiavanphongpham.com\/index.php\/wp-json\/wp\/v2\/product_cat?post=19611"},{"taxonomy":"product_tag","embeddable":true,"href":"https:\/\/legiavanphongpham.com\/index.php\/wp-json\/wp\/v2\/product_tag?post=19611"}],"curies":[{"name":"wp","href":"https:\/\/api.w.org\/{rel}","templated":true}]}}