{"id":19624,"date":"2022-10-26T16:09:31","date_gmt":"2022-10-26T09:09:31","guid":{"rendered":"https:\/\/legiavanphongpham.com\/?post_type=product&#038;p=19624"},"modified":"2022-10-26T16:09:31","modified_gmt":"2022-10-26T09:09:31","slug":"pin-9v-energizer","status":"publish","type":"product","link":"https:\/\/legiavanphongpham.com\/index.php\/product\/pin-9v-energizer\/","title":{"rendered":"Pin 9V Energizer"},"content":{"rendered":"","protected":false},"excerpt":{"rendered":"<p>Pin 9V Energizer Max ch\u00ednh h\u00e3ng<br \/>\n\u2022 Lo\u1ea1i pin: Pin ki\u1ec1m \/ Alkaline<br \/>\n\u2022 H\u00e3ng: Energizer (USA)<br \/>\n\u2022 Model: Energizer Max<br \/>\n\u2022 \u0110i\u1ec7n th\u1ebf: 1.5 V<br \/>\n\u2022 K\u00edch th\u01b0\u1edbc: Pin 9V\/ Pin vu\u00f4ng\/ Pin 6LR61<br \/>\n\u2022 H\u00ecnh th\u1ee9c \u0111\u00f3ng g\u00f3i: V\u1ec9 1 vi\u00ean<\/p>\n","protected":false},"featured_media":19625,"comment_status":"open","ping_status":"closed","template":"","meta":[],"product_brand":[],"product_cat":[281],"product_tag":[],"class_list":{"0":"post-19624","1":"product","2":"type-product","3":"status-publish","4":"has-post-thumbnail","6":"product_cat-pin-cac-loai","8":"first","9":"instock","10":"shipping-taxable","11":"product-type-simple"},"_links":{"self":[{"href":"https:\/\/legiavanphongpham.com\/index.php\/wp-json\/wp\/v2\/product\/19624","targetHints":{"allow":["GET"]}}],"collection":[{"href":"https:\/\/legiavanphongpham.com\/index.php\/wp-json\/wp\/v2\/product"}],"about":[{"href":"https:\/\/legiavanphongpham.com\/index.php\/wp-json\/wp\/v2\/types\/product"}],"replies":[{"embeddable":true,"href":"https:\/\/legiavanphongpham.com\/index.php\/wp-json\/wp\/v2\/comments?post=19624"}],"wp:featuredmedia":[{"embeddable":true,"href":"https:\/\/legiavanphongpham.com\/index.php\/wp-json\/wp\/v2\/media\/19625"}],"wp:attachment":[{"href":"https:\/\/legiavanphongpham.com\/index.php\/wp-json\/wp\/v2\/media?parent=19624"}],"wp:term":[{"taxonomy":"product_brand","embeddable":true,"href":"https:\/\/legiavanphongpham.com\/index.php\/wp-json\/wp\/v2\/product_brand?post=19624"},{"taxonomy":"product_cat","embeddable":true,"href":"https:\/\/legiavanphongpham.com\/index.php\/wp-json\/wp\/v2\/product_cat?post=19624"},{"taxonomy":"product_tag","embeddable":true,"href":"https:\/\/legiavanphongpham.com\/index.php\/wp-json\/wp\/v2\/product_tag?post=19624"}],"curies":[{"name":"wp","href":"https:\/\/api.w.org\/{rel}","templated":true}]}}