{"id":19626,"date":"2022-10-26T16:11:20","date_gmt":"2022-10-26T09:11:20","guid":{"rendered":"https:\/\/legiavanphongpham.com\/?post_type=product&#038;p=19626"},"modified":"2022-10-26T16:12:02","modified_gmt":"2022-10-26T09:12:02","slug":"pin-9v-energizer-2","status":"publish","type":"product","link":"https:\/\/legiavanphongpham.com\/index.php\/product\/pin-9v-energizer-2\/","title":{"rendered":"Pin Trung Energizer"},"content":{"rendered":"","protected":false},"excerpt":{"rendered":"<p>Energizer E93 BP2 | Pin C ( Size Trung ) Alkaline Ch\u1ea5t L\u01b0\u1ee3ng Cao | Ph\u00e2n Ph\u1ed1i Ch\u00ednh H\u00e3ng Th\u00f4ng tin s\u1ea3n ph\u1ea9m Energizer E93 BP2 \u2022 Lo\u1ea1i pin: Pin ki\u1ec1m \/ Alkaline. \u2022 H\u00e3ng: Energizer (USA). \u2022 Model: Energizer<\/p>\n","protected":false},"featured_media":19627,"comment_status":"open","ping_status":"closed","template":"","meta":[],"product_brand":[],"product_cat":[281],"product_tag":[],"class_list":{"0":"post-19626","1":"product","2":"type-product","3":"status-publish","4":"has-post-thumbnail","6":"product_cat-pin-cac-loai","8":"first","9":"instock","10":"shipping-taxable","11":"product-type-simple"},"_links":{"self":[{"href":"https:\/\/legiavanphongpham.com\/index.php\/wp-json\/wp\/v2\/product\/19626","targetHints":{"allow":["GET"]}}],"collection":[{"href":"https:\/\/legiavanphongpham.com\/index.php\/wp-json\/wp\/v2\/product"}],"about":[{"href":"https:\/\/legiavanphongpham.com\/index.php\/wp-json\/wp\/v2\/types\/product"}],"replies":[{"embeddable":true,"href":"https:\/\/legiavanphongpham.com\/index.php\/wp-json\/wp\/v2\/comments?post=19626"}],"wp:featuredmedia":[{"embeddable":true,"href":"https:\/\/legiavanphongpham.com\/index.php\/wp-json\/wp\/v2\/media\/19627"}],"wp:attachment":[{"href":"https:\/\/legiavanphongpham.com\/index.php\/wp-json\/wp\/v2\/media?parent=19626"}],"wp:term":[{"taxonomy":"product_brand","embeddable":true,"href":"https:\/\/legiavanphongpham.com\/index.php\/wp-json\/wp\/v2\/product_brand?post=19626"},{"taxonomy":"product_cat","embeddable":true,"href":"https:\/\/legiavanphongpham.com\/index.php\/wp-json\/wp\/v2\/product_cat?post=19626"},{"taxonomy":"product_tag","embeddable":true,"href":"https:\/\/legiavanphongpham.com\/index.php\/wp-json\/wp\/v2\/product_tag?post=19626"}],"curies":[{"name":"wp","href":"https:\/\/api.w.org\/{rel}","templated":true}]}}