{"id":19631,"date":"2022-10-26T16:16:20","date_gmt":"2022-10-26T09:16:20","guid":{"rendered":"https:\/\/legiavanphongpham.com\/?post_type=product&#038;p=19631"},"modified":"2022-10-26T16:16:20","modified_gmt":"2022-10-26T09:16:20","slug":"pin-2a-3a-panasonic","status":"publish","type":"product","link":"https:\/\/legiavanphongpham.com\/index.php\/product\/pin-2a-3a-panasonic\/","title":{"rendered":"Pin 2A 3A Panasonic"},"content":{"rendered":"","protected":false},"excerpt":{"rendered":"<ul>\n<li>Lo\u1ea1i pin: Pin ti\u1ec3u\/\u00a0Pin AA<\/li>\n<li>C\u00f4ng ngh\u1ec7:\u00a0Pin than\u00a0\/ ZinC Carbon<\/li>\n<li>Volts: 1.5V<\/li>\n<li>M\u00e3 s\u1ea3n ph\u1ea9m: Panasonic R6DT\/4S<\/li>\n<li>H\u00ecnh th\u1ee9c \u0111\u00f3ng g\u00f3i: 60 vi\u00ean\/ h\u1ed9p, 4 vi\u00ean\/v\u1ec9<\/li>\n<li>H\u00e3ng s\u1ea3n xu\u1ea5t: Panasonic<\/li>\n<\/ul>\n","protected":false},"featured_media":19632,"comment_status":"open","ping_status":"closed","template":"","meta":[],"product_brand":[],"product_cat":[281],"product_tag":[],"class_list":{"0":"post-19631","1":"product","2":"type-product","3":"status-publish","4":"has-post-thumbnail","6":"product_cat-pin-cac-loai","8":"first","9":"instock","10":"shipping-taxable","11":"product-type-simple"},"_links":{"self":[{"href":"https:\/\/legiavanphongpham.com\/index.php\/wp-json\/wp\/v2\/product\/19631","targetHints":{"allow":["GET"]}}],"collection":[{"href":"https:\/\/legiavanphongpham.com\/index.php\/wp-json\/wp\/v2\/product"}],"about":[{"href":"https:\/\/legiavanphongpham.com\/index.php\/wp-json\/wp\/v2\/types\/product"}],"replies":[{"embeddable":true,"href":"https:\/\/legiavanphongpham.com\/index.php\/wp-json\/wp\/v2\/comments?post=19631"}],"wp:featuredmedia":[{"embeddable":true,"href":"https:\/\/legiavanphongpham.com\/index.php\/wp-json\/wp\/v2\/media\/19632"}],"wp:attachment":[{"href":"https:\/\/legiavanphongpham.com\/index.php\/wp-json\/wp\/v2\/media?parent=19631"}],"wp:term":[{"taxonomy":"product_brand","embeddable":true,"href":"https:\/\/legiavanphongpham.com\/index.php\/wp-json\/wp\/v2\/product_brand?post=19631"},{"taxonomy":"product_cat","embeddable":true,"href":"https:\/\/legiavanphongpham.com\/index.php\/wp-json\/wp\/v2\/product_cat?post=19631"},{"taxonomy":"product_tag","embeddable":true,"href":"https:\/\/legiavanphongpham.com\/index.php\/wp-json\/wp\/v2\/product_tag?post=19631"}],"curies":[{"name":"wp","href":"https:\/\/api.w.org\/{rel}","templated":true}]}}