{"id":19635,"date":"2022-10-26T16:20:19","date_gmt":"2022-10-26T09:20:19","guid":{"rendered":"https:\/\/legiavanphongpham.com\/?post_type=product&#038;p=19635"},"modified":"2022-10-26T16:20:19","modified_gmt":"2022-10-26T09:20:19","slug":"pin-dai-panasonic","status":"publish","type":"product","link":"https:\/\/legiavanphongpham.com\/index.php\/product\/pin-dai-panasonic\/","title":{"rendered":"Pin \u0110\u1ea1i PANASONIC"},"content":{"rendered":"","protected":false},"excerpt":{"rendered":"<h2 class=\"BlockTitle__Wrapper-sc-qpz3fo-0 eHltcn\">M\u00f4 T\u1ea3 S\u1ea3n Ph\u1ea9m<\/h2>\n<div class=\"content\">\n<div class=\"ToggleContent__Wrapper-sc-1dbmfaw-1 cqXrJr\">\n<div class=\"ToggleContent__View-sc-1dbmfaw-0 wyACs\">\n<p>Pin \u0110\u1ea1i l\u00e0 lo\u1ea1i pin th\u00f4ng d\u1ee5ng d\u00f9ng cho r\u1ea5t nhi\u1ec1u thi\u1ebft b\u1ecb nh\u01b0 b\u1ebfp gas , \u0111\u00e0i radio , \u0111\u1ed3ng h\u1ed3 qu\u1ea3 l\u1eafc . V\u1edbi c\u00f4ng ngh\u1ec7 ch\u1ebf t\u1ea1o pin v\u01b0\u1ee3t tr\u1ed9i . Pin \u0110\u1ea1i Panasonic c\u00f3 nh\u1eefng \u01b0u \u0111i\u1ec3m v\u01b0\u1ee3t tr\u1ed9i sau:<\/p>\n<p>NH\u1eacP KH\u1ea8U TR\u1ef0C TI\u1ebeP T\u1eea INDONESIA B\u1edeI PANASONIC<\/p>\n<p>&#8211; Th\u1eddi gian s\u1eed d\u1ee5ng l\u00e2u d\u00e0i , b\u1ec1n b\u1ec9<\/p>\n<p>&#8211; Kh\u00f4ng ch\u1ea3y n\u01b0\u1edbc , kh\u00f4ng r\u00f2 r\u1ec9 g\u00e2y h\u01b0 h\u1ea1i thi\u1ebft b\u1ecb<\/p>\n<p>&#8211; Kh\u00f4ng ch\u1ee9 Kim lo\u1ea1i n\u1eb7ng nh\u01b0 ch\u00ec , th\u1ee7y ng\u00e2n , cadium g\u00e2y \u1ea3nh h\u01b0\u1edfng \u0111\u1ebfn s\u1ee9c kh\u1ecfe con ng\u01b0\u1eddi v\u00e0 m\u00f4i tr\u01b0\u1eddng<\/p>\n<\/div>\n<\/div>\n<\/div>\n","protected":false},"featured_media":19637,"comment_status":"open","ping_status":"closed","template":"","meta":[],"product_brand":[],"product_cat":[281],"product_tag":[],"class_list":{"0":"post-19635","1":"product","2":"type-product","3":"status-publish","4":"has-post-thumbnail","6":"product_cat-pin-cac-loai","8":"first","9":"instock","10":"shipping-taxable","11":"product-type-simple"},"_links":{"self":[{"href":"https:\/\/legiavanphongpham.com\/index.php\/wp-json\/wp\/v2\/product\/19635","targetHints":{"allow":["GET"]}}],"collection":[{"href":"https:\/\/legiavanphongpham.com\/index.php\/wp-json\/wp\/v2\/product"}],"about":[{"href":"https:\/\/legiavanphongpham.com\/index.php\/wp-json\/wp\/v2\/types\/product"}],"replies":[{"embeddable":true,"href":"https:\/\/legiavanphongpham.com\/index.php\/wp-json\/wp\/v2\/comments?post=19635"}],"wp:featuredmedia":[{"embeddable":true,"href":"https:\/\/legiavanphongpham.com\/index.php\/wp-json\/wp\/v2\/media\/19637"}],"wp:attachment":[{"href":"https:\/\/legiavanphongpham.com\/index.php\/wp-json\/wp\/v2\/media?parent=19635"}],"wp:term":[{"taxonomy":"product_brand","embeddable":true,"href":"https:\/\/legiavanphongpham.com\/index.php\/wp-json\/wp\/v2\/product_brand?post=19635"},{"taxonomy":"product_cat","embeddable":true,"href":"https:\/\/legiavanphongpham.com\/index.php\/wp-json\/wp\/v2\/product_cat?post=19635"},{"taxonomy":"product_tag","embeddable":true,"href":"https:\/\/legiavanphongpham.com\/index.php\/wp-json\/wp\/v2\/product_tag?post=19635"}],"curies":[{"name":"wp","href":"https:\/\/api.w.org\/{rel}","templated":true}]}}