{"id":19638,"date":"2022-10-26T16:22:12","date_gmt":"2022-10-26T09:22:12","guid":{"rendered":"https:\/\/legiavanphongpham.com\/?post_type=product&#038;p=19638"},"modified":"2022-10-26T16:22:12","modified_gmt":"2022-10-26T09:22:12","slug":"pin-2a-3a-maxell","status":"publish","type":"product","link":"https:\/\/legiavanphongpham.com\/index.php\/product\/pin-2a-3a-maxell\/","title":{"rendered":"Pin 2A 3A MAXELL"},"content":{"rendered":"","protected":false},"excerpt":{"rendered":"<p>D\u00f9ng cho \u0111\u1ed3ng h\u1ed3, \u0111\u1ed3 ch\u01a1i tr\u1ebb em, m\u00e1y ch\u1ee5p h\u00ecnh, micro Karaoke, Remote, \u2026<br \/>\n\u2013 Quy c\u00e1ch \u0111\u00f3ng g\u00f3i: 40 vi\u00ean \/ h\u1ed9p<br \/>\n\u2013 C\u00f4ng d\u1ee5ng: C\u1ea5p \u0111i\u1ec7n cho c\u00e1c thi\u1ebft b\u1ecb nh\u01b0: remote, \u0111\u00e8n pin, \u0111\u1ed3ng h\u1ed3 treo t\u01b0\u1eddng, m\u00e1y ch\u1ee5p h\u00ecnh, tr\u00f2 ch\u01a1i \u0111i\u1ec7n t\u1eed,\u2026<br \/>\n\u2013 \u0110i\u1ec7n \u00e1p: 1.5V<\/p>\n","protected":false},"featured_media":19639,"comment_status":"open","ping_status":"closed","template":"","meta":[],"product_brand":[],"product_cat":[281],"product_tag":[],"class_list":{"0":"post-19638","1":"product","2":"type-product","3":"status-publish","4":"has-post-thumbnail","6":"product_cat-pin-cac-loai","8":"first","9":"instock","10":"shipping-taxable","11":"product-type-simple"},"_links":{"self":[{"href":"https:\/\/legiavanphongpham.com\/index.php\/wp-json\/wp\/v2\/product\/19638","targetHints":{"allow":["GET"]}}],"collection":[{"href":"https:\/\/legiavanphongpham.com\/index.php\/wp-json\/wp\/v2\/product"}],"about":[{"href":"https:\/\/legiavanphongpham.com\/index.php\/wp-json\/wp\/v2\/types\/product"}],"replies":[{"embeddable":true,"href":"https:\/\/legiavanphongpham.com\/index.php\/wp-json\/wp\/v2\/comments?post=19638"}],"wp:featuredmedia":[{"embeddable":true,"href":"https:\/\/legiavanphongpham.com\/index.php\/wp-json\/wp\/v2\/media\/19639"}],"wp:attachment":[{"href":"https:\/\/legiavanphongpham.com\/index.php\/wp-json\/wp\/v2\/media?parent=19638"}],"wp:term":[{"taxonomy":"product_brand","embeddable":true,"href":"https:\/\/legiavanphongpham.com\/index.php\/wp-json\/wp\/v2\/product_brand?post=19638"},{"taxonomy":"product_cat","embeddable":true,"href":"https:\/\/legiavanphongpham.com\/index.php\/wp-json\/wp\/v2\/product_cat?post=19638"},{"taxonomy":"product_tag","embeddable":true,"href":"https:\/\/legiavanphongpham.com\/index.php\/wp-json\/wp\/v2\/product_tag?post=19638"}],"curies":[{"name":"wp","href":"https:\/\/api.w.org\/{rel}","templated":true}]}}