{"id":19640,"date":"2022-10-26T16:23:55","date_gmt":"2022-10-26T09:23:55","guid":{"rendered":"https:\/\/legiavanphongpham.com\/?post_type=product&#038;p=19640"},"modified":"2022-10-26T16:23:55","modified_gmt":"2022-10-26T09:23:55","slug":"pin-2a-3a-con-o","status":"publish","type":"product","link":"https:\/\/legiavanphongpham.com\/index.php\/product\/pin-2a-3a-con-o\/","title":{"rendered":"Pin 2A 3A Con \u00d3"},"content":{"rendered":"","protected":false},"excerpt":{"rendered":"<p>S\u1ea3n ph\u1ea9m pin c\u1ee7a PINACO \u0111\u01b0\u1ee3c s\u1ea3n xu\u1ea5t theo c\u00f4ng ngh\u1ec7 Ch\u00e2u \u00c2u tr\u00ean d\u00e2y chuy\u1ec1n hi\u1ec7n \u0111\u1ea1i c\u1ee7a c\u00e1c c\u00f4ng ty h\u00e0ng \u0111\u1ea7u th\u1ebf gi\u1edbi v\u1ec1 m\u00e1y m\u00f3c thi\u1ebft b\u1ecb pin v\u00e0 \u1eafc quy. Nh\u1edd v\u1eady s\u1ea3n ph\u1ea9m c\u1ee7a PINACO lu\u00f4n b\u1ea3o \u0111\u1ea3m nh\u1eefng \u01b0u th\u1ebf v\u01b0\u1ee3t tr\u1ed9i: dung l\u01b0\u1ee3ng l\u1edbn, tu\u1ed5i th\u1ecd cao, \u0111\u00e1p \u1ee9ng c\u00e1c ti\u00eau chu\u1ea9n qu\u1ed1c t\u1ebf.<\/p>\n<p><strong>Th\u00f4ng tin chi ti\u1ebft<\/strong><\/p>\n<ul>\n<li>Th\u01b0\u01a1ng hi\u1ec7u: Pinaco<\/li>\n<li>C\u1ee1 pin: AA<\/li>\n<li>K\u00edch th\u01b0\u1edbc: 13.5mm \u00d7 50.5mm<\/li>\n<li>Tr\u1ecdng l\u01b0\u1ee3ng: 11.25g<\/li>\n<li>\u0110i\u1ec7n th\u1ebf: 1.5V<\/li>\n<\/ul>\n","protected":false},"featured_media":19641,"comment_status":"open","ping_status":"closed","template":"","meta":[],"product_brand":[],"product_cat":[281],"product_tag":[],"class_list":{"0":"post-19640","1":"product","2":"type-product","3":"status-publish","4":"has-post-thumbnail","6":"product_cat-pin-cac-loai","8":"first","9":"instock","10":"shipping-taxable","11":"product-type-simple"},"_links":{"self":[{"href":"https:\/\/legiavanphongpham.com\/index.php\/wp-json\/wp\/v2\/product\/19640","targetHints":{"allow":["GET"]}}],"collection":[{"href":"https:\/\/legiavanphongpham.com\/index.php\/wp-json\/wp\/v2\/product"}],"about":[{"href":"https:\/\/legiavanphongpham.com\/index.php\/wp-json\/wp\/v2\/types\/product"}],"replies":[{"embeddable":true,"href":"https:\/\/legiavanphongpham.com\/index.php\/wp-json\/wp\/v2\/comments?post=19640"}],"wp:featuredmedia":[{"embeddable":true,"href":"https:\/\/legiavanphongpham.com\/index.php\/wp-json\/wp\/v2\/media\/19641"}],"wp:attachment":[{"href":"https:\/\/legiavanphongpham.com\/index.php\/wp-json\/wp\/v2\/media?parent=19640"}],"wp:term":[{"taxonomy":"product_brand","embeddable":true,"href":"https:\/\/legiavanphongpham.com\/index.php\/wp-json\/wp\/v2\/product_brand?post=19640"},{"taxonomy":"product_cat","embeddable":true,"href":"https:\/\/legiavanphongpham.com\/index.php\/wp-json\/wp\/v2\/product_cat?post=19640"},{"taxonomy":"product_tag","embeddable":true,"href":"https:\/\/legiavanphongpham.com\/index.php\/wp-json\/wp\/v2\/product_tag?post=19640"}],"curies":[{"name":"wp","href":"https:\/\/api.w.org\/{rel}","templated":true}]}}