{"id":19642,"date":"2022-10-26T16:25:54","date_gmt":"2022-10-26T09:25:54","guid":{"rendered":"https:\/\/legiavanphongpham.com\/?post_type=product&#038;p=19642"},"modified":"2022-10-26T16:25:54","modified_gmt":"2022-10-26T09:25:54","slug":"sac-4-pin-energizer","status":"publish","type":"product","link":"https:\/\/legiavanphongpham.com\/index.php\/product\/sac-4-pin-energizer\/","title":{"rendered":"S\u1ea1c 4 Pin Energizer"},"content":{"rendered":"","protected":false},"excerpt":{"rendered":"<div class=\"title_module_main heading-bar d-flex justify-content-between align-items-center\">\n<h2 class=\"heading-bar__title \">M\u00f4 t\u1ea3 s\u1ea3n ph\u1ea9m<\/h2>\n<\/div>\n<div class=\"rte product_getcontent py-3 pos-relative\">\n<div id=\"content\">\n<p><strong>Quy c\u00e1ch:\u00a0 \u00a0 \u00a0 \u00a0 \u00a0 \u00a0 \u00a0 \u00a0 \u00a0 \u00a0<\/strong>11\u00a0x 6\u00a0x 5cm<br \/>\n<strong>\u0110\u01a1n v\u1ecb t\u00ednh:\u00a0 \u00a0 \u00a0 \u00a0 \u00a0<\/strong>\u00a0 \u00a0 \u00a0 \u00a0 C\u00e1i<br \/>\n<strong>\u0110\u00f3ng g\u00f3i:\u00a0 \u00a0 \u00a0 \u00a0 \u00a0<\/strong>\u00a0 \u00a0 \u00a0 \u00a0 \u00a0 \u00a01<br \/>\n<strong>C\u00f4ng d\u1ee5ng:<\/strong><br \/>\nV\u1edbi kh\u1ea3 n\u0103ng s\u1ea1c \u0111\u01b0\u1ee3c c\u1ea3 2\u00a0lo\u1ea1i\u00a0pin AA v\u00e0 AAA,\u00a0b\u1ed9 s\u1ea1c pin\u00a0Energizer CHVC4 k\u00e8m 4 vi\u00ean pin AA 1300mAh thi\u1ebft k\u1ebf nh\u1ecf g\u1ecdn v\u00e0 ti\u1ec7n cho s\u1ef1 di chuy\u1ec3n s\u1ebd gi\u00fap b\u1ea1n n\u1ea1p n\u0103ng l\u01b0\u1ee3ng cho pin m\u1ed9t c\u00e1ch nhanh ch\u00f3ng v\u00e0 ti\u1ec7n l\u1ee3i.<\/p>\n<\/div>\n<\/div>\n","protected":false},"featured_media":19643,"comment_status":"open","ping_status":"closed","template":"","meta":[],"product_brand":[],"product_cat":[281],"product_tag":[],"class_list":{"0":"post-19642","1":"product","2":"type-product","3":"status-publish","4":"has-post-thumbnail","6":"product_cat-pin-cac-loai","8":"first","9":"instock","10":"shipping-taxable","11":"product-type-simple"},"_links":{"self":[{"href":"https:\/\/legiavanphongpham.com\/index.php\/wp-json\/wp\/v2\/product\/19642","targetHints":{"allow":["GET"]}}],"collection":[{"href":"https:\/\/legiavanphongpham.com\/index.php\/wp-json\/wp\/v2\/product"}],"about":[{"href":"https:\/\/legiavanphongpham.com\/index.php\/wp-json\/wp\/v2\/types\/product"}],"replies":[{"embeddable":true,"href":"https:\/\/legiavanphongpham.com\/index.php\/wp-json\/wp\/v2\/comments?post=19642"}],"wp:featuredmedia":[{"embeddable":true,"href":"https:\/\/legiavanphongpham.com\/index.php\/wp-json\/wp\/v2\/media\/19643"}],"wp:attachment":[{"href":"https:\/\/legiavanphongpham.com\/index.php\/wp-json\/wp\/v2\/media?parent=19642"}],"wp:term":[{"taxonomy":"product_brand","embeddable":true,"href":"https:\/\/legiavanphongpham.com\/index.php\/wp-json\/wp\/v2\/product_brand?post=19642"},{"taxonomy":"product_cat","embeddable":true,"href":"https:\/\/legiavanphongpham.com\/index.php\/wp-json\/wp\/v2\/product_cat?post=19642"},{"taxonomy":"product_tag","embeddable":true,"href":"https:\/\/legiavanphongpham.com\/index.php\/wp-json\/wp\/v2\/product_tag?post=19642"}],"curies":[{"name":"wp","href":"https:\/\/api.w.org\/{rel}","templated":true}]}}