{"id":19644,"date":"2022-10-26T16:27:30","date_gmt":"2022-10-26T09:27:30","guid":{"rendered":"https:\/\/legiavanphongpham.com\/?post_type=product&#038;p=19644"},"modified":"2022-10-26T16:27:30","modified_gmt":"2022-10-26T09:27:30","slug":"pin-sac-energizer","status":"publish","type":"product","link":"https:\/\/legiavanphongpham.com\/index.php\/product\/pin-sac-energizer\/","title":{"rendered":"Pin S\u1ea1c  Energizer"},"content":{"rendered":"","protected":false},"excerpt":{"rendered":"<div class=\"_2N2_VN\">M\u00d4 T\u1ea2 S\u1ea2N PH\u1ea8M<\/div>\n<div class=\"_2jz573\">\n<div class=\"_1MqcWX\">\n<p class=\"_2jrvqA\">L\u01afU \u00dd : PIN S\u1ea0C AA N\u00c0Y KH\u00d4NG D\u00d9NG CHO M\u00c1Y H\u00daT S\u1eeeA S\u1ea3n ph\u1ea9m c\u00f3 3 ph\u00e2n lo\u1ea1i : &#8211; 2 vi\u00ean c\u00f3 v\u0129 \u00e9p k\u00edn &#8211; 2 vi\u00ean kh\u00f4ng c\u00f3 v\u0129 &#8211; 4 vi\u00ean kh\u00f4ng c\u00f3 v\u0129 ( pin kh\u00f4ng c\u00f3 v\u0129 l\u00e0 do pin \u0111\u01b0\u1ee3c l\u1ea5y t\u1eeb trong m\u00e1y s\u1ea1c nguy\u00ean b\u1ed9 ra &#8211; pin l\u00e0 pin m\u1edbi gi\u1ed1ng nh\u01b0 pin trong v\u0129 ) (xin l\u01b0u \u00fd bao b\u00ec v\u00e0 m\u00e0u s\u1eafc c\u0169ng nh\u01b0 ch\u1eef in tr\u00ean s\u1ea3n ph\u1ea9m th\u1ec9nh tho\u1ea3ng c\u00f3 kh\u00e1c v\u1edbi h\u00ecnh ch\u1ee5p 1 ch\u00fat v\u00ec nh\u00e0 s\u1ea3n xu\u1ea5t th\u01b0\u1eddng xuy\u00ean thay \u0111\u1ed5i ) Nh\u1eb1m ti\u1ebft ki\u1ec7m chi ph\u00ed v\u00e0 thay th\u1ebf cho nh\u1eefng lo\u1ea1i pin AA ch\u1ec9 s\u1eed d\u1ee5ng m\u1ed9t l\u1ea7n, ENERGIZER \u0111\u00e3 cho ra \u0111\u1eddi lo\u1ea1i pin s\u1ea1c AA cho th\u1eddi gian s\u1eed d\u1ee5ng l\u00e2u h\u01a1n. Pin \u0111\u00e1p \u1ee9ng nhu c\u1ea7u s\u1eed d\u1ee5ng n\u0103ng l\u01b0\u1ee3ng cao c\u1ee7a gi\u1edbi chuy\u00ean nghi\u1ec7p (m\u00e1y \u1ea3nh, \u0111i\u1ec7n tho\u1ea1i b\u00e0n kh\u00f4ng d\u00e2y , \u0111\u00e8n flash c\u00f4ng su\u1ea5t l\u1edbn , remote c\u00e1c lo\u1ea1i, m\u00e1y \u0111o huy\u1ebft \u00e1p, \u0111\u1ed3 ch\u01a1i tr\u1ebb em&#8230;\u2026). Pin s\u1ea1c ENERGIZER AA ch\u00ednh l\u00e0 l\u1ef1a ch\u1ecdn h\u1ee3p l\u00fd cho b\u1ea1n khi c\u1ea7n m\u1ed9t ngu\u1ed3n cung c\u1ea5p n\u0103ng l\u01b0\u1ee3ng m\u1ea1nh v\u00e0 \u1ed5n \u0111\u1ecbnh cho c\u00e1c thi\u1ebft b\u1ecb c\u1ee7a m\u00ecnh.<\/p>\n<\/div>\n<\/div>\n","protected":false},"featured_media":19645,"comment_status":"open","ping_status":"closed","template":"","meta":[],"product_brand":[],"product_cat":[281],"product_tag":[],"class_list":{"0":"post-19644","1":"product","2":"type-product","3":"status-publish","4":"has-post-thumbnail","6":"product_cat-pin-cac-loai","8":"first","9":"instock","10":"shipping-taxable","11":"product-type-simple"},"_links":{"self":[{"href":"https:\/\/legiavanphongpham.com\/index.php\/wp-json\/wp\/v2\/product\/19644","targetHints":{"allow":["GET"]}}],"collection":[{"href":"https:\/\/legiavanphongpham.com\/index.php\/wp-json\/wp\/v2\/product"}],"about":[{"href":"https:\/\/legiavanphongpham.com\/index.php\/wp-json\/wp\/v2\/types\/product"}],"replies":[{"embeddable":true,"href":"https:\/\/legiavanphongpham.com\/index.php\/wp-json\/wp\/v2\/comments?post=19644"}],"wp:featuredmedia":[{"embeddable":true,"href":"https:\/\/legiavanphongpham.com\/index.php\/wp-json\/wp\/v2\/media\/19645"}],"wp:attachment":[{"href":"https:\/\/legiavanphongpham.com\/index.php\/wp-json\/wp\/v2\/media?parent=19644"}],"wp:term":[{"taxonomy":"product_brand","embeddable":true,"href":"https:\/\/legiavanphongpham.com\/index.php\/wp-json\/wp\/v2\/product_brand?post=19644"},{"taxonomy":"product_cat","embeddable":true,"href":"https:\/\/legiavanphongpham.com\/index.php\/wp-json\/wp\/v2\/product_cat?post=19644"},{"taxonomy":"product_tag","embeddable":true,"href":"https:\/\/legiavanphongpham.com\/index.php\/wp-json\/wp\/v2\/product_tag?post=19644"}],"curies":[{"name":"wp","href":"https:\/\/api.w.org\/{rel}","templated":true}]}}