{"id":19646,"date":"2022-10-26T16:29:13","date_gmt":"2022-10-26T09:29:13","guid":{"rendered":"https:\/\/legiavanphongpham.com\/?post_type=product&#038;p=19646"},"modified":"2022-10-26T16:29:13","modified_gmt":"2022-10-26T09:29:13","slug":"pin-2a-3a-alkaline-panasonic","status":"publish","type":"product","link":"https:\/\/legiavanphongpham.com\/index.php\/product\/pin-2a-3a-alkaline-panasonic\/","title":{"rendered":"Pin 2A 3A Alkaline Panasonic"},"content":{"rendered":"","protected":false},"excerpt":{"rendered":"<h1>Th\u00f4ng s\u1ed1 k\u1ef9 thu\u1eadt<\/h1>\n<ul>\n<li>Pin AA, 1.5V, b\u1ed9 01 th\u00f9ng g\u1ed3m 48 v\u1ec9, kinh t\u1ebf cao<\/li>\n<li>Th\u00e0nh ph\u1ea7n ch\u00ednh: B\u1ed9t than<\/li>\n<li id=\"CmCaReT\">Xu\u1ea5t x\u1ee9:\u00a0Th\u00e1i Lan<\/li>\n<li>Thay pin c\u00f9ng l\u00fac, c\u00f9ng lo\u1ea1i<\/li>\n<li>\u0110\u1ec3 n\u01a1i kh\u00f4 r\u00e1o<span id=\"CmCaReT\"><\/span><\/li>\n<li>Kh\u00f4ng h\u1ee7y b\u1eb1ng l\u1eeda<\/li>\n<li>\u0110\u1ec3 xa t\u1ea7m tay tr\u1ebb<\/li>\n<\/ul>\n","protected":false},"featured_media":19647,"comment_status":"open","ping_status":"closed","template":"","meta":[],"product_brand":[],"product_cat":[281],"product_tag":[],"class_list":{"0":"post-19646","1":"product","2":"type-product","3":"status-publish","4":"has-post-thumbnail","6":"product_cat-pin-cac-loai","8":"first","9":"instock","10":"shipping-taxable","11":"product-type-simple"},"_links":{"self":[{"href":"https:\/\/legiavanphongpham.com\/index.php\/wp-json\/wp\/v2\/product\/19646","targetHints":{"allow":["GET"]}}],"collection":[{"href":"https:\/\/legiavanphongpham.com\/index.php\/wp-json\/wp\/v2\/product"}],"about":[{"href":"https:\/\/legiavanphongpham.com\/index.php\/wp-json\/wp\/v2\/types\/product"}],"replies":[{"embeddable":true,"href":"https:\/\/legiavanphongpham.com\/index.php\/wp-json\/wp\/v2\/comments?post=19646"}],"wp:featuredmedia":[{"embeddable":true,"href":"https:\/\/legiavanphongpham.com\/index.php\/wp-json\/wp\/v2\/media\/19647"}],"wp:attachment":[{"href":"https:\/\/legiavanphongpham.com\/index.php\/wp-json\/wp\/v2\/media?parent=19646"}],"wp:term":[{"taxonomy":"product_brand","embeddable":true,"href":"https:\/\/legiavanphongpham.com\/index.php\/wp-json\/wp\/v2\/product_brand?post=19646"},{"taxonomy":"product_cat","embeddable":true,"href":"https:\/\/legiavanphongpham.com\/index.php\/wp-json\/wp\/v2\/product_cat?post=19646"},{"taxonomy":"product_tag","embeddable":true,"href":"https:\/\/legiavanphongpham.com\/index.php\/wp-json\/wp\/v2\/product_tag?post=19646"}],"curies":[{"name":"wp","href":"https:\/\/api.w.org\/{rel}","templated":true}]}}