{"id":19649,"date":"2022-10-26T16:34:05","date_gmt":"2022-10-26T09:34:05","guid":{"rendered":"https:\/\/legiavanphongpham.com\/?post_type=product&#038;p=19649"},"modified":"2022-10-26T16:34:05","modified_gmt":"2022-10-26T09:34:05","slug":"khan-vuong-trang","status":"publish","type":"product","link":"https:\/\/legiavanphongpham.com\/index.php\/product\/khan-vuong-trang\/","title":{"rendered":"Kh\u0103n vu\u00f4ng tr\u1eafng"},"content":{"rendered":"","protected":false},"excerpt":{"rendered":"<div class=\"_2N2_VN\">M\u00d4 T\u1ea2 S\u1ea2N PH\u1ea8M<\/div>\n<div class=\"_2jz573\">\n<div class=\"_1MqcWX\">\n<p class=\"_2jrvqA\">S\u1ec8 sll inbox nh\u00e9 \u0110\u1eb7c \u0110i\u1ec3m: &#8211; Kh\u1ea3 n\u0103ng lau s\u1ea1ch ho\u00e0n to\u00e0n nh\u1eefng h\u1ea1t b\u1ee5i nh\u1ecf, d\u1ea5u v\u00e2n tay v\u00e0 v\u1ebft d\u1ea7u m\u1ee1. &#8211; D\u1ec5 ti\u1ebfp c\u1eadn m\u1ed9t di\u1ec7n t\u00edch nh\u1ecf, \u0111\u1eb7c bi\u1ec7t lau kh\u00f4ng g\u00e2y tr\u1ea7y x\u01b0\u1edbc d\u1ee5ng c\u1ee5. &#8211; H\u00fat n\u01b0\u1edbc v\u00e0 h\u00fat b\u1ee5i t\u1ed1t ngay c\u1ea3 khi \u0111\u00e3 gi\u1eb7t nhi\u1ec1u l\u1ea7n. &#8211; Kh\u0103n lau b\u00e0n 25 x 25 cm \u0111\u01b0\u1ee3c d\u00f9ng \u0111\u1ec3 lau ch\u00f9i c\u00e1c v\u1eadt d\u1ee5ng trong gia \u0111\u00ecnh v\u00e0 v\u0103n ph\u00f2ng. Lau ch\u00f9i v\u1ebft b\u1ea9n nh\u1ecf nh\u1ea5t, v\u1ebft d\u1ea7u loang, v\u1ebft v\u00e2n tay. S\u1ea3n ph\u1ea9m r\u1ea5t g\u1ecdn nh\u1eb9 v\u00e0 d\u1ec5 gi\u1eb7t<\/p>\n<\/div>\n<\/div>\n","protected":false},"featured_media":19650,"comment_status":"open","ping_status":"closed","template":"","meta":[],"product_brand":[],"product_cat":[282],"product_tag":[],"class_list":{"0":"post-19649","1":"product","2":"type-product","3":"status-publish","4":"has-post-thumbnail","6":"product_cat-khan-lau-san-pham-khac","8":"first","9":"instock","10":"shipping-taxable","11":"product-type-simple"},"_links":{"self":[{"href":"https:\/\/legiavanphongpham.com\/index.php\/wp-json\/wp\/v2\/product\/19649","targetHints":{"allow":["GET"]}}],"collection":[{"href":"https:\/\/legiavanphongpham.com\/index.php\/wp-json\/wp\/v2\/product"}],"about":[{"href":"https:\/\/legiavanphongpham.com\/index.php\/wp-json\/wp\/v2\/types\/product"}],"replies":[{"embeddable":true,"href":"https:\/\/legiavanphongpham.com\/index.php\/wp-json\/wp\/v2\/comments?post=19649"}],"wp:featuredmedia":[{"embeddable":true,"href":"https:\/\/legiavanphongpham.com\/index.php\/wp-json\/wp\/v2\/media\/19650"}],"wp:attachment":[{"href":"https:\/\/legiavanphongpham.com\/index.php\/wp-json\/wp\/v2\/media?parent=19649"}],"wp:term":[{"taxonomy":"product_brand","embeddable":true,"href":"https:\/\/legiavanphongpham.com\/index.php\/wp-json\/wp\/v2\/product_brand?post=19649"},{"taxonomy":"product_cat","embeddable":true,"href":"https:\/\/legiavanphongpham.com\/index.php\/wp-json\/wp\/v2\/product_cat?post=19649"},{"taxonomy":"product_tag","embeddable":true,"href":"https:\/\/legiavanphongpham.com\/index.php\/wp-json\/wp\/v2\/product_tag?post=19649"}],"curies":[{"name":"wp","href":"https:\/\/api.w.org\/{rel}","templated":true}]}}