{"id":19657,"date":"2022-10-26T16:39:46","date_gmt":"2022-10-26T09:39:46","guid":{"rendered":"https:\/\/legiavanphongpham.com\/?post_type=product&#038;p=19657"},"modified":"2022-10-26T16:39:46","modified_gmt":"2022-10-26T09:39:46","slug":"khan-uot-mamamy","status":"publish","type":"product","link":"https:\/\/legiavanphongpham.com\/index.php\/product\/khan-uot-mamamy\/","title":{"rendered":"Kh\u0103n \u01b0\u1edbt mamamy"},"content":{"rendered":"","protected":false},"excerpt":{"rendered":"<div class=\"_2N2_VN\">M\u00d4 T\u1ea2 S\u1ea2N PH\u1ea8M<\/div>\n<div class=\"_2jz573\">\n<div class=\"_1MqcWX\">\n<p class=\"_2jrvqA\">Gi\u1ea5y \u01b0\u1edbt Mamamy Vi\u1ec7t Nam c\u00f3 n\u1eafp 100 t\u1edd Gi\u1ea5y \u01b0\u1edbt Mamamy Vi\u1ec7t Nam c\u00f3 n\u1eafp 100 t\u1edd \u0111\u01b0\u1ee3c chi\u1ebft xu\u1ea5t t\u1eeb tinh ch\u1ea5t l\u00f4 h\u1ed9i, m\u1ec1m m\u1ea1i, kh\u00f4ng x\u01a1. Gi\u1ea5y \u01b0\u1edbt Mamamy 100 t\u1edd gi\u1eef \u1ea9m nh\u01b0ng kh\u00f4ng l\u00e0m nh\u1edbt da khi lau.S\u1ea3n ph\u1ea9m kh\u00f4ng ch\u1ee9a c\u1ed3n, kh\u00f4ng g\u00e2y k\u00edch \u1ee9ng da, th\u00edch h\u1ee3p v\u1edbi cho c\u1ea3 l\u00e0n da nh\u1ea1y c\u1ea3m. S\u1eed d\u1ee5ng m\u1ed9t l\u1ea7n, tuy\u1ec7t \u0111\u1ed1i v\u1ec7 sinh, tr\u00e1nh vi tr\u00f9ng th\u00e2m nh\u1eadp. S\u1ea3n ph\u1ea9m th\u00e2n thi\u1ec7n v\u1edbi m\u00f4i tr\u01b0\u1eddng. Gi\u1ea5y \u01b0\u1edbt Mamamy Vi\u1ec7t Nam c\u00f3 n\u1eafp 100 t\u1edd . \u0110i\u1ec3m n\u1ed5i b\u1eadt c\u1ee7a gi\u1ea5y \u01b0\u1edbt Mamamy Vi\u1ec7t Nam c\u00f3 n\u1eafp 100 t\u1edd -Th\u00e0nh ph\u1ea7n: v\u1ea3i kh\u00f4ng d\u1ec7t cao c\u1ea5p, h\u00e0m l\u01b0\u1ee3ng vi s\u1ee3i Viscose 60% kh\u00f4ng x\u01a1, \u0111\u1ed9 \u0111\u00e0n h\u1ed3i cao &#8211; \u0110\u00f3ng g\u00f3i: 100 t\u1edd\/h\u1ed9p, k\u00edch th\u01b0\u1edbc 1 t\u1edd: 15x20cm &#8211; H\u01b0\u01a1ng th\u01a1m nh\u1eb9 nh\u00e0ng Ch\u1ea5t \u0111\u01b0\u1eddng nho thi\u00ean nhi\u00ean: C\u00f3 t\u00ednh ch\u1ea5t gi\u1eef \u1ea9m \u01b0u vi\u1ec7t C\u00f3 t\u00ednh ch\u1ea5t d\u01b0\u1ee1ng da v\u00e0 l\u00e0m m\u1ec1m da. Kh\u00f4ng g\u00e2y k\u00edch \u1ee9ng da. Ch\u1ea5t kh\u00e1ng khu\u1ea9n: Ch\u1ed1ng h\u0103m, ch\u1ed1ng r\u00f4m s\u1ea9y. Chuy\u00ean s\u1eed d\u1ee5ng trong c\u00e1c s\u1ea3n ph\u1ea9m d\u00f9ng cho em b\u00e9. H\u01b0\u1edbng d\u1eabn s\u1eed d\u1ee5ng kh\u0103n \u01b0\u1edbt tr\u1ebb em M\u1edf n\u1eafp h\u1ed9p, b\u1ecf mi\u1ebfng b\u00f3c Decal ph\u00eda trong, r\u00fat t\u1eebng chi\u1ebfc kh\u0103n \u0111\u1ec3 s\u1eed d\u1ee5ng. Sau khi d\u00f9ng xong, \u0111\u00f3ng n\u1eafp h\u1ed9p (d\u00e1n mi\u1ebfng Decal) l\u1ea1i \u0111\u1ec3 gi\u1eef \u1ea9m v\u00e0 kh\u00e1ng khu\u1ea9n.<\/p>\n<\/div>\n<\/div>\n","protected":false},"featured_media":19658,"comment_status":"open","ping_status":"closed","template":"","meta":[],"product_brand":[],"product_cat":[283],"product_tag":[],"class_list":{"0":"post-19657","1":"product","2":"type-product","3":"status-publish","4":"has-post-thumbnail","6":"product_cat-khan-uot","8":"first","9":"instock","10":"shipping-taxable","11":"product-type-simple"},"_links":{"self":[{"href":"https:\/\/legiavanphongpham.com\/index.php\/wp-json\/wp\/v2\/product\/19657","targetHints":{"allow":["GET"]}}],"collection":[{"href":"https:\/\/legiavanphongpham.com\/index.php\/wp-json\/wp\/v2\/product"}],"about":[{"href":"https:\/\/legiavanphongpham.com\/index.php\/wp-json\/wp\/v2\/types\/product"}],"replies":[{"embeddable":true,"href":"https:\/\/legiavanphongpham.com\/index.php\/wp-json\/wp\/v2\/comments?post=19657"}],"wp:featuredmedia":[{"embeddable":true,"href":"https:\/\/legiavanphongpham.com\/index.php\/wp-json\/wp\/v2\/media\/19658"}],"wp:attachment":[{"href":"https:\/\/legiavanphongpham.com\/index.php\/wp-json\/wp\/v2\/media?parent=19657"}],"wp:term":[{"taxonomy":"product_brand","embeddable":true,"href":"https:\/\/legiavanphongpham.com\/index.php\/wp-json\/wp\/v2\/product_brand?post=19657"},{"taxonomy":"product_cat","embeddable":true,"href":"https:\/\/legiavanphongpham.com\/index.php\/wp-json\/wp\/v2\/product_cat?post=19657"},{"taxonomy":"product_tag","embeddable":true,"href":"https:\/\/legiavanphongpham.com\/index.php\/wp-json\/wp\/v2\/product_tag?post=19657"}],"curies":[{"name":"wp","href":"https:\/\/api.w.org\/{rel}","templated":true}]}}