{"id":19663,"date":"2022-10-26T16:44:12","date_gmt":"2022-10-26T09:44:12","guid":{"rendered":"https:\/\/legiavanphongpham.com\/?post_type=product&#038;p=19663"},"modified":"2022-10-26T16:44:12","modified_gmt":"2022-10-26T09:44:12","slug":"khan-uot-we-care","status":"publish","type":"product","link":"https:\/\/legiavanphongpham.com\/index.php\/product\/khan-uot-we-care\/","title":{"rendered":"Kh\u0103n \u01b0\u1edbt We Care"},"content":{"rendered":"","protected":false},"excerpt":{"rendered":"<div class=\"short-description\">L\u00e0 s\u1ea3n ph\u1ea9m \u0111\u1ebfn t\u1eeb th\u01b0\u01a1ng hi\u1ec7u kh\u0103n \u01b0\u1edbt\u00a0We Care.\u00a0Kh\u0103n \u01b0\u1edbt We Care kh\u00f4ng m\u00f9i g\u00f3i 30 t\u1edd \u0111\u01b0\u1ee3c l\u00e0m t\u1eeb v\u1ea3i kh\u00f4ng d\u1ec7t cao c\u1ea5p,\u00a0m\u1ec1m m\u1ea1i kh\u00f4ng x\u01a1. \u0110\u00e2y l\u00e0 lo\u1ea1i kh\u0103n \u01b0\u1edbt kh\u00f4ng ch\u1ee9a c\u1ed3n, kh\u00f4ng m\u00f9i an to\u00e0n cho da v\u00e0 th\u00edch h\u1ee3p cho da nh\u1ea1y c\u1ea3m.<\/div>\n<ul class=\"infoproduct nospeci\">\n<li>Th\u01b0\u01a1ng hi\u1ec7u\n<div>We Care (Vi\u1ec7t Nam)<\/div>\n<\/li>\n<li>S\u1ea3n xu\u1ea5t t\u1ea1i\n<div>Vi\u1ec7t Nam<\/div>\n<\/li>\n<li>Lo\u1ea1i kh\u0103n\n<div>Kh\u0103n \u01b0\u1edbt cho c\u1ea3 gia \u0111\u00ecnh<\/div>\n<\/li>\n<li>M\u00f9i h\u01b0\u01a1ng\n<div>Kh\u00f4ng m\u00f9i<\/div>\n<\/li>\n<li>S\u1ed1 l\u01b0\u1ee3ng\n<div>30 mi\u1ebfng<\/div>\n<\/li>\n<li>Th\u00e0nh ph\u1ea7n\n<div>V\u1ea3i kh\u00f4ng d\u1ec7t, n\u01b0\u1edbc tinh khi\u1ebft, tinh ch\u1ea5t nha \u0111am,&#8230;<\/div>\n<\/li>\n<li>L\u01b0u \u00fd\n<div>Kh\u00f4ng b\u1ecf v\u00e0o b\u1ed3n c\u1ea7u. Kh\u00f4ng d\u00f9ng \u0111\u1ec3 lau v\u1ebft th\u01b0\u01a1ng. \u0110\u1ec3 xa t\u1ea7m tay tr\u1ebb em<\/div>\n<\/li>\n<li>B\u1ea3o qu\u1ea3n\n<div>B\u1ea3o qu\u1ea3n n\u01a1i kh\u00f4 m\u00e1t, tr\u00e1nh \u00e1nh n\u1eafng tr\u1ef1c ti\u1ebfp v\u00e0 nh\u1eefng n\u01a1i c\u00f3 nhi\u1ec7t \u0111\u1ed9 cao<\/div>\n<\/li>\n<\/ul>\n","protected":false},"featured_media":19664,"comment_status":"open","ping_status":"closed","template":"","meta":[],"product_brand":[],"product_cat":[283],"product_tag":[],"class_list":{"0":"post-19663","1":"product","2":"type-product","3":"status-publish","4":"has-post-thumbnail","6":"product_cat-khan-uot","8":"first","9":"instock","10":"shipping-taxable","11":"product-type-simple"},"_links":{"self":[{"href":"https:\/\/legiavanphongpham.com\/index.php\/wp-json\/wp\/v2\/product\/19663","targetHints":{"allow":["GET"]}}],"collection":[{"href":"https:\/\/legiavanphongpham.com\/index.php\/wp-json\/wp\/v2\/product"}],"about":[{"href":"https:\/\/legiavanphongpham.com\/index.php\/wp-json\/wp\/v2\/types\/product"}],"replies":[{"embeddable":true,"href":"https:\/\/legiavanphongpham.com\/index.php\/wp-json\/wp\/v2\/comments?post=19663"}],"wp:featuredmedia":[{"embeddable":true,"href":"https:\/\/legiavanphongpham.com\/index.php\/wp-json\/wp\/v2\/media\/19664"}],"wp:attachment":[{"href":"https:\/\/legiavanphongpham.com\/index.php\/wp-json\/wp\/v2\/media?parent=19663"}],"wp:term":[{"taxonomy":"product_brand","embeddable":true,"href":"https:\/\/legiavanphongpham.com\/index.php\/wp-json\/wp\/v2\/product_brand?post=19663"},{"taxonomy":"product_cat","embeddable":true,"href":"https:\/\/legiavanphongpham.com\/index.php\/wp-json\/wp\/v2\/product_cat?post=19663"},{"taxonomy":"product_tag","embeddable":true,"href":"https:\/\/legiavanphongpham.com\/index.php\/wp-json\/wp\/v2\/product_tag?post=19663"}],"curies":[{"name":"wp","href":"https:\/\/api.w.org\/{rel}","templated":true}]}}