{"id":19665,"date":"2022-10-26T16:48:52","date_gmt":"2022-10-26T09:48:52","guid":{"rendered":"https:\/\/legiavanphongpham.com\/?post_type=product&#038;p=19665"},"modified":"2025-05-21T15:58:19","modified_gmt":"2025-05-21T08:58:19","slug":"tra-lipton-25-goi","status":"publish","type":"product","link":"https:\/\/legiavanphongpham.com\/index.php\/product\/tra-lipton-25-goi\/","title":{"rendered":"Tr\u00e0 Lipton 25 g\u00f3i"},"content":{"rendered":"","protected":false},"excerpt":{"rendered":"<div class=\"product_meta\"><span class=\"posted_in\">Danh m\u1ee5c:\u00a0\u0110\u1ed3 u\u1ed1ng,\u00a0Tr\u00e0<\/span>\u00a0<span class=\"tagged_as\">Tag:\u00a0tr\u00e0 lipton,\u00a0tr\u00e0 t\u00fai l\u1ecdc lipton,\u00a0tr\u00e0 t\u00fai l\u1ecdc,\u00a0tr\u00e0 t\u00fai l\u1ecdc nh\u00e3n v\u00e0ng lipton,\u00a0tr\u00e0 t\u00fai l\u1ecdc nh\u00e3n v\u00e0ng,\u00a0tr\u00e0 lipton nh\u00e3n v\u00e0ng<\/span><\/div>\n<div class=\"woocommerce-product-details__short-description\">\n<div id=\"product_excerpt\">\n<ul>\n<li>Th\u00e0nh ph\u1ea7n t\u1ef1 nhi\u00ean, an to\u00e0n cho s\u1ee9c kh\u1ecfe<\/li>\n<li>H\u01b0\u01a1ng v\u1ecb t\u1ef1 nhi\u00ean, th\u01a1m m\u00e1t v\u00e0 s\u1ea3ng kho\u00e1i<\/li>\n<li>\u0110\u00f3ng h\u1ed9p \u0111\u1eb9p m\u1eaft, th\u00edch h\u1ee3p l\u00e0m qu\u00e0 t\u1eb7ng<\/li>\n<\/ul>\n<\/div>\n<\/div>\n","protected":false},"featured_media":19666,"comment_status":"open","ping_status":"closed","template":"","meta":[],"product_brand":[],"product_cat":[284],"product_tag":[],"class_list":{"0":"post-19665","1":"product","2":"type-product","3":"status-publish","4":"has-post-thumbnail","6":"product_cat-tra","8":"first","9":"instock","10":"shipping-taxable","11":"product-type-simple"},"_links":{"self":[{"href":"https:\/\/legiavanphongpham.com\/index.php\/wp-json\/wp\/v2\/product\/19665","targetHints":{"allow":["GET"]}}],"collection":[{"href":"https:\/\/legiavanphongpham.com\/index.php\/wp-json\/wp\/v2\/product"}],"about":[{"href":"https:\/\/legiavanphongpham.com\/index.php\/wp-json\/wp\/v2\/types\/product"}],"replies":[{"embeddable":true,"href":"https:\/\/legiavanphongpham.com\/index.php\/wp-json\/wp\/v2\/comments?post=19665"}],"wp:featuredmedia":[{"embeddable":true,"href":"https:\/\/legiavanphongpham.com\/index.php\/wp-json\/wp\/v2\/media\/19666"}],"wp:attachment":[{"href":"https:\/\/legiavanphongpham.com\/index.php\/wp-json\/wp\/v2\/media?parent=19665"}],"wp:term":[{"taxonomy":"product_brand","embeddable":true,"href":"https:\/\/legiavanphongpham.com\/index.php\/wp-json\/wp\/v2\/product_brand?post=19665"},{"taxonomy":"product_cat","embeddable":true,"href":"https:\/\/legiavanphongpham.com\/index.php\/wp-json\/wp\/v2\/product_cat?post=19665"},{"taxonomy":"product_tag","embeddable":true,"href":"https:\/\/legiavanphongpham.com\/index.php\/wp-json\/wp\/v2\/product_tag?post=19665"}],"curies":[{"name":"wp","href":"https:\/\/api.w.org\/{rel}","templated":true}]}}