{"id":19667,"date":"2022-10-26T16:50:43","date_gmt":"2022-10-26T09:50:43","guid":{"rendered":"https:\/\/legiavanphongpham.com\/?post_type=product&#038;p=19667"},"modified":"2022-10-26T16:54:22","modified_gmt":"2022-10-26T09:54:22","slug":"tra-lipton-100-goi","status":"publish","type":"product","link":"https:\/\/legiavanphongpham.com\/index.php\/product\/tra-lipton-100-goi\/","title":{"rendered":"Tr\u00e0 Lipton 100 g\u00f3i"},"content":{"rendered":"","protected":false},"excerpt":{"rendered":"<ul class=\"c-product-copy-v2-content__col-list\">\n<li>Trong m\u1ed7i t\u00e1ch tr\u00e0 Lipton Nh\u00e3n V\u00e0ng l\u00e0 nh\u1eefng b\u00fap tr\u00e0 non th\u01b0\u1ee3ng h\u1ea1ng ch\u1ecdn l\u1ecdc t\u1eeb nh\u1eefng c\u00e1nh \u0111\u1ed3ng tr\u00e0 kh\u1eafp th\u1ebf gi\u1edbi, t\u1ea1o n\u00ean h\u01b0\u01a1ng v\u1ecb t\u1ef1 nhi\u00ean \u0111\u1eadm \u0111\u00e0 t\u01b0\u01a1i s\u00e1ng<\/li>\n<\/ul>\n","protected":false},"featured_media":19668,"comment_status":"open","ping_status":"closed","template":"","meta":[],"product_brand":[],"product_cat":[284],"product_tag":[],"class_list":{"0":"post-19667","1":"product","2":"type-product","3":"status-publish","4":"has-post-thumbnail","6":"product_cat-tra","8":"first","9":"instock","10":"shipping-taxable","11":"product-type-simple"},"_links":{"self":[{"href":"https:\/\/legiavanphongpham.com\/index.php\/wp-json\/wp\/v2\/product\/19667","targetHints":{"allow":["GET"]}}],"collection":[{"href":"https:\/\/legiavanphongpham.com\/index.php\/wp-json\/wp\/v2\/product"}],"about":[{"href":"https:\/\/legiavanphongpham.com\/index.php\/wp-json\/wp\/v2\/types\/product"}],"replies":[{"embeddable":true,"href":"https:\/\/legiavanphongpham.com\/index.php\/wp-json\/wp\/v2\/comments?post=19667"}],"wp:featuredmedia":[{"embeddable":true,"href":"https:\/\/legiavanphongpham.com\/index.php\/wp-json\/wp\/v2\/media\/19668"}],"wp:attachment":[{"href":"https:\/\/legiavanphongpham.com\/index.php\/wp-json\/wp\/v2\/media?parent=19667"}],"wp:term":[{"taxonomy":"product_brand","embeddable":true,"href":"https:\/\/legiavanphongpham.com\/index.php\/wp-json\/wp\/v2\/product_brand?post=19667"},{"taxonomy":"product_cat","embeddable":true,"href":"https:\/\/legiavanphongpham.com\/index.php\/wp-json\/wp\/v2\/product_cat?post=19667"},{"taxonomy":"product_tag","embeddable":true,"href":"https:\/\/legiavanphongpham.com\/index.php\/wp-json\/wp\/v2\/product_tag?post=19667"}],"curies":[{"name":"wp","href":"https:\/\/api.w.org\/{rel}","templated":true}]}}