{"id":19671,"date":"2022-10-26T16:53:39","date_gmt":"2022-10-26T09:53:39","guid":{"rendered":"https:\/\/legiavanphongpham.com\/?post_type=product&#038;p=19671"},"modified":"2022-10-26T16:53:39","modified_gmt":"2022-10-26T09:53:39","slug":"tra-dao-cozy","status":"publish","type":"product","link":"https:\/\/legiavanphongpham.com\/index.php\/product\/tra-dao-cozy\/","title":{"rendered":"Tr\u00e0 \u0110\u00e0o Cozy"},"content":{"rendered":"","protected":false},"excerpt":{"rendered":"<h1 class=\"product_title entry-title\"><strong id=\"specification\" class=\"textinfpro\" style=\"font-size: 16px\">Th\u00f4ng tin s\u1ea3n ph\u1ea9m<\/strong><\/h1>\n<div class=\"woocommerce-product-details__short-description\">\n<ul class=\"infoproduct\">\n<li>Th\u01b0\u01a1ng hi\u1ec7u :Cozy<\/li>\n<li>S\u1ea3n xu\u1ea5t t\u1ea1i :Vi\u1ec7t Nam<\/li>\n<li>Th\u00e0nh ph\u1ea7n :Tr\u00e0 \u0111en, h\u01b0\u01a1ng \u0111\u00e0o<\/li>\n<li>Kh\u1ed1i l\u01b0\u1ee3ng t\u1ecbnh h\u1ed9p : 2g x 25 g\u00f3i<\/li>\n<\/ul>\n<\/div>\n","protected":false},"featured_media":19672,"comment_status":"open","ping_status":"closed","template":"","meta":[],"product_brand":[],"product_cat":[284],"product_tag":[],"class_list":{"0":"post-19671","1":"product","2":"type-product","3":"status-publish","4":"has-post-thumbnail","6":"product_cat-tra","8":"first","9":"instock","10":"shipping-taxable","11":"product-type-simple"},"_links":{"self":[{"href":"https:\/\/legiavanphongpham.com\/index.php\/wp-json\/wp\/v2\/product\/19671","targetHints":{"allow":["GET"]}}],"collection":[{"href":"https:\/\/legiavanphongpham.com\/index.php\/wp-json\/wp\/v2\/product"}],"about":[{"href":"https:\/\/legiavanphongpham.com\/index.php\/wp-json\/wp\/v2\/types\/product"}],"replies":[{"embeddable":true,"href":"https:\/\/legiavanphongpham.com\/index.php\/wp-json\/wp\/v2\/comments?post=19671"}],"wp:featuredmedia":[{"embeddable":true,"href":"https:\/\/legiavanphongpham.com\/index.php\/wp-json\/wp\/v2\/media\/19672"}],"wp:attachment":[{"href":"https:\/\/legiavanphongpham.com\/index.php\/wp-json\/wp\/v2\/media?parent=19671"}],"wp:term":[{"taxonomy":"product_brand","embeddable":true,"href":"https:\/\/legiavanphongpham.com\/index.php\/wp-json\/wp\/v2\/product_brand?post=19671"},{"taxonomy":"product_cat","embeddable":true,"href":"https:\/\/legiavanphongpham.com\/index.php\/wp-json\/wp\/v2\/product_cat?post=19671"},{"taxonomy":"product_tag","embeddable":true,"href":"https:\/\/legiavanphongpham.com\/index.php\/wp-json\/wp\/v2\/product_tag?post=19671"}],"curies":[{"name":"wp","href":"https:\/\/api.w.org\/{rel}","templated":true}]}}