{"id":19685,"date":"2022-10-31T14:48:36","date_gmt":"2022-10-31T07:48:36","guid":{"rendered":"https:\/\/legiavanphongpham.com\/?post_type=product&#038;p=19685"},"modified":"2022-10-31T14:48:36","modified_gmt":"2022-10-31T07:48:36","slug":"ky-hot-rac-inox-can-dai","status":"publish","type":"product","link":"https:\/\/legiavanphongpham.com\/index.php\/product\/ky-hot-rac-inox-can-dai\/","title":{"rendered":"Ky h\u1ed1t r\u00e1c Inox c\u00e1n d\u00e0i"},"content":{"rendered":"","protected":false},"excerpt":{"rendered":"<h3>\u0110i\u1ec3m n\u1ed5i b\u1eadt<\/h3>\n<div class=\"text_thonngtin\">\n<ul>\n<li>Ky h\u1ed1t r\u00e1c inox c\u00e1n d\u00e0i c\u1ee9ng c\u00e1p (27x27x60cm) &#8211; b\u1ec1n b\u1ec9,\u00a0an to\u00e0n cho s\u1ee9c kho\u1ebb.<\/li>\n<li>Ky r\u00e1c\u00a0c\u00f3 c\u00e1n d\u00e0i d\u1ec5 thao t\u00e1c khi qu\u00e9t d\u1ecdn, kh\u00f4ng ph\u1ea3i c\u00fai\u00a0th\u1ea5p ng\u01b0\u1eddi g\u00e2y \u0111au l\u01b0ng,<\/li>\n<li>D\u00f9ng \u0111\u1ec3 d\u1ecdn d\u1eb9p v\u1ec7 sinh nh\u00e0 c\u1eeda hay v\u0103n ph\u00f2ng.<\/li>\n<li>K\u00edch th\u01b0\u1edbc nh\u1ecf g\u1ecdn, ti\u1ec7n b\u1ea3o qu\u1ea3n kh\u00f4ng chi\u1ebfm nhi\u1ec1u kh\u00f4ng gian,\u00a0h\u1ed1t \u0111\u01b0\u1ee3c l\u01b0\u1ee3ng r\u00e1c l\u1edbn, ti\u1ebft ki\u1ec7m th\u1eddi gian d\u1ecdn r\u00e1c.<\/li>\n<\/ul>\n<\/div>\n","protected":false},"featured_media":19686,"comment_status":"open","ping_status":"closed","template":"","meta":[],"product_brand":[],"product_cat":[138],"product_tag":[],"class_list":{"0":"post-19685","1":"product","2":"type-product","3":"status-publish","4":"has-post-thumbnail","6":"product_cat-dung-cu-ve-sinh","8":"first","9":"instock","10":"shipping-taxable","11":"product-type-simple"},"_links":{"self":[{"href":"https:\/\/legiavanphongpham.com\/index.php\/wp-json\/wp\/v2\/product\/19685","targetHints":{"allow":["GET"]}}],"collection":[{"href":"https:\/\/legiavanphongpham.com\/index.php\/wp-json\/wp\/v2\/product"}],"about":[{"href":"https:\/\/legiavanphongpham.com\/index.php\/wp-json\/wp\/v2\/types\/product"}],"replies":[{"embeddable":true,"href":"https:\/\/legiavanphongpham.com\/index.php\/wp-json\/wp\/v2\/comments?post=19685"}],"wp:featuredmedia":[{"embeddable":true,"href":"https:\/\/legiavanphongpham.com\/index.php\/wp-json\/wp\/v2\/media\/19686"}],"wp:attachment":[{"href":"https:\/\/legiavanphongpham.com\/index.php\/wp-json\/wp\/v2\/media?parent=19685"}],"wp:term":[{"taxonomy":"product_brand","embeddable":true,"href":"https:\/\/legiavanphongpham.com\/index.php\/wp-json\/wp\/v2\/product_brand?post=19685"},{"taxonomy":"product_cat","embeddable":true,"href":"https:\/\/legiavanphongpham.com\/index.php\/wp-json\/wp\/v2\/product_cat?post=19685"},{"taxonomy":"product_tag","embeddable":true,"href":"https:\/\/legiavanphongpham.com\/index.php\/wp-json\/wp\/v2\/product_tag?post=19685"}],"curies":[{"name":"wp","href":"https:\/\/api.w.org\/{rel}","templated":true}]}}