{"id":19693,"date":"2022-10-31T14:57:25","date_gmt":"2022-10-31T07:57:25","guid":{"rendered":"https:\/\/legiavanphongpham.com\/?post_type=product&#038;p=19693"},"modified":"2022-10-31T14:57:25","modified_gmt":"2022-10-31T07:57:25","slug":"nuoc-rua-tay-an-toan-dr-clean-500ml","status":"publish","type":"product","link":"https:\/\/legiavanphongpham.com\/index.php\/product\/nuoc-rua-tay-an-toan-dr-clean-500ml\/","title":{"rendered":"N\u01b0\u1edbc r\u1eeda tay an to\u00e0n Dr. Clean 500ml"},"content":{"rendered":"","protected":false},"excerpt":{"rendered":"<p><strong>V\u1edbi c\u00f4ng th\u1ee9c \u0111\u1ed9c \u0111\u00e1o gi\u00fap l\u00e0m s\u1ea1ch 99.99% vi khu\u1ea9n g\u00e2y h\u1ea1i, b\u1ea3o v\u1ec7 da tay gia \u0111\u00ecnh b\u1ea1n.<\/strong><\/p>\n<ul>\n<li>S\u1eed d\u1ee5ng chi\u1ebft xu\u1ea5t Triclosan trong\u00a0n\u01b0\u1edbc r\u1eeda tay\u00a0Dr.Clean h\u00e0ng ng\u00e0y \u0111\u1ec3 s\u1ea1ch khu\u1ea9n v\u00e0 tr\u00e1nh \u0111\u01b0\u1ee3c c\u00e1c b\u1ec7nh l\u00e2y truy\u1ec1n qua tay.<\/li>\n<\/ul>\n<div>\n<ul>\n<li>Ch\u1ee9a nhi\u1ec1u vitamin C gi\u00fap da tay tr\u1eafng v\u00e0 m\u1ec1m m\u1ea1i, mang l\u1ea1i m\u00f9i th\u01a1m d\u1ec5 ch\u1ecbu, t\u01b0\u01a1i m\u00e1t.<\/li>\n<li>S\u1eed d\u1ee5ng chi\u1ebft xu\u1ea5t Triclosan gi\u00fap ti\u00eau di\u1ec7t vi khu\u1ea9n, ch\u1ed1ng oxi h\u00f3a, b\u1ea3o b\u1ec7 b\u00e0n tay c\u1ee7a b\u1ea1n.<\/li>\n<li>S\u1ea3n ph\u1ea9m Dr.Clean ch\u1ee9a nhi\u1ec1u d\u01b0\u1ee1ng ch\u1ea5t t\u1ed1t cho da tay v\u00e0 \u0111\u1ea3m b\u1ea3o an to\u00e0n s\u1ee9c kh\u1ecfe cho ng\u01b0\u1eddi ti\u00eau d\u00f9ng.<\/li>\n<\/ul>\n<\/div>\n","protected":false},"featured_media":19694,"comment_status":"open","ping_status":"closed","template":"","meta":[],"product_brand":[],"product_cat":[140],"product_tag":[],"class_list":{"0":"post-19693","1":"product","2":"type-product","3":"status-publish","4":"has-post-thumbnail","6":"product_cat-dung-dich-khu-mui","8":"first","9":"instock","10":"shipping-taxable","11":"product-type-simple"},"_links":{"self":[{"href":"https:\/\/legiavanphongpham.com\/index.php\/wp-json\/wp\/v2\/product\/19693","targetHints":{"allow":["GET"]}}],"collection":[{"href":"https:\/\/legiavanphongpham.com\/index.php\/wp-json\/wp\/v2\/product"}],"about":[{"href":"https:\/\/legiavanphongpham.com\/index.php\/wp-json\/wp\/v2\/types\/product"}],"replies":[{"embeddable":true,"href":"https:\/\/legiavanphongpham.com\/index.php\/wp-json\/wp\/v2\/comments?post=19693"}],"wp:featuredmedia":[{"embeddable":true,"href":"https:\/\/legiavanphongpham.com\/index.php\/wp-json\/wp\/v2\/media\/19694"}],"wp:attachment":[{"href":"https:\/\/legiavanphongpham.com\/index.php\/wp-json\/wp\/v2\/media?parent=19693"}],"wp:term":[{"taxonomy":"product_brand","embeddable":true,"href":"https:\/\/legiavanphongpham.com\/index.php\/wp-json\/wp\/v2\/product_brand?post=19693"},{"taxonomy":"product_cat","embeddable":true,"href":"https:\/\/legiavanphongpham.com\/index.php\/wp-json\/wp\/v2\/product_cat?post=19693"},{"taxonomy":"product_tag","embeddable":true,"href":"https:\/\/legiavanphongpham.com\/index.php\/wp-json\/wp\/v2\/product_tag?post=19693"}],"curies":[{"name":"wp","href":"https:\/\/api.w.org\/{rel}","templated":true}]}}