{"id":19697,"date":"2022-10-31T15:20:55","date_gmt":"2022-10-31T08:20:55","guid":{"rendered":"https:\/\/legiavanphongpham.com\/?post_type=product&#038;p=19697"},"modified":"2022-10-31T15:20:56","modified_gmt":"2022-10-31T08:20:56","slug":"nuoc-tay-rua-da-nang-sumo","status":"publish","type":"product","link":"https:\/\/legiavanphongpham.com\/index.php\/product\/nuoc-tay-rua-da-nang-sumo\/","title":{"rendered":"N\u01b0\u1edbc t\u1ea9y r\u1eefa \u0111a n\u0103ng Sumo"},"content":{"rendered":"","protected":false},"excerpt":{"rendered":"<p><strong>S\u1ea3n ph\u1ea9m t\u1ea9y r\u1eeda si\u00eau s\u1ea1ch \u0111a n\u0103ng SUMO cho t\u1ea5t c\u1ea3 c\u00e1c v\u1eadt d\u1ee5ng, \u0111\u01b0\u1ee3c b\u00ecnh ch\u1ecdn l\u00e0 h\u00e0ng VI\u1ec6T NAM ch\u1ea5t l\u01b0\u1ee3ng cao<\/strong><strong>.<\/strong><\/p>\n<p>C\u00f4ng d\u1ee5ng:<br \/>\nCh\u1ea5t t\u1ea9y \u0111a n\u0103ng SUMO \u0111\u01b0\u1ee3c \u0111\u1eb7c ch\u1ebf v\u1edbi c\u00f4ng th\u1ee9c \u0111\u1ed9c \u0111\u00e1o, c\u00f4ng hi\u1ec7u t\u1ea9y b\u1ea9n si\u00eau m\u1ea1nh, kh\u00f4ng \u0111\u1ed9c h\u1ea1i. T\u1ea9y v\u00e0 l\u00e0m m\u1edbi t\u1ea5t c\u1ea3 c\u00e1c v\u1eadt d\u1ee5ng b\u1ecb r\u1ec9 s\u00e9t, d\u01a1, \u1ed1 v\u00e0ng, b\u1ee5i b\u00e1m l\u00e2u n\u0103m tr\u00ean b\u1ec1 m\u1eb7t c\u00e1c v\u1eadt d\u1ee5ng nh\u01b0: Nh\u1ef1a, inox, kim lo\u1ea1i, men s\u1ee9, n\u1ed9i th\u1ea5t trong xe h\u01a1i, m\u00e1y bay, t\u00e0u (kh\u00f4ng s\u1eed d\u1ee5ng tr\u00ean b\u1ec1 m\u1eb7t n\u01b0\u1edbc s\u01a1n), nh\u00e0 h\u00e0ng, kh\u00e1ch s\u1ea1n, nh\u00e0 b\u1ebfp, m\u00e1y vi t\u00ednh, m\u00e1y photocopy, b\u00e0n gh\u1ebf formica, l\u01b0 \u0111\u1ed3ng, v\u00e0ng, kim c\u01b0\u01a1ng, simili, da, b\u1eedng xe, ni\u1ec1n xe, ch\u00e9n, d\u0129a, n\u1ed3i inox, lavabo, g\u1ea1ch men, b\u1ebfp ga v\u00e0 c\u00e1c v\u1eadt li\u1ec7u kh\u00e1c&#8230; k\u1ebft qu\u1ea3 nh\u01b0 \u00fd, \u0111\u1ed3 d\u00f9ng s\u1ea1ch v\u00e0 tr\u1eafng nh\u01b0 m\u1edbi.<\/p>\n<p>H\u01b0\u1edbng d\u1eabn s\u1eed d\u1ee5ng:<br \/>\nCho m\u1ed9t \u00edt dung d\u1ecbch l\u00ean b\u1ec1 m\u1eb7t c\u00e1c v\u1eadt d\u1ee5ng c\u1ea7n l\u00e0m m\u1edbi, s\u1eed d\u1ee5ng kh\u0103n kh\u00f4 \u0111\u1ec3 lau. N\u1ebfu \u0111\u1ed3 d\u00f9ng b\u1ecb d\u01a1, \u1ed1 v\u00e0ng, r\u1ec9 s\u00e9t l\u00e2u ng\u00e0y \u0111\u00e3 \u0103n s\u00e2u kh\u00f3 ch\u00f9i th\u00ec n\u00ean d\u00f9ng mi\u1ebfng ch\u00f9i soong c\u1ecd m\u1ea1nh \u0111\u1ec3 t\u1ea9y s\u1ea1ch. Lau l\u1ea1i b\u1eb1ng kh\u0103n kh\u00f4 ho\u1eb7c kh\u0103n \u01b0\u1edbt, r\u1eeda l\u1ea1i b\u1eb1ng n\u01b0\u1edbc, n\u1ebfu th\u1ea5y c\u1ea7n. \u0110\u1ed1i v\u1edbi \u0111\u1ed3 n\u1eef trang n\u00ean x\u1ecbt dung d\u1ecbch l\u00ean b\u00e0n ch\u1ea3i \u0111\u00e1nh r\u0103ng ch\u00f9i n\u1eef trang sau \u0111\u00f3 r\u1eeda l\u1ea1i b\u1eb1ng n\u01b0\u1edbc.<\/p>\n","protected":false},"featured_media":19698,"comment_status":"open","ping_status":"closed","template":"","meta":[],"product_brand":[],"product_cat":[139],"product_tag":[],"class_list":{"0":"post-19697","1":"product","2":"type-product","3":"status-publish","4":"has-post-thumbnail","6":"product_cat-dung-dich-tay-rua","8":"first","9":"instock","10":"shipping-taxable","11":"product-type-simple"},"_links":{"self":[{"href":"https:\/\/legiavanphongpham.com\/index.php\/wp-json\/wp\/v2\/product\/19697","targetHints":{"allow":["GET"]}}],"collection":[{"href":"https:\/\/legiavanphongpham.com\/index.php\/wp-json\/wp\/v2\/product"}],"about":[{"href":"https:\/\/legiavanphongpham.com\/index.php\/wp-json\/wp\/v2\/types\/product"}],"replies":[{"embeddable":true,"href":"https:\/\/legiavanphongpham.com\/index.php\/wp-json\/wp\/v2\/comments?post=19697"}],"wp:featuredmedia":[{"embeddable":true,"href":"https:\/\/legiavanphongpham.com\/index.php\/wp-json\/wp\/v2\/media\/19698"}],"wp:attachment":[{"href":"https:\/\/legiavanphongpham.com\/index.php\/wp-json\/wp\/v2\/media?parent=19697"}],"wp:term":[{"taxonomy":"product_brand","embeddable":true,"href":"https:\/\/legiavanphongpham.com\/index.php\/wp-json\/wp\/v2\/product_brand?post=19697"},{"taxonomy":"product_cat","embeddable":true,"href":"https:\/\/legiavanphongpham.com\/index.php\/wp-json\/wp\/v2\/product_cat?post=19697"},{"taxonomy":"product_tag","embeddable":true,"href":"https:\/\/legiavanphongpham.com\/index.php\/wp-json\/wp\/v2\/product_tag?post=19697"}],"curies":[{"name":"wp","href":"https:\/\/api.w.org\/{rel}","templated":true}]}}