{"id":19748,"date":"2022-10-31T15:52:01","date_gmt":"2022-10-31T08:52:01","guid":{"rendered":"https:\/\/legiavanphongpham.com\/?post_type=product&#038;p=19748"},"modified":"2022-10-31T15:52:01","modified_gmt":"2022-10-31T08:52:01","slug":"nuoc-lau-san-sunlight-chai-3-6kg","status":"publish","type":"product","link":"https:\/\/legiavanphongpham.com\/index.php\/product\/nuoc-lau-san-sunlight-chai-3-6kg\/","title":{"rendered":"N\u01b0\u1edbc Lau S\u00e0n Sunlight Chai 3.6kg"},"content":{"rendered":"","protected":false},"excerpt":{"rendered":"<p>Th\u01b0\u01a1ng hi\u1ec7u\u00a0 ; Sunlight (Anh v\u00e0 H\u00e0 Lan)<br \/>\nM\u00f9i h\u01b0\u01a1ng\u00a0 ; h\u01b0\u01a1ng hoa thi\u00ean nhi\u00ean<br \/>\nKh\u1ed1i l\u01b0\u1ee3ng\u00a0 ; 3.8kg<br \/>\n\u0110\u00f3ng g\u00f3i\u00a0 ; Can<br \/>\nN\u01a1i s\u1ea3n xu\u1ea5t\u00a0 ; Vi\u1ec7t Nam<\/p>\n","protected":false},"featured_media":19749,"comment_status":"open","ping_status":"closed","template":"","meta":[],"product_brand":[],"product_cat":[139],"product_tag":[],"class_list":{"0":"post-19748","1":"product","2":"type-product","3":"status-publish","4":"has-post-thumbnail","6":"product_cat-dung-dich-tay-rua","8":"first","9":"instock","10":"shipping-taxable","11":"product-type-simple"},"_links":{"self":[{"href":"https:\/\/legiavanphongpham.com\/index.php\/wp-json\/wp\/v2\/product\/19748","targetHints":{"allow":["GET"]}}],"collection":[{"href":"https:\/\/legiavanphongpham.com\/index.php\/wp-json\/wp\/v2\/product"}],"about":[{"href":"https:\/\/legiavanphongpham.com\/index.php\/wp-json\/wp\/v2\/types\/product"}],"replies":[{"embeddable":true,"href":"https:\/\/legiavanphongpham.com\/index.php\/wp-json\/wp\/v2\/comments?post=19748"}],"wp:featuredmedia":[{"embeddable":true,"href":"https:\/\/legiavanphongpham.com\/index.php\/wp-json\/wp\/v2\/media\/19749"}],"wp:attachment":[{"href":"https:\/\/legiavanphongpham.com\/index.php\/wp-json\/wp\/v2\/media?parent=19748"}],"wp:term":[{"taxonomy":"product_brand","embeddable":true,"href":"https:\/\/legiavanphongpham.com\/index.php\/wp-json\/wp\/v2\/product_brand?post=19748"},{"taxonomy":"product_cat","embeddable":true,"href":"https:\/\/legiavanphongpham.com\/index.php\/wp-json\/wp\/v2\/product_cat?post=19748"},{"taxonomy":"product_tag","embeddable":true,"href":"https:\/\/legiavanphongpham.com\/index.php\/wp-json\/wp\/v2\/product_tag?post=19748"}],"curies":[{"name":"wp","href":"https:\/\/api.w.org\/{rel}","templated":true}]}}