{"id":19760,"date":"2022-10-31T16:10:13","date_gmt":"2022-10-31T09:10:13","guid":{"rendered":"https:\/\/legiavanphongpham.com\/?post_type=product&#038;p=19760"},"modified":"2022-10-31T16:10:13","modified_gmt":"2022-10-31T09:10:13","slug":"khan-giay-lau-tay-roto22-2-lop-rt22-2","status":"publish","type":"product","link":"https:\/\/legiavanphongpham.com\/index.php\/product\/khan-giay-lau-tay-roto22-2-lop-rt22-2\/","title":{"rendered":"Kh\u0103n Gi\u1ea5y Lau Tay Roto22-2 l\u1edbp | RT22-2"},"content":{"rendered":"","protected":false},"excerpt":{"rendered":"<ul>\n<li><strong>M\u00e3 s\u1ea3n ph\u1ea9m:\u00a0RT22-2<\/strong><\/li>\n<li><strong>Th\u00e0nh ph\u1ea7n ch\u00ednh:<\/strong>\u00a0b\u1ed9t gi\u1ea5y 100% nguy\u00ean sinh<\/li>\n<li><strong>Size:<\/strong>\u00a0200*216mm.\u00a0<strong>\u0110\u1ecbnh l\u01b0\u1ee3ng:\u00a0<\/strong>22gsm\u00b12<\/li>\n<li><strong>\u0110\u00f3ng g\u00f3i:<\/strong>102t\u1edd\/ g\u00f3i;50 g\u00f3i\/ th\u00f9ng PE<\/li>\n<li><strong>\u0110\u1eb7c t\u00ednh:<\/strong>\u00a0tr\u1eafng, dai, kh\u00f4ng tan trong n\u01b0\u1edbc; hoa v\u0103n ch\u1ea5m bi m\u1ecbn, th\u1ea5m h\u00fat 2 chi\u1ec1u.<\/li>\n<li><strong>H\u00e0ng h\u00f3a:\u00a0<\/strong>\u0111\u01b0\u1ee3c cung c\u1ea5p tr\u1ef1c ti\u1ebfp t\u1eeb nh\u00e0 s\u1ea3n xu\u1ea5t t\u1edbi kh\u00e1ch h\u00e0ng<\/li>\n<li>C\u1ea7n xem m\u1eabu tr\u01b0\u1edbc khi \u0111\u1eb7t h\u00e0ng, ch\u00fang t\u00f4i lu\u00f4n s\u1eb5n s\u00e0ng.<\/li>\n<li>Kh\u00f4ng h\u00e0i l\u00f2ng v\u1ec1 s\u1ea3n ph\u1ea9m th\u00ec c\u00f3 th\u1ec3 \u0111\u1ed5i ho\u1eb7c tr\u1ea3 l\u1ea1i cho ch\u00fang t\u00f4i<\/li>\n<\/ul>\n","protected":false},"featured_media":19761,"comment_status":"open","ping_status":"closed","template":"","meta":[],"product_brand":[],"product_cat":[137],"product_tag":[],"class_list":{"0":"post-19760","1":"product","2":"type-product","3":"status-publish","4":"has-post-thumbnail","6":"product_cat-giay-ve-sinh","8":"first","9":"instock","10":"shipping-taxable","11":"product-type-simple"},"_links":{"self":[{"href":"https:\/\/legiavanphongpham.com\/index.php\/wp-json\/wp\/v2\/product\/19760","targetHints":{"allow":["GET"]}}],"collection":[{"href":"https:\/\/legiavanphongpham.com\/index.php\/wp-json\/wp\/v2\/product"}],"about":[{"href":"https:\/\/legiavanphongpham.com\/index.php\/wp-json\/wp\/v2\/types\/product"}],"replies":[{"embeddable":true,"href":"https:\/\/legiavanphongpham.com\/index.php\/wp-json\/wp\/v2\/comments?post=19760"}],"wp:featuredmedia":[{"embeddable":true,"href":"https:\/\/legiavanphongpham.com\/index.php\/wp-json\/wp\/v2\/media\/19761"}],"wp:attachment":[{"href":"https:\/\/legiavanphongpham.com\/index.php\/wp-json\/wp\/v2\/media?parent=19760"}],"wp:term":[{"taxonomy":"product_brand","embeddable":true,"href":"https:\/\/legiavanphongpham.com\/index.php\/wp-json\/wp\/v2\/product_brand?post=19760"},{"taxonomy":"product_cat","embeddable":true,"href":"https:\/\/legiavanphongpham.com\/index.php\/wp-json\/wp\/v2\/product_cat?post=19760"},{"taxonomy":"product_tag","embeddable":true,"href":"https:\/\/legiavanphongpham.com\/index.php\/wp-json\/wp\/v2\/product_tag?post=19760"}],"curies":[{"name":"wp","href":"https:\/\/api.w.org\/{rel}","templated":true}]}}