{"id":19784,"date":"2022-11-01T16:46:32","date_gmt":"2022-11-01T09:46:32","guid":{"rendered":"https:\/\/legiavanphongpham.com\/?post_type=product&#038;p=19784"},"modified":"2022-11-01T16:46:32","modified_gmt":"2022-11-01T09:46:32","slug":"dien-thoai-ban-panasonic-kx-ts500","status":"publish","type":"product","link":"https:\/\/legiavanphongpham.com\/index.php\/product\/dien-thoai-ban-panasonic-kx-ts500\/","title":{"rendered":"\u0110i\u1ec7n tho\u1ea1i b\u00e0n Panasonic KX-TS500"},"content":{"rendered":"","protected":false},"excerpt":{"rendered":"<h2>\u0110\u1eb7c \u0111i\u1ec3m n\u1ed5i b\u1eadt<\/h2>\n<ul>\n<li class=\"short-descr-col-1\">Ch\u1ee9c n\u0103ng g\u1ecdi l\u1ea1i s\u1ed1 g\u1ea7n nh\u1ea5t \u0111\u01a1n gi\u1ea3n ch\u1ec9 v\u1edbi 1 n\u00fat b\u1ea5m<\/li>\n<li class=\"short-descr-col-1\">C\u00f3 th\u1ec3 treo t\u01b0\u1eddng hay \u0111\u1ec3 b\u00e0n th\u00edch h\u1ee3p m\u1ecdi kh\u00f4ng gian<\/li>\n<li class=\"short-descr-col-1\">Thi\u1ebft k\u1ebf c\u00f3 d\u00e2y, \u0111\u01b0\u1eddng truy\u1ec1n \u1ed5n \u0111\u1ecbnh gi\u1eefa c\u00e1c cu\u1ed9c g\u1ecdi<\/li>\n<li class=\"short-descr-col-1\">3 m\u1ee9c \u0111i\u1ec1u ch\u1ec9nh \u00e2m l\u01b0\u1ee3ng t\u00f9y ch\u1ec9nh ph\u00f9 h\u1ee3p<\/li>\n<\/ul>\n","protected":false},"featured_media":19785,"comment_status":"open","ping_status":"closed","template":"","meta":[],"product_brand":[],"product_cat":[285],"product_tag":[],"class_list":{"0":"post-19784","1":"product","2":"type-product","3":"status-publish","4":"has-post-thumbnail","6":"product_cat-dien-thoai-ban","8":"first","9":"instock","10":"shipping-taxable","11":"product-type-simple"},"_links":{"self":[{"href":"https:\/\/legiavanphongpham.com\/index.php\/wp-json\/wp\/v2\/product\/19784","targetHints":{"allow":["GET"]}}],"collection":[{"href":"https:\/\/legiavanphongpham.com\/index.php\/wp-json\/wp\/v2\/product"}],"about":[{"href":"https:\/\/legiavanphongpham.com\/index.php\/wp-json\/wp\/v2\/types\/product"}],"replies":[{"embeddable":true,"href":"https:\/\/legiavanphongpham.com\/index.php\/wp-json\/wp\/v2\/comments?post=19784"}],"wp:featuredmedia":[{"embeddable":true,"href":"https:\/\/legiavanphongpham.com\/index.php\/wp-json\/wp\/v2\/media\/19785"}],"wp:attachment":[{"href":"https:\/\/legiavanphongpham.com\/index.php\/wp-json\/wp\/v2\/media?parent=19784"}],"wp:term":[{"taxonomy":"product_brand","embeddable":true,"href":"https:\/\/legiavanphongpham.com\/index.php\/wp-json\/wp\/v2\/product_brand?post=19784"},{"taxonomy":"product_cat","embeddable":true,"href":"https:\/\/legiavanphongpham.com\/index.php\/wp-json\/wp\/v2\/product_cat?post=19784"},{"taxonomy":"product_tag","embeddable":true,"href":"https:\/\/legiavanphongpham.com\/index.php\/wp-json\/wp\/v2\/product_tag?post=19784"}],"curies":[{"name":"wp","href":"https:\/\/api.w.org\/{rel}","templated":true}]}}