{"id":19786,"date":"2022-11-01T16:48:02","date_gmt":"2022-11-01T09:48:02","guid":{"rendered":"https:\/\/legiavanphongpham.com\/?post_type=product&#038;p=19786"},"modified":"2022-11-01T16:48:02","modified_gmt":"2022-11-01T09:48:02","slug":"dien-thoai-khong-day-panasonic-kx-tgf310cx","status":"publish","type":"product","link":"https:\/\/legiavanphongpham.com\/index.php\/product\/dien-thoai-khong-day-panasonic-kx-tgf310cx\/","title":{"rendered":"\u0110i\u1ec7n tho\u1ea1i kh\u00f4ng d\u00e2y Panasonic KX-TGF310CX"},"content":{"rendered":"","protected":false},"excerpt":{"rendered":"<p style=\"font-weight: 400\">&#8211;\u00a0\u00a0\u00a0\u00a0\u00a0\u00a0\u00a0M\u00e0n h\u00ecnh LCD 1.8\u201d hi\u1ec3n th\u1ecb r\u00f5 n\u00e9t.<\/p>\n<p style=\"font-weight: 400\">&#8211;\u00a0\u00a0\u00a0\u00a0\u00a0\u00a0\u00a0Danh b\u1ea1 l\u01b0u 100 t\u00ean v\u00e0 s\u1ed1.<\/p>\n<p style=\"font-weight: 400\">&#8211;\u00a0\u00a0\u00a0\u00a0\u00a0\u00a0\u00a0L\u01b0u 50 s\u1ed1 g\u1ecdi \u0111\u1ebfn\u00a0(C\u1ea7n \u0111\u0103ng k\u00fd d\u1ecbch v\u1ee5 hi\u1ec3n th\u1ecb s\u1ed1 g\u1ecdi \u0111\u1ebfn).<\/p>\n<p style=\"font-weight: 400\">&#8211;\u00a0\u00a0\u00a0\u00a0\u00a0\u00a0\u00a0Nh\u1edb 10 s\u1ed1 g\u1ecdi \u0111i.<\/p>\n<p style=\"font-weight: 400\">&#8211;\u00a0\u00a0\u00a0\u00a0\u00a0\u00a0\u00a0Chia s\u1ebb danh b\u1ea1 gi\u1eefa\u00a0 m\u00e1y m\u1eb9 v\u00e0 tay con.<\/p>\n<p style=\"font-weight: 400\">&#8211;\u00a0\u00a0\u00a0\u00a0\u00a0\u00a0\u00a09 ph\u00edm g\u1ecdi nhanh.<\/p>\n<p style=\"font-weight: 400\">&#8211;\u00a0\u00a0\u00a0\u00a0\u00a0\u00a0\u00a0Loa ngo\u00e0i hai chi\u1ec1u tr\u00ean tay con.<\/p>\n<p style=\"font-weight: 400\">&#8211;\u00a0\u00a0\u00a0\u00a0\u00a0\u00a0\u00a0Ch\u1ebf \u0111\u1ed9 qu\u1ea3n l\u00fd tr\u1ebb nh\u1ecf.<\/p>\n<p style=\"font-weight: 400\">&#8211;\u00a0\u00a0\u00a0\u00a0\u00a0\u00a0\u00a0Kh\u1ea3 n\u0103ng k\u1ebft n\u1ed1i v\u1edbi 4 thi\u1ebft b\u1ecb t\u00ecm ki\u1ebfm KX-TGA20 (TGA20 l\u00e0 thi\u1ebft b\u1ecb k\u1ebft n\u1ed1i th\u00eam, kh\u00f4ng k\u00e8m theo m\u00e1y).<\/p>\n<p style=\"font-weight: 400\">&#8211;\u00a0\u00a0\u00a0\u00a0\u00a0\u00a0\u00a0Kh\u1ea3 n\u0103ng k\u1ebft n\u1ed1i v\u1edbi Repeater \u0111\u1ec3 m\u1edf r\u1ed9ng ph\u1ea1m vi ph\u00e1t s\u00f3ng.<\/p>\n<p style=\"font-weight: 400\">&#8211;\u00a0\u00a0\u00a0\u00a0\u00a0\u00a0\u00a0M\u1ea5t \u0111i\u1ec7n d\u00f9ng \u0111\u01b0\u1ee3c.<\/p>\n<p style=\"font-weight: 400\">&#8211;\u00a0\u00a0\u00a0\u00a0\u00a0\u00a0\u00a0B\u1ea3o m\u1eadt cu\u1ed9c g\u1ecdi.<\/p>\n<p style=\"font-weight: 400\">&#8211;\u00a0\u00a0\u00a0\u00a0\u00a0\u00a0\u00a0Ch\u1ebf \u0111\u1ed9 kh\u00f3a m\u00e1y, ch\u1ed1ng l\u00e0m phi\u1ec1n.<\/p>\n<p style=\"font-weight: 400\">&#8211;\u00a0\u00a0\u00a0\u00a0\u00a0\u00a0\u00a0Ch\u1eb7n cu\u1ed9c g\u1ecdi t\u1eeb nh\u1eefng s\u1ed1 \u0111i\u1ec7n tho\u1ea1i kh\u00f4ng mong mu\u1ed1n.<\/p>\n","protected":false},"featured_media":19787,"comment_status":"open","ping_status":"closed","template":"","meta":[],"product_brand":[],"product_cat":[285],"product_tag":[],"class_list":{"0":"post-19786","1":"product","2":"type-product","3":"status-publish","4":"has-post-thumbnail","6":"product_cat-dien-thoai-ban","8":"first","9":"instock","10":"shipping-taxable","11":"product-type-simple"},"_links":{"self":[{"href":"https:\/\/legiavanphongpham.com\/index.php\/wp-json\/wp\/v2\/product\/19786","targetHints":{"allow":["GET"]}}],"collection":[{"href":"https:\/\/legiavanphongpham.com\/index.php\/wp-json\/wp\/v2\/product"}],"about":[{"href":"https:\/\/legiavanphongpham.com\/index.php\/wp-json\/wp\/v2\/types\/product"}],"replies":[{"embeddable":true,"href":"https:\/\/legiavanphongpham.com\/index.php\/wp-json\/wp\/v2\/comments?post=19786"}],"wp:featuredmedia":[{"embeddable":true,"href":"https:\/\/legiavanphongpham.com\/index.php\/wp-json\/wp\/v2\/media\/19787"}],"wp:attachment":[{"href":"https:\/\/legiavanphongpham.com\/index.php\/wp-json\/wp\/v2\/media?parent=19786"}],"wp:term":[{"taxonomy":"product_brand","embeddable":true,"href":"https:\/\/legiavanphongpham.com\/index.php\/wp-json\/wp\/v2\/product_brand?post=19786"},{"taxonomy":"product_cat","embeddable":true,"href":"https:\/\/legiavanphongpham.com\/index.php\/wp-json\/wp\/v2\/product_cat?post=19786"},{"taxonomy":"product_tag","embeddable":true,"href":"https:\/\/legiavanphongpham.com\/index.php\/wp-json\/wp\/v2\/product_tag?post=19786"}],"curies":[{"name":"wp","href":"https:\/\/api.w.org\/{rel}","templated":true}]}}